{"id":60752,"date":"2026-04-03T01:15:21","date_gmt":"2026-04-02T22:15:21","guid":{"rendered":"http:\/\/new.ceasuri.md\/shop\/uncategorized\/fossil-harlow-es5426\/"},"modified":"2026-04-07T05:08:27","modified_gmt":"2026-04-07T02:08:27","slug":"fossil-harlow-es5426","status":"publish","type":"product","link":"https:\/\/ceasuri.md\/ru\/shop\/branduri\/fossil\/fossil-harlow-es5426\/","title":{"rendered":"Ceas FOSSIL HARLOW ES5426"},"content":{"rendered":"<p>Carcasa octogonal\u0103 de culoare aurie \u0219i cadranul texturat de culoare crem creeaz\u0103 un contrast rafinat, accentuat de curea din piele maro cu imprimeu crocodil.<\/p>\n<p>Designul bine g\u00e2ndit al acestui ceas combin\u0103 geometria unic\u0103 \u0219i materialele calde, cre\u00e2nd un aspect discret.<\/p>\n<p>Carcasa din o\u021bel inoxidabil asigur\u0103 rezisten\u021b\u0103 \u0219i durabilitate, iar cureaua din piele este pl\u0103cut\u0103 la atingere.<\/p>","protected":false},"excerpt":{"rendered":"<p>Carcasa octogonal\u0103 de culoare aurie \u0219i cadranul texturat de culoare crem creeaz\u0103 un contrast rafinat, accentuat de curea din piele maro cu imprimeu crocodil. Designul bine g\u00e2ndit al acestui ceas combin\u0103 geometria unic\u0103 \u0219i materialele calde, cre\u00e2nd un aspect discret. Carcasa din o\u021bel inoxidabil asigur\u0103 rezisten\u021b\u0103 \u0219i durabilitate, iar cureaua din piele este pl\u0103cut\u0103 la [&hellip;]<\/p>\n","protected":false},"featured_media":60753,"comment_status":"closed","ping_status":"open","template":"","meta":{"_acf_changed":false},"product_brand":[],"product_cat":[25,396],"product_tag":[],"class_list":{"0":"post-60752","1":"product","2":"type-product","3":"status-publish","4":"has-post-thumbnail","6":"product_cat-ceasuri-dama","7":"product_cat-fossil","8":"pa_brand-fossil","9":"pa_braslet-piele","10":"pa_corpus-27-mm","11":"pa_forma-octogonala","12":"pa_garatia-24-luni","13":"pa_korpus-auriu","14":"pa_material-otel-inoxidabil","15":"pa_mehanizm-quartz","16":"pa_remeshok-maro","17":"pa_steklo-cristal-mineral","18":"pa_strana-sua","19":"pa_voda-3-atm","21":"first","22":"instock","23":"purchasable","24":"product-type-simple"},"acf":[],"_links":{"self":[{"href":"https:\/\/ceasuri.md\/ru\/wp-json\/wp\/v2\/product\/60752","targetHints":{"allow":["GET"]}}],"collection":[{"href":"https:\/\/ceasuri.md\/ru\/wp-json\/wp\/v2\/product"}],"about":[{"href":"https:\/\/ceasuri.md\/ru\/wp-json\/wp\/v2\/types\/product"}],"replies":[{"embeddable":true,"href":"https:\/\/ceasuri.md\/ru\/wp-json\/wp\/v2\/comments?post=60752"}],"wp:featuredmedia":[{"embeddable":true,"href":"https:\/\/ceasuri.md\/ru\/wp-json\/wp\/v2\/media\/60753"}],"wp:attachment":[{"href":"https:\/\/ceasuri.md\/ru\/wp-json\/wp\/v2\/media?parent=60752"}],"wp:term":[{"taxonomy":"product_brand","embeddable":true,"href":"https:\/\/ceasuri.md\/ru\/wp-json\/wp\/v2\/product_brand?post=60752"},{"taxonomy":"product_cat","embeddable":true,"href":"https:\/\/ceasuri.md\/ru\/wp-json\/wp\/v2\/product_cat?post=60752"},{"taxonomy":"product_tag","embeddable":true,"href":"https:\/\/ceasuri.md\/ru\/wp-json\/wp\/v2\/product_tag?post=60752"}],"curies":[{"name":"wp","href":"https:\/\/api.w.org\/{rel}","templated":true}]}}