{"id":60746,"date":"2026-04-03T01:15:21","date_gmt":"2026-04-02T22:15:21","guid":{"rendered":"http:\/\/new.ceasuri.md\/shop\/uncategorized\/fossil-harlow-es5427\/"},"modified":"2026-04-20T01:53:47","modified_gmt":"2026-04-19T22:53:47","slug":"fossil-harlow-es5427","status":"publish","type":"product","link":"https:\/\/ceasuri.md\/ru\/shop\/branduri\/fossil\/fossil-harlow-es5427\/","title":{"rendered":"Ceas FOSSIL HARLOW ES5427"},"content":{"rendered":"<p>Carcasa octogonal\u0103 de culoare aurie \u00eencadreaz\u0103 cadranul crem texturat, cre\u00e2nd silueta caracteristic\u0103 a acestui ceas mic.<\/p>\n<p>Cureaua din piele verde cu model crocodil adaug\u0103 profunzime \u0219i individualitate, complet\u00e2nd tonurile calde ale carcasei.<\/p>\n<p>Fabricat din o\u021bel inoxidabil \u0219i piele, acest ceas combin\u0103 un design bine g\u00e2ndit \u0219i o calitate superioar\u0103 a execu\u021biei.<\/p>","protected":false},"excerpt":{"rendered":"<p>Carcasa octogonal\u0103 de culoare aurie \u00eencadreaz\u0103 cadranul crem texturat, cre\u00e2nd silueta caracteristic\u0103 a acestui ceas mic. Cureaua din piele verde cu model crocodil adaug\u0103 profunzime \u0219i individualitate, complet\u00e2nd tonurile calde ale carcasei. Fabricat din o\u021bel inoxidabil \u0219i piele, acest ceas combin\u0103 un design bine g\u00e2ndit \u0219i o calitate superioar\u0103 a execu\u021biei.<\/p>","protected":false},"featured_media":60747,"comment_status":"closed","ping_status":"open","template":"","meta":{"_acf_changed":false},"product_brand":[],"product_cat":[25,396],"product_tag":[],"class_list":{"0":"post-60746","1":"product","2":"type-product","3":"status-publish","4":"has-post-thumbnail","6":"product_cat-ceasuri-dama","7":"product_cat-fossil","8":"pa_brand-fossil","9":"pa_braslet-piele","10":"pa_corpus-27-mm","11":"pa_forma-octogonala","12":"pa_garatia-24-luni","13":"pa_korpus-auriu","14":"pa_kvarc-quartz","15":"pa_material-otel-inoxidabil","16":"pa_mehanizm-quartz","17":"pa_remeshok-verde","18":"pa_steklo-cristal-mineral","19":"pa_strana-sua","20":"pa_voda-3-atm","22":"first","23":"instock","24":"purchasable","25":"product-type-simple"},"acf":[],"_links":{"self":[{"href":"https:\/\/ceasuri.md\/ru\/wp-json\/wp\/v2\/product\/60746","targetHints":{"allow":["GET"]}}],"collection":[{"href":"https:\/\/ceasuri.md\/ru\/wp-json\/wp\/v2\/product"}],"about":[{"href":"https:\/\/ceasuri.md\/ru\/wp-json\/wp\/v2\/types\/product"}],"replies":[{"embeddable":true,"href":"https:\/\/ceasuri.md\/ru\/wp-json\/wp\/v2\/comments?post=60746"}],"wp:featuredmedia":[{"embeddable":true,"href":"https:\/\/ceasuri.md\/ru\/wp-json\/wp\/v2\/media\/60747"}],"wp:attachment":[{"href":"https:\/\/ceasuri.md\/ru\/wp-json\/wp\/v2\/media?parent=60746"}],"wp:term":[{"taxonomy":"product_brand","embeddable":true,"href":"https:\/\/ceasuri.md\/ru\/wp-json\/wp\/v2\/product_brand?post=60746"},{"taxonomy":"product_cat","embeddable":true,"href":"https:\/\/ceasuri.md\/ru\/wp-json\/wp\/v2\/product_cat?post=60746"},{"taxonomy":"product_tag","embeddable":true,"href":"https:\/\/ceasuri.md\/ru\/wp-json\/wp\/v2\/product_tag?post=60746"}],"curies":[{"name":"wp","href":"https:\/\/api.w.org\/{rel}","templated":true}]}}