{"id":60740,"date":"2026-04-03T01:15:21","date_gmt":"2026-04-02T22:15:21","guid":{"rendered":"http:\/\/new.ceasuri.md\/shop\/uncategorized\/fossil-harlow-es5428\/"},"modified":"2026-04-16T21:35:31","modified_gmt":"2026-04-16T18:35:31","slug":"fossil-harlow-es5428","status":"publish","type":"product","link":"https:\/\/ceasuri.md\/ru\/shop\/branduri\/fossil\/fossil-harlow-es5428\/","title":{"rendered":"Ceas FOSSIL ES5428 Harlow"},"content":{"rendered":"<p>Carcasa octogonal\u0103 de culoare roz auriu confer\u0103 acestui ceas mic o form\u0103 unic\u0103, iar cadranul crem texturat \u00eei adaug\u0103 profunzime.<\/p>\n<p>Cureaua violet\u0103 din piele cu imprimeu crocodil contrasteaz\u0103 perfect cu finisajul cald al metalului, cre\u00e2nd un joc rafinat de culori \u0219i texturi.<\/p>\n<p>Acest ceas, realizat \u00eentr-o carcas\u0103 din o\u021bel inoxidabil cu curea din piele, se remarc\u0103 prin designul bine g\u00e2ndit \u0219i aten\u021bia la detaliile materialelor.<\/p>","protected":false},"excerpt":{"rendered":"<p>Carcasa octogonal\u0103 de culoare roz auriu confer\u0103 acestui ceas mic o form\u0103 unic\u0103, iar cadranul crem texturat \u00eei adaug\u0103 profunzime. Cureaua violet\u0103 din piele cu imprimeu crocodil contrasteaz\u0103 perfect cu finisajul cald al metalului, cre\u00e2nd un joc rafinat de culori \u0219i texturi. Acest ceas, realizat \u00eentr-o carcas\u0103 din o\u021bel inoxidabil cu curea din piele, se [&hellip;]<\/p>\n","protected":false},"featured_media":60741,"comment_status":"closed","ping_status":"open","template":"","meta":{"_acf_changed":false},"product_brand":[],"product_cat":[25,396],"product_tag":[],"class_list":{"0":"post-60740","1":"product","2":"type-product","3":"status-publish","4":"has-post-thumbnail","6":"product_cat-ceasuri-dama","7":"product_cat-fossil","8":"pa_brand-fossil","9":"pa_braslet-piele","10":"pa_corpus-27-mm","11":"pa_forma-octogonala","12":"pa_garatia-24-luni","13":"pa_korpus-roz-gold","14":"pa_kvarc-quartz","15":"pa_material-otel-inoxidabil","16":"pa_mehanizm-quartz","17":"pa_remeshok-violet","18":"pa_steklo-cristal-mineral","19":"pa_strana-sua","20":"pa_voda-3-atm","22":"first","23":"instock","24":"purchasable","25":"product-type-simple"},"acf":[],"_links":{"self":[{"href":"https:\/\/ceasuri.md\/ru\/wp-json\/wp\/v2\/product\/60740","targetHints":{"allow":["GET"]}}],"collection":[{"href":"https:\/\/ceasuri.md\/ru\/wp-json\/wp\/v2\/product"}],"about":[{"href":"https:\/\/ceasuri.md\/ru\/wp-json\/wp\/v2\/types\/product"}],"replies":[{"embeddable":true,"href":"https:\/\/ceasuri.md\/ru\/wp-json\/wp\/v2\/comments?post=60740"}],"wp:featuredmedia":[{"embeddable":true,"href":"https:\/\/ceasuri.md\/ru\/wp-json\/wp\/v2\/media\/60741"}],"wp:attachment":[{"href":"https:\/\/ceasuri.md\/ru\/wp-json\/wp\/v2\/media?parent=60740"}],"wp:term":[{"taxonomy":"product_brand","embeddable":true,"href":"https:\/\/ceasuri.md\/ru\/wp-json\/wp\/v2\/product_brand?post=60740"},{"taxonomy":"product_cat","embeddable":true,"href":"https:\/\/ceasuri.md\/ru\/wp-json\/wp\/v2\/product_cat?post=60740"},{"taxonomy":"product_tag","embeddable":true,"href":"https:\/\/ceasuri.md\/ru\/wp-json\/wp\/v2\/product_tag?post=60740"}],"curies":[{"name":"wp","href":"https:\/\/api.w.org\/{rel}","templated":true}]}}