{"id":60733,"date":"2026-04-03T01:15:21","date_gmt":"2026-04-02T22:15:21","guid":{"rendered":"http:\/\/new.ceasuri.md\/shop\/uncategorized\/fossil-raquel-watch-ring-es5432\/"},"modified":"2026-04-20T01:53:48","modified_gmt":"2026-04-19T22:53:48","slug":"fossil-raquel-watch-ring-es5432","status":"publish","type":"product","link":"https:\/\/ceasuri.md\/ru\/shop\/accesorii\/accesorii-dama\/inele\/fossil-raquel-watch-ring-es5432\/","title":{"rendered":"\u0427\u0430\u0441\u044b FOSSIL RAQUEL WATCH RING ES5432"},"content":{"rendered":"<p>FOSSIL RAQUEL WATCH RING \u2014 un accesoriu elegant \u0219i original, care combin\u0103 rafinamentul unei bijuterii cu func\u021bionalitatea unui ceas miniatural. Acest model este creat pentru cei care apreciaz\u0103 designul neobi\u0219nuit \u0219i doresc s\u0103 se remarce prin detalii.<\/p>\n<p>Carcasa aurie a ceasului, combinat\u0103 cu un inel potrivit pentru dou\u0103 degete, cu piatr\u0103 turcoaz, fac acest model special \u00een gama de ceasuri-inele.<\/p>\n<p>Carcasa are o form\u0103 elegant\u0103 dreptunghiular\u0103, care confer\u0103 accesoriului un caracter vintage, iar br\u0103\u021bara metalic\u0103 rafinat\u0103 se fixeaz\u0103 confortabil pe deget, f\u0103r\u0103 a provoca disconfort.<\/p>","protected":false},"excerpt":{"rendered":"<p>FOSSIL RAQUEL WATCH RING \u2014 un accesoriu elegant \u0219i original, care combin\u0103 rafinamentul unei bijuterii cu func\u021bionalitatea unui ceas miniatural. Acest model este creat pentru cei care apreciaz\u0103 designul neobi\u0219nuit \u0219i doresc s\u0103 se remarce prin detalii. Carcasa aurie a ceasului, combinat\u0103 cu un inel potrivit pentru dou\u0103 degete, cu piatr\u0103 turcoaz, fac acest model [&hellip;]<\/p>\n","protected":false},"featured_media":60734,"comment_status":"closed","ping_status":"open","template":"","meta":{"_acf_changed":false},"product_brand":[],"product_cat":[25,396,586],"product_tag":[],"class_list":{"0":"post-60733","1":"product","2":"type-product","3":"status-publish","4":"has-post-thumbnail","6":"product_cat-ceasuri-dama","7":"product_cat-fossil","8":"product_cat-inele","9":"pa_brand-fossil","10":"pa_braslet-otel-inoxidabil","11":"pa_corpus-22-mm","12":"pa_decor-turcoaz","13":"pa_forma-dreptunghiular","14":"pa_garatia-24-luni","15":"pa_korpus-auriu","16":"pa_kvarc-quartz","17":"pa_material-otel-inoxidabil","18":"pa_mehanizm-quartz","19":"pa_remeshok-auriu","20":"pa_steklo-cristal-mineral","21":"pa_strana-sua","22":"pa_voda-5-atm","24":"first","25":"instock","26":"purchasable","27":"product-type-simple"},"acf":[],"_links":{"self":[{"href":"https:\/\/ceasuri.md\/ru\/wp-json\/wp\/v2\/product\/60733","targetHints":{"allow":["GET"]}}],"collection":[{"href":"https:\/\/ceasuri.md\/ru\/wp-json\/wp\/v2\/product"}],"about":[{"href":"https:\/\/ceasuri.md\/ru\/wp-json\/wp\/v2\/types\/product"}],"replies":[{"embeddable":true,"href":"https:\/\/ceasuri.md\/ru\/wp-json\/wp\/v2\/comments?post=60733"}],"wp:featuredmedia":[{"embeddable":true,"href":"https:\/\/ceasuri.md\/ru\/wp-json\/wp\/v2\/media\/60734"}],"wp:attachment":[{"href":"https:\/\/ceasuri.md\/ru\/wp-json\/wp\/v2\/media?parent=60733"}],"wp:term":[{"taxonomy":"product_brand","embeddable":true,"href":"https:\/\/ceasuri.md\/ru\/wp-json\/wp\/v2\/product_brand?post=60733"},{"taxonomy":"product_cat","embeddable":true,"href":"https:\/\/ceasuri.md\/ru\/wp-json\/wp\/v2\/product_cat?post=60733"},{"taxonomy":"product_tag","embeddable":true,"href":"https:\/\/ceasuri.md\/ru\/wp-json\/wp\/v2\/product_tag?post=60733"}],"curies":[{"name":"wp","href":"https:\/\/api.w.org\/{rel}","templated":true}]}}