{"id":60728,"date":"2026-04-03T01:15:21","date_gmt":"2026-04-02T22:15:21","guid":{"rendered":"http:\/\/new.ceasuri.md\/shop\/uncategorized\/fossil-harlow-es5433\/"},"modified":"2026-04-16T21:35:31","modified_gmt":"2026-04-16T18:35:31","slug":"fossil-harlow-es5433","status":"publish","type":"product","link":"https:\/\/ceasuri.md\/ru\/shop\/branduri\/fossil\/fossil-harlow-es5433\/","title":{"rendered":"Ceas FOSSIL ES5433 Harlow"},"content":{"rendered":"<p>Un accesoriu elegant, creat pentru cei care apreciaz\u0103 elegan\u021ba \u0219i designul modern.<\/p>\n<p>Modelul atrage aten\u021bia prin liniile sale rafinate \u0219i combina\u021bia armonioas\u0103 de nuan\u021be, datorit\u0103 c\u0103rora se potrive\u0219te at\u00e2t cu \u021binutele de zi cu zi, c\u00e2t \u0219i cu cele mai elegante.<\/p>\n<p>Carcasa \u0219i br\u0103\u021bara sunt realizate din o\u021bel inoxidabil rezistent, \u00eentr-o culoare aurie nobil\u0103, care confer\u0103 ceasului un str\u0103lucire rafinat\u0103 \u0219i discret\u0103.<\/p>\n<p>Cadranul negru are un design minimalist: cifrele romane \u0219i acul sub\u021bire asigur\u0103 o lizibilitate excelent\u0103 \u0219i subliniaz\u0103 concisitatea designului.<\/p>\n<p>Sticla mineral\u0103 protejeaz\u0103 suprafa\u021ba de mici deterior\u0103ri, p\u0103str\u00e2nd aspectul impecabil.<\/p>","protected":false},"excerpt":{"rendered":"<p>Un accesoriu elegant, creat pentru cei care apreciaz\u0103 elegan\u021ba \u0219i designul modern. Modelul atrage aten\u021bia prin liniile sale rafinate \u0219i combina\u021bia armonioas\u0103 de nuan\u021be, datorit\u0103 c\u0103rora se potrive\u0219te at\u00e2t cu \u021binutele de zi cu zi, c\u00e2t \u0219i cu cele mai elegante. Carcasa \u0219i br\u0103\u021bara sunt realizate din o\u021bel inoxidabil rezistent, \u00eentr-o culoare aurie nobil\u0103, care [&hellip;]<\/p>\n","protected":false},"featured_media":60729,"comment_status":"closed","ping_status":"open","template":"","meta":{"_acf_changed":false},"product_brand":[],"product_cat":[25,396],"product_tag":[],"class_list":{"0":"post-60728","1":"product","2":"type-product","3":"status-publish","4":"has-post-thumbnail","6":"product_cat-ceasuri-dama","7":"product_cat-fossil","8":"pa_brand-fossil","9":"pa_braslet-otel-inoxidabil","10":"pa_corpus-27-mm","11":"pa_forma-octogonala","12":"pa_garatia-24-luni","13":"pa_korpus-auriu","14":"pa_kvarc-quartz","15":"pa_material-otel-inoxidabil","16":"pa_mehanizm-quartz","17":"pa_remeshok-auriu","18":"pa_steklo-cristal-mineral","19":"pa_strana-sua","20":"pa_voda-3-atm","22":"first","23":"instock","24":"purchasable","25":"product-type-simple"},"acf":[],"_links":{"self":[{"href":"https:\/\/ceasuri.md\/ru\/wp-json\/wp\/v2\/product\/60728","targetHints":{"allow":["GET"]}}],"collection":[{"href":"https:\/\/ceasuri.md\/ru\/wp-json\/wp\/v2\/product"}],"about":[{"href":"https:\/\/ceasuri.md\/ru\/wp-json\/wp\/v2\/types\/product"}],"replies":[{"embeddable":true,"href":"https:\/\/ceasuri.md\/ru\/wp-json\/wp\/v2\/comments?post=60728"}],"wp:featuredmedia":[{"embeddable":true,"href":"https:\/\/ceasuri.md\/ru\/wp-json\/wp\/v2\/media\/60729"}],"wp:attachment":[{"href":"https:\/\/ceasuri.md\/ru\/wp-json\/wp\/v2\/media?parent=60728"}],"wp:term":[{"taxonomy":"product_brand","embeddable":true,"href":"https:\/\/ceasuri.md\/ru\/wp-json\/wp\/v2\/product_brand?post=60728"},{"taxonomy":"product_cat","embeddable":true,"href":"https:\/\/ceasuri.md\/ru\/wp-json\/wp\/v2\/product_cat?post=60728"},{"taxonomy":"product_tag","embeddable":true,"href":"https:\/\/ceasuri.md\/ru\/wp-json\/wp\/v2\/product_tag?post=60728"}],"curies":[{"name":"wp","href":"https:\/\/api.w.org\/{rel}","templated":true}]}}