{"id":60716,"date":"2025-10-09T15:13:25","date_gmt":"2025-10-09T12:13:25","guid":{"rendered":"http:\/\/new.ceasuri.md\/shop\/uncategorized\/fossil-harlow-es5435\/"},"modified":"2026-05-01T19:41:00","modified_gmt":"2026-05-01T16:41:00","slug":"fossil-harlow-es5435","status":"publish","type":"product","link":"https:\/\/ceasuri.md\/ru\/shop\/branduri\/fossil\/fossil-harlow-es5435\/","title":{"rendered":"\u0427\u0430\u0441\u044b FOSSIL HARLOW ES5435"},"content":{"rendered":"<p>Carcas\u0103 octogonal\u0103 de culoare aur roz confer\u0103 acestui ceas o form\u0103 rafinat\u0103, iar cadranul crem texturat \u00eei confer\u0103 o profunzime suplimentar\u0103.<\/p>\n<p>Cureaua gri din piele natural\u0103 cu textur\u0103 de crocodil completeaz\u0103 designul, care are un aspect modern \u0219i discret.<\/p>","protected":false},"excerpt":{"rendered":"<p>Carcas\u0103 octogonal\u0103 de culoare aur roz confer\u0103 acestui ceas o form\u0103 rafinat\u0103, iar cadranul crem texturat \u00eei confer\u0103 o profunzime suplimentar\u0103. Cureaua gri din piele natural\u0103 cu textur\u0103 de crocodil completeaz\u0103 designul, care are un aspect modern \u0219i discret.<\/p>","protected":false},"featured_media":60717,"comment_status":"closed","ping_status":"open","template":"","meta":{"_acf_changed":false},"product_brand":[],"product_cat":[25,396],"product_tag":[],"class_list":{"0":"post-60716","1":"product","2":"type-product","3":"status-publish","4":"has-post-thumbnail","6":"product_cat-ceasuri-dama","7":"product_cat-fossil","8":"pa_brand-fossil","9":"pa_braslet-piele","10":"pa_corpus-27-mm","11":"pa_forma-octogonala","12":"pa_garatia-24-luni","13":"pa_korpus-roz-gold","14":"pa_kvarc-quartz","15":"pa_material-otel-inoxidabil","16":"pa_mehanizm-quartz","17":"pa_remeshok-gri","18":"pa_steklo-cristal-mineral","19":"pa_strana-sua","20":"pa_voda-3-atm","22":"first","23":"instock","24":"purchasable","25":"product-type-simple"},"acf":[],"_links":{"self":[{"href":"https:\/\/ceasuri.md\/ru\/wp-json\/wp\/v2\/product\/60716","targetHints":{"allow":["GET"]}}],"collection":[{"href":"https:\/\/ceasuri.md\/ru\/wp-json\/wp\/v2\/product"}],"about":[{"href":"https:\/\/ceasuri.md\/ru\/wp-json\/wp\/v2\/types\/product"}],"replies":[{"embeddable":true,"href":"https:\/\/ceasuri.md\/ru\/wp-json\/wp\/v2\/comments?post=60716"}],"wp:featuredmedia":[{"embeddable":true,"href":"https:\/\/ceasuri.md\/ru\/wp-json\/wp\/v2\/media\/60717"}],"wp:attachment":[{"href":"https:\/\/ceasuri.md\/ru\/wp-json\/wp\/v2\/media?parent=60716"}],"wp:term":[{"taxonomy":"product_brand","embeddable":true,"href":"https:\/\/ceasuri.md\/ru\/wp-json\/wp\/v2\/product_brand?post=60716"},{"taxonomy":"product_cat","embeddable":true,"href":"https:\/\/ceasuri.md\/ru\/wp-json\/wp\/v2\/product_cat?post=60716"},{"taxonomy":"product_tag","embeddable":true,"href":"https:\/\/ceasuri.md\/ru\/wp-json\/wp\/v2\/product_tag?post=60716"}],"curies":[{"name":"wp","href":"https:\/\/api.w.org\/{rel}","templated":true}]}}