{"id":60711,"date":"2026-04-03T01:15:21","date_gmt":"2026-04-02T22:15:21","guid":{"rendered":"http:\/\/new.ceasuri.md\/shop\/uncategorized\/fossil-crosby-fs6121\/"},"modified":"2026-04-20T01:53:50","modified_gmt":"2026-04-19T22:53:50","slug":"fossil-crosby-fs6121","status":"publish","type":"product","link":"https:\/\/ceasuri.md\/ru\/shop\/branduri\/fossil\/fossil-crosby-fs6121\/","title":{"rendered":"Ceas FOSSIL CROSBY FS6121"},"content":{"rendered":"<p>Ceasurile Crosby \u2013 o clasic\u0103 modern\u0103, care nu se supune timpului \u2013 combin\u0103 armonios forma \u0219i func\u021bionalitatea.<\/p>\n<p>Carcas\u0103 octogonal\u0103 din o\u021bel inoxidabil cu cadran albastru texturat \u0219i fereastr\u0103 pentru dat\u0103.<\/p>\n<p>Br\u0103\u021bara robust\u0103 din o\u021bel asigur\u0103 fiabilitate \u0219i durabilitate.<\/p>\n<p>Universale \u0219i originale \u00een acela\u0219i timp, aceste ceasuri clasice vor deveni parte din garderoba dumneavoastr\u0103.<\/p>","protected":false},"excerpt":{"rendered":"<p>Ceasurile Crosby \u2013 o clasic\u0103 modern\u0103, care nu se supune timpului \u2013 combin\u0103 armonios forma \u0219i func\u021bionalitatea. Carcas\u0103 octogonal\u0103 din o\u021bel inoxidabil cu cadran albastru texturat \u0219i fereastr\u0103 pentru dat\u0103. Br\u0103\u021bara robust\u0103 din o\u021bel asigur\u0103 fiabilitate \u0219i durabilitate. Universale \u0219i originale \u00een acela\u0219i timp, aceste ceasuri clasice vor deveni parte din garderoba dumneavoastr\u0103.<\/p>","protected":false},"featured_media":60712,"comment_status":"closed","ping_status":"open","template":"","meta":{"_acf_changed":false},"product_brand":[],"product_cat":[20,396],"product_tag":[],"class_list":{"0":"post-60711","1":"product","2":"type-product","3":"status-publish","4":"has-post-thumbnail","6":"product_cat-ceasuri-barbati","7":"product_cat-fossil","8":"pa_brand-fossil","9":"pa_braslet-otel-inoxidabil","10":"pa_corpus-42-mm","11":"pa_forma-octogonala","12":"pa_funcii-data","13":"pa_garatia-24-luni","14":"pa_korpus-argintiu","15":"pa_kvarc-quartz","16":"pa_material-otel-inoxidabil","17":"pa_mehanizm-quartz","18":"pa_remeshok-argintiu","19":"pa_steklo-cristal-mineral","20":"pa_strana-sua","21":"pa_voda-5-atm","23":"first","24":"instock","25":"purchasable","26":"product-type-simple"},"acf":[],"_links":{"self":[{"href":"https:\/\/ceasuri.md\/ru\/wp-json\/wp\/v2\/product\/60711","targetHints":{"allow":["GET"]}}],"collection":[{"href":"https:\/\/ceasuri.md\/ru\/wp-json\/wp\/v2\/product"}],"about":[{"href":"https:\/\/ceasuri.md\/ru\/wp-json\/wp\/v2\/types\/product"}],"replies":[{"embeddable":true,"href":"https:\/\/ceasuri.md\/ru\/wp-json\/wp\/v2\/comments?post=60711"}],"wp:featuredmedia":[{"embeddable":true,"href":"https:\/\/ceasuri.md\/ru\/wp-json\/wp\/v2\/media\/60712"}],"wp:attachment":[{"href":"https:\/\/ceasuri.md\/ru\/wp-json\/wp\/v2\/media?parent=60711"}],"wp:term":[{"taxonomy":"product_brand","embeddable":true,"href":"https:\/\/ceasuri.md\/ru\/wp-json\/wp\/v2\/product_brand?post=60711"},{"taxonomy":"product_cat","embeddable":true,"href":"https:\/\/ceasuri.md\/ru\/wp-json\/wp\/v2\/product_cat?post=60711"},{"taxonomy":"product_tag","embeddable":true,"href":"https:\/\/ceasuri.md\/ru\/wp-json\/wp\/v2\/product_tag?post=60711"}],"curies":[{"name":"wp","href":"https:\/\/api.w.org\/{rel}","templated":true}]}}