{"id":60706,"date":"2026-04-03T01:15:21","date_gmt":"2026-04-02T22:15:21","guid":{"rendered":"http:\/\/new.ceasuri.md\/shop\/uncategorized\/fossil-autocross-fs6124\/"},"modified":"2026-04-17T15:29:57","modified_gmt":"2026-04-17T12:29:57","slug":"fossil-autocross-fs6124","status":"publish","type":"product","link":"https:\/\/ceasuri.md\/ru\/shop\/branduri\/fossil\/fossil-autocross-fs6124\/","title":{"rendered":"Ceas FOSSIL AUTOCROSS FS6124"},"content":{"rendered":"<p>Autocross \u2014 o interpretare modern\u0103 a ceasurilor clasice de curse, care redefine\u0219te stilul sportiv.<\/p>\n<p>Cadranul clasic argintiu cu efect \u201eraze de soare\u201d \u0219i subcadrane negre contrasteaz\u0103 cu carcasa \u0219i br\u0103\u021bara din o\u021bel inoxidabil.<\/p>\n<p>Acest ceas cu diametrul de 42 mm este echipat cu un mecanism cu cuar\u021b cu mai multe ace, care afi\u0219eaz\u0103 dou\u0103 ore \u0219i ziua s\u0103pt\u0103m\u00e2nii, oferind func\u021bionalitate suplimentar\u0103 pentru aventurile dvs. de zi cu zi.<\/p>","protected":false},"excerpt":{"rendered":"<p>Autocross \u2014 o interpretare modern\u0103 a ceasurilor clasice de curse, care redefine\u0219te stilul sportiv. Cadranul clasic argintiu cu efect \u201eraze de soare\u201d \u0219i subcadrane negre contrasteaz\u0103 cu carcasa \u0219i br\u0103\u021bara din o\u021bel inoxidabil. Acest ceas cu diametrul de 42 mm este echipat cu un mecanism cu cuar\u021b cu mai multe ace, care afi\u0219eaz\u0103 dou\u0103 ore [&hellip;]<\/p>\n","protected":false},"featured_media":60707,"comment_status":"closed","ping_status":"open","template":"","meta":{"_acf_changed":false},"product_brand":[],"product_cat":[20,396],"product_tag":[],"class_list":{"0":"post-60706","1":"product","2":"type-product","3":"status-publish","4":"has-post-thumbnail","6":"product_cat-ceasuri-barbati","7":"product_cat-fossil","8":"pa_brand-fossil","9":"pa_braslet-otel-inoxidabil","10":"pa_corpus-42-mm","11":"pa_forma-rotund","12":"pa_funcii-data","13":"pa_funcii-dual-time","14":"pa_funcii-tahimetru","15":"pa_funcii-ziua-saptamanii","16":"pa_garatia-24-luni","17":"pa_korpus-argintiu","18":"pa_kvarc-quartz","19":"pa_material-otel-inoxidabil","20":"pa_mehanizm-quartz","21":"pa_remeshok-argintiu","22":"pa_steklo-cristal-mineral","23":"pa_strana-sua","24":"pa_voda-5-atm","26":"first","27":"instock","28":"purchasable","29":"product-type-simple"},"acf":[],"_links":{"self":[{"href":"https:\/\/ceasuri.md\/ru\/wp-json\/wp\/v2\/product\/60706","targetHints":{"allow":["GET"]}}],"collection":[{"href":"https:\/\/ceasuri.md\/ru\/wp-json\/wp\/v2\/product"}],"about":[{"href":"https:\/\/ceasuri.md\/ru\/wp-json\/wp\/v2\/types\/product"}],"replies":[{"embeddable":true,"href":"https:\/\/ceasuri.md\/ru\/wp-json\/wp\/v2\/comments?post=60706"}],"wp:featuredmedia":[{"embeddable":true,"href":"https:\/\/ceasuri.md\/ru\/wp-json\/wp\/v2\/media\/60707"}],"wp:attachment":[{"href":"https:\/\/ceasuri.md\/ru\/wp-json\/wp\/v2\/media?parent=60706"}],"wp:term":[{"taxonomy":"product_brand","embeddable":true,"href":"https:\/\/ceasuri.md\/ru\/wp-json\/wp\/v2\/product_brand?post=60706"},{"taxonomy":"product_cat","embeddable":true,"href":"https:\/\/ceasuri.md\/ru\/wp-json\/wp\/v2\/product_cat?post=60706"},{"taxonomy":"product_tag","embeddable":true,"href":"https:\/\/ceasuri.md\/ru\/wp-json\/wp\/v2\/product_tag?post=60706"}],"curies":[{"name":"wp","href":"https:\/\/api.w.org\/{rel}","templated":true}]}}