{"id":60696,"date":"2025-10-09T15:13:24","date_gmt":"2025-10-09T12:13:24","guid":{"rendered":"http:\/\/new.ceasuri.md\/shop\/uncategorized\/fossil-autocross-fs6126\/"},"modified":"2026-05-01T19:40:49","modified_gmt":"2026-05-01T16:40:49","slug":"fossil-autocross-fs6126","status":"publish","type":"product","link":"https:\/\/ceasuri.md\/ru\/shop\/branduri\/fossil\/fossil-autocross-fs6126\/","title":{"rendered":"\u0427\u0430\u0441\u044b FOSSIL AUTOCROSS FS6126"},"content":{"rendered":"<p>Autocross \u2014 o interpretare modern\u0103 a ceasurilor clasice \u201ede curse\u201d, care redefine\u0219te stilul sportiv.<\/p>\n<p>Cadranul auriu cu efect \u201eraze de soare\u201d contrasteaz\u0103 cu carcasa din o\u021bel inoxidabil \u0219i br\u0103\u021bara bicolor\u0103.<\/p>\n<p>Datorit\u0103 mecanismului cu cuar\u021b cu mai multe ace, care afi\u0219eaz\u0103 dou\u0103 ore \u0219i ziua s\u0103pt\u0103m\u00e2nii, acest ceas cu diametrul de 42 mm ofer\u0103 func\u021bionalitate suplimentar\u0103 pentru aventurile dvs. de zi cu zi.<\/p>","protected":false},"excerpt":{"rendered":"<p>Autocross \u2014 o interpretare modern\u0103 a ceasurilor clasice \u201ede curse\u201d, care redefine\u0219te stilul sportiv. Cadranul auriu cu efect \u201eraze de soare\u201d contrasteaz\u0103 cu carcasa din o\u021bel inoxidabil \u0219i br\u0103\u021bara bicolor\u0103. Datorit\u0103 mecanismului cu cuar\u021b cu mai multe ace, care afi\u0219eaz\u0103 dou\u0103 ore \u0219i ziua s\u0103pt\u0103m\u00e2nii, acest ceas cu diametrul de 42 mm ofer\u0103 func\u021bionalitate suplimentar\u0103 [&hellip;]<\/p>\n","protected":false},"featured_media":60697,"comment_status":"closed","ping_status":"open","template":"","meta":{"_acf_changed":false},"product_brand":[],"product_cat":[20,396],"product_tag":[],"class_list":{"0":"post-60696","1":"product","2":"type-product","3":"status-publish","4":"has-post-thumbnail","6":"product_cat-ceasuri-barbati","7":"product_cat-fossil","8":"pa_brand-fossil","9":"pa_braslet-otel-inoxidabil","10":"pa_corpus-42-mm","11":"pa_forma-rotund","12":"pa_funcii-data","13":"pa_funcii-dual-time","14":"pa_funcii-tahimetru","15":"pa_funcii-ziua-saptamanii","16":"pa_garatia-24-luni","17":"pa_korpus-bicolor","18":"pa_kvarc-quartz","19":"pa_material-otel-inoxidabil","20":"pa_mehanizm-quartz","21":"pa_remeshok-bicolor","22":"pa_steklo-cristal-mineral","23":"pa_strana-sua","24":"pa_voda-5-atm","26":"first","27":"instock","28":"purchasable","29":"product-type-simple"},"acf":[],"_links":{"self":[{"href":"https:\/\/ceasuri.md\/ru\/wp-json\/wp\/v2\/product\/60696","targetHints":{"allow":["GET"]}}],"collection":[{"href":"https:\/\/ceasuri.md\/ru\/wp-json\/wp\/v2\/product"}],"about":[{"href":"https:\/\/ceasuri.md\/ru\/wp-json\/wp\/v2\/types\/product"}],"replies":[{"embeddable":true,"href":"https:\/\/ceasuri.md\/ru\/wp-json\/wp\/v2\/comments?post=60696"}],"wp:featuredmedia":[{"embeddable":true,"href":"https:\/\/ceasuri.md\/ru\/wp-json\/wp\/v2\/media\/60697"}],"wp:attachment":[{"href":"https:\/\/ceasuri.md\/ru\/wp-json\/wp\/v2\/media?parent=60696"}],"wp:term":[{"taxonomy":"product_brand","embeddable":true,"href":"https:\/\/ceasuri.md\/ru\/wp-json\/wp\/v2\/product_brand?post=60696"},{"taxonomy":"product_cat","embeddable":true,"href":"https:\/\/ceasuri.md\/ru\/wp-json\/wp\/v2\/product_cat?post=60696"},{"taxonomy":"product_tag","embeddable":true,"href":"https:\/\/ceasuri.md\/ru\/wp-json\/wp\/v2\/product_tag?post=60696"}],"curies":[{"name":"wp","href":"https:\/\/api.w.org\/{rel}","templated":true}]}}