{"id":60691,"date":"2025-10-09T15:13:24","date_gmt":"2025-10-09T12:13:24","guid":{"rendered":"http:\/\/new.ceasuri.md\/shop\/uncategorized\/fossil-autocross-fs6127\/"},"modified":"2026-05-01T19:40:46","modified_gmt":"2026-05-01T16:40:46","slug":"fossil-autocross-fs6127","status":"publish","type":"product","link":"https:\/\/ceasuri.md\/ru\/shop\/branduri\/fossil\/fossil-autocross-fs6127\/","title":{"rendered":"\u0427\u0430\u0441\u044b FOSSIL AUTOCROSS FS6127"},"content":{"rendered":"<p>Autocross \u2014 o interpretare modern\u0103 a ceasurilor clasice \u201ede curse\u201d, care redefine\u0219te stilul sportiv.<\/p>\n<p>Cadranul verde str\u0103lucitor cu efect \u201eraze de soare\u201d contrasteaz\u0103 \u00een mod spectaculos cu carcasa \u0219i br\u0103\u021bara din o\u021bel inoxidabil.<\/p>\n<p>Datorit\u0103 mecanismului cu cuar\u021b cu mai multe ace, care afi\u0219eaz\u0103 dou\u0103 ore \u0219i ziua s\u0103pt\u0103m\u00e2nii, acest ceas cu diametrul de 42 mm ofer\u0103 func\u021bii suplimentare pentru aventurile dvs. de zi cu zi.<\/p>","protected":false},"excerpt":{"rendered":"<p>Autocross \u2014 o interpretare modern\u0103 a ceasurilor clasice \u201ede curse\u201d, care redefine\u0219te stilul sportiv. Cadranul verde str\u0103lucitor cu efect \u201eraze de soare\u201d contrasteaz\u0103 \u00een mod spectaculos cu carcasa \u0219i br\u0103\u021bara din o\u021bel inoxidabil. Datorit\u0103 mecanismului cu cuar\u021b cu mai multe ace, care afi\u0219eaz\u0103 dou\u0103 ore \u0219i ziua s\u0103pt\u0103m\u00e2nii, acest ceas cu diametrul de 42 mm [&hellip;]<\/p>\n","protected":false},"featured_media":60692,"comment_status":"closed","ping_status":"open","template":"","meta":{"_acf_changed":false},"product_brand":[],"product_cat":[20,396],"product_tag":[],"class_list":{"0":"post-60691","1":"product","2":"type-product","3":"status-publish","4":"has-post-thumbnail","6":"product_cat-ceasuri-barbati","7":"product_cat-fossil","8":"pa_brand-fossil","9":"pa_braslet-otel-inoxidabil","10":"pa_corpus-42-mm","11":"pa_forma-rotund","12":"pa_funcii-data","13":"pa_funcii-dual-time","14":"pa_funcii-tahimetru","15":"pa_funcii-ziua-saptamanii","16":"pa_garatia-24-luni","17":"pa_korpus-argintiu","18":"pa_kvarc-quartz","19":"pa_material-otel-inoxidabil","20":"pa_mehanizm-quartz","21":"pa_remeshok-argintiu","22":"pa_steklo-cristal-mineral","23":"pa_strana-sua","24":"pa_voda-5-atm","26":"first","27":"instock","28":"purchasable","29":"product-type-simple"},"acf":[],"_links":{"self":[{"href":"https:\/\/ceasuri.md\/ru\/wp-json\/wp\/v2\/product\/60691","targetHints":{"allow":["GET"]}}],"collection":[{"href":"https:\/\/ceasuri.md\/ru\/wp-json\/wp\/v2\/product"}],"about":[{"href":"https:\/\/ceasuri.md\/ru\/wp-json\/wp\/v2\/types\/product"}],"replies":[{"embeddable":true,"href":"https:\/\/ceasuri.md\/ru\/wp-json\/wp\/v2\/comments?post=60691"}],"wp:featuredmedia":[{"embeddable":true,"href":"https:\/\/ceasuri.md\/ru\/wp-json\/wp\/v2\/media\/60692"}],"wp:attachment":[{"href":"https:\/\/ceasuri.md\/ru\/wp-json\/wp\/v2\/media?parent=60691"}],"wp:term":[{"taxonomy":"product_brand","embeddable":true,"href":"https:\/\/ceasuri.md\/ru\/wp-json\/wp\/v2\/product_brand?post=60691"},{"taxonomy":"product_cat","embeddable":true,"href":"https:\/\/ceasuri.md\/ru\/wp-json\/wp\/v2\/product_cat?post=60691"},{"taxonomy":"product_tag","embeddable":true,"href":"https:\/\/ceasuri.md\/ru\/wp-json\/wp\/v2\/product_tag?post=60691"}],"curies":[{"name":"wp","href":"https:\/\/api.w.org\/{rel}","templated":true}]}}