{"id":60685,"date":"2026-04-03T01:14:11","date_gmt":"2026-04-02T22:14:11","guid":{"rendered":"http:\/\/new.ceasuri.md\/shop\/uncategorized\/fossil-everett-fs6128\/"},"modified":"2026-04-07T05:08:18","modified_gmt":"2026-04-07T02:08:18","slug":"fossil-everett-fs6128","status":"publish","type":"product","link":"https:\/\/ceasuri.md\/ru\/shop\/branduri\/fossil\/fossil-everett-fs6128\/","title":{"rendered":"Ceas FOSSIL EVERETT FS6128"},"content":{"rendered":"<p>Ceasul cronograf Everett este \u00eentruchiparea stilului relaxat.<\/p>\n<p>Acest ceas sportiv din o\u021bel inoxidabil combin\u0103 stilul relaxat cu rafinamentul sofisticat.<\/p>\n<p>Cadranul gri, \u00eencadrat \u00eentr-o carcas\u0103 rotund\u0103 din o\u021bel inoxidabil cu diametrul de 44 mm, confer\u0103 ceasului un aspect modern.<\/p>\n<p>Detaliile func\u021bionale, precum mecanismul japonez cu cuar\u021b al cronografului, garanteaz\u0103 c\u0103 acest ceas versatil va afi\u0219a \u00eentotdeauna ora exact\u0103.<\/p>\n<p>Pune\u021bi-v\u0103 acest accesoriu iconic \u0219i fi\u021bi preg\u0103ti\u021bi pentru orice surpriz\u0103.<\/p>","protected":false},"excerpt":{"rendered":"<p>Ceasul cronograf Everett este \u00eentruchiparea stilului relaxat. Acest ceas sportiv din o\u021bel inoxidabil combin\u0103 stilul relaxat cu rafinamentul sofisticat. Cadranul gri, \u00eencadrat \u00eentr-o carcas\u0103 rotund\u0103 din o\u021bel inoxidabil cu diametrul de 44 mm, confer\u0103 ceasului un aspect modern. Detaliile func\u021bionale, precum mecanismul japonez cu cuar\u021b al cronografului, garanteaz\u0103 c\u0103 acest ceas versatil va afi\u0219a \u00eentotdeauna [&hellip;]<\/p>\n","protected":false},"featured_media":60686,"comment_status":"closed","ping_status":"open","template":"","meta":{"_acf_changed":false},"product_brand":[],"product_cat":[20,396],"product_tag":[],"class_list":{"0":"post-60685","1":"product","2":"type-product","3":"status-publish","4":"has-post-thumbnail","6":"product_cat-ceasuri-barbati","7":"product_cat-fossil","8":"pa_brand-fossil","9":"pa_braslet-otel-inoxidabil","10":"pa_corpus-44-mm","11":"pa_forma-rotund","12":"pa_funcii-cronograf","13":"pa_garatia-24-luni","14":"pa_korpus-argintiu","15":"pa_material-otel-inoxidabil","16":"pa_mehanizm-quartz","17":"pa_remeshok-argintiu","18":"pa_steklo-cristal-mineral","19":"pa_strana-sua","20":"pa_voda-5-atm","22":"first","23":"instock","24":"purchasable","25":"product-type-simple"},"acf":[],"_links":{"self":[{"href":"https:\/\/ceasuri.md\/ru\/wp-json\/wp\/v2\/product\/60685","targetHints":{"allow":["GET"]}}],"collection":[{"href":"https:\/\/ceasuri.md\/ru\/wp-json\/wp\/v2\/product"}],"about":[{"href":"https:\/\/ceasuri.md\/ru\/wp-json\/wp\/v2\/types\/product"}],"replies":[{"embeddable":true,"href":"https:\/\/ceasuri.md\/ru\/wp-json\/wp\/v2\/comments?post=60685"}],"wp:featuredmedia":[{"embeddable":true,"href":"https:\/\/ceasuri.md\/ru\/wp-json\/wp\/v2\/media\/60686"}],"wp:attachment":[{"href":"https:\/\/ceasuri.md\/ru\/wp-json\/wp\/v2\/media?parent=60685"}],"wp:term":[{"taxonomy":"product_brand","embeddable":true,"href":"https:\/\/ceasuri.md\/ru\/wp-json\/wp\/v2\/product_brand?post=60685"},{"taxonomy":"product_cat","embeddable":true,"href":"https:\/\/ceasuri.md\/ru\/wp-json\/wp\/v2\/product_cat?post=60685"},{"taxonomy":"product_tag","embeddable":true,"href":"https:\/\/ceasuri.md\/ru\/wp-json\/wp\/v2\/product_tag?post=60685"}],"curies":[{"name":"wp","href":"https:\/\/api.w.org\/{rel}","templated":true}]}}