{"id":60656,"date":"2025-10-09T15:13:22","date_gmt":"2025-10-09T12:13:22","guid":{"rendered":"http:\/\/new.ceasuri.md\/shop\/uncategorized\/fossil-pearson-fs6134\/"},"modified":"2026-05-01T19:40:34","modified_gmt":"2026-05-01T16:40:34","slug":"fossil-pearson-fs6134","status":"publish","type":"product","link":"https:\/\/ceasuri.md\/ru\/shop\/branduri\/fossil\/fossil-pearson-fs6134\/","title":{"rendered":"\u0427\u0430\u0441\u044b FOSSIL PEARSON FS6134"},"content":{"rendered":"<p>Br\u0103\u021bara din o\u021bel inoxidabil \u0219i carcasa asortat\u0103 creeaz\u0103 o baz\u0103 elegant\u0103 pentru designul acestui ceas.<\/p>\n<p>Cadranul albastru adaug\u0103 textur\u0103 \u0219i profunzime, iar cadranele suplimentare practice afi\u0219eaz\u0103 ziua s\u0103pt\u0103m\u00e2nii, data \u0219i ora \u00een format de 24 de ore.<\/p>\n<p>Concepute cu aten\u021bie din materiale lustruite \u0219i cu o carcas\u0103 rotund\u0103 universal\u0103, aceste ceasuri combin\u0103 detalii rafinate \u0219i practicitate de zi cu zi.<\/p>","protected":false},"excerpt":{"rendered":"<p>Br\u0103\u021bara din o\u021bel inoxidabil \u0219i carcasa asortat\u0103 creeaz\u0103 o baz\u0103 elegant\u0103 pentru designul acestui ceas. Cadranul albastru adaug\u0103 textur\u0103 \u0219i profunzime, iar cadranele suplimentare practice afi\u0219eaz\u0103 ziua s\u0103pt\u0103m\u00e2nii, data \u0219i ora \u00een format de 24 de ore. Concepute cu aten\u021bie din materiale lustruite \u0219i cu o carcas\u0103 rotund\u0103 universal\u0103, aceste ceasuri combin\u0103 detalii rafinate \u0219i [&hellip;]<\/p>\n","protected":false},"featured_media":60657,"comment_status":"closed","ping_status":"open","template":"","meta":{"_acf_changed":false},"product_brand":[],"product_cat":[20,396],"product_tag":[],"class_list":{"0":"post-60656","1":"product","2":"type-product","3":"status-publish","4":"has-post-thumbnail","6":"product_cat-ceasuri-barbati","7":"product_cat-fossil","8":"pa_brand-fossil","9":"pa_braslet-otel-inoxidabil","10":"pa_corpus-42-mm","11":"pa_forma-rotund","12":"pa_funcii-data","13":"pa_funcii-ziua-saptamanii","14":"pa_garatia-24-luni","15":"pa_korpus-argintiu","16":"pa_kvarc-quartz","17":"pa_material-otel-inoxidabil","18":"pa_mehanizm-quartz","19":"pa_remeshok-argintiu","20":"pa_steklo-cristal-mineral","21":"pa_strana-sua","22":"pa_voda-5-atm","24":"first","25":"instock","26":"purchasable","27":"product-type-simple"},"acf":[],"_links":{"self":[{"href":"https:\/\/ceasuri.md\/ru\/wp-json\/wp\/v2\/product\/60656","targetHints":{"allow":["GET"]}}],"collection":[{"href":"https:\/\/ceasuri.md\/ru\/wp-json\/wp\/v2\/product"}],"about":[{"href":"https:\/\/ceasuri.md\/ru\/wp-json\/wp\/v2\/types\/product"}],"replies":[{"embeddable":true,"href":"https:\/\/ceasuri.md\/ru\/wp-json\/wp\/v2\/comments?post=60656"}],"wp:featuredmedia":[{"embeddable":true,"href":"https:\/\/ceasuri.md\/ru\/wp-json\/wp\/v2\/media\/60657"}],"wp:attachment":[{"href":"https:\/\/ceasuri.md\/ru\/wp-json\/wp\/v2\/media?parent=60656"}],"wp:term":[{"taxonomy":"product_brand","embeddable":true,"href":"https:\/\/ceasuri.md\/ru\/wp-json\/wp\/v2\/product_brand?post=60656"},{"taxonomy":"product_cat","embeddable":true,"href":"https:\/\/ceasuri.md\/ru\/wp-json\/wp\/v2\/product_cat?post=60656"},{"taxonomy":"product_tag","embeddable":true,"href":"https:\/\/ceasuri.md\/ru\/wp-json\/wp\/v2\/product_tag?post=60656"}],"curies":[{"name":"wp","href":"https:\/\/api.w.org\/{rel}","templated":true}]}}