{"id":60638,"date":"2026-04-03T01:14:11","date_gmt":"2026-04-02T22:14:11","guid":{"rendered":"http:\/\/new.ceasuri.md\/shop\/uncategorized\/fossil-pearson-fs6137\/"},"modified":"2026-04-07T05:08:11","modified_gmt":"2026-04-07T02:08:11","slug":"fossil-pearson-fs6137","status":"publish","type":"product","link":"https:\/\/ceasuri.md\/ru\/shop\/branduri\/fossil\/fossil-pearson-fs6137\/","title":{"rendered":"Ceas FOSSIL PEARSON FS6137"},"content":{"rendered":"<p>Carcasa din o\u021bel inoxidabil \u00eencadreaz\u0103 cadranul, cre\u00e2nd un relief subtil \u0219i profunzime.<\/p>\n<p>Cadranul verde cu efect de raze solare este completat de cadrane suplimentare practice pentru afi\u0219area zilei s\u0103pt\u0103m\u00e2nii, a datei \u0219i a formatului de 24 de ore.<\/p>\n<p>\u00cen combina\u021bie cu o curea din piele de culoare maro intens, ceasul \u00eembin\u0103 confortul de zi cu zi \u0219i m\u0103iestria rafinat\u0103.<\/p>\n<p>Materialele atent selectate \u0219i designul bine g\u00e2ndit fac din acest ceas un accesoriu rafinat pentru colec\u021bia dvs. de accesorii.<\/p>","protected":false},"excerpt":{"rendered":"<p>Carcasa din o\u021bel inoxidabil \u00eencadreaz\u0103 cadranul, cre\u00e2nd un relief subtil \u0219i profunzime. Cadranul verde cu efect de raze solare este completat de cadrane suplimentare practice pentru afi\u0219area zilei s\u0103pt\u0103m\u00e2nii, a datei \u0219i a formatului de 24 de ore. \u00cen combina\u021bie cu o curea din piele de culoare maro intens, ceasul \u00eembin\u0103 confortul de zi cu [&hellip;]<\/p>\n","protected":false},"featured_media":60639,"comment_status":"closed","ping_status":"open","template":"","meta":{"_acf_changed":false},"product_brand":[],"product_cat":[20,396],"product_tag":[],"class_list":{"0":"post-60638","1":"product","2":"type-product","3":"status-publish","4":"has-post-thumbnail","6":"product_cat-ceasuri-barbati","7":"product_cat-fossil","8":"pa_brand-fossil","9":"pa_braslet-piele","10":"pa_corpus-42-mm","11":"pa_forma-rotund","12":"pa_funcii-data","13":"pa_funcii-ziua-saptamanii","14":"pa_garatia-24-luni","15":"pa_korpus-argintiu","16":"pa_material-otel-inoxidabil","17":"pa_mehanizm-quartz","18":"pa_remeshok-maro","19":"pa_steklo-cristal-mineral","20":"pa_strana-sua","21":"pa_voda-5-atm","23":"first","24":"instock","25":"purchasable","26":"product-type-simple"},"acf":[],"_links":{"self":[{"href":"https:\/\/ceasuri.md\/ru\/wp-json\/wp\/v2\/product\/60638","targetHints":{"allow":["GET"]}}],"collection":[{"href":"https:\/\/ceasuri.md\/ru\/wp-json\/wp\/v2\/product"}],"about":[{"href":"https:\/\/ceasuri.md\/ru\/wp-json\/wp\/v2\/types\/product"}],"replies":[{"embeddable":true,"href":"https:\/\/ceasuri.md\/ru\/wp-json\/wp\/v2\/comments?post=60638"}],"wp:featuredmedia":[{"embeddable":true,"href":"https:\/\/ceasuri.md\/ru\/wp-json\/wp\/v2\/media\/60639"}],"wp:attachment":[{"href":"https:\/\/ceasuri.md\/ru\/wp-json\/wp\/v2\/media?parent=60638"}],"wp:term":[{"taxonomy":"product_brand","embeddable":true,"href":"https:\/\/ceasuri.md\/ru\/wp-json\/wp\/v2\/product_brand?post=60638"},{"taxonomy":"product_cat","embeddable":true,"href":"https:\/\/ceasuri.md\/ru\/wp-json\/wp\/v2\/product_cat?post=60638"},{"taxonomy":"product_tag","embeddable":true,"href":"https:\/\/ceasuri.md\/ru\/wp-json\/wp\/v2\/product_tag?post=60638"}],"curies":[{"name":"wp","href":"https:\/\/api.w.org\/{rel}","templated":true}]}}