{"id":60632,"date":"2026-04-03T01:14:11","date_gmt":"2026-04-02T22:14:11","guid":{"rendered":"http:\/\/new.ceasuri.md\/shop\/uncategorized\/fossil-pearson-fs6138\/"},"modified":"2026-04-20T01:53:55","modified_gmt":"2026-04-19T22:53:55","slug":"fossil-pearson-fs6138","status":"publish","type":"product","link":"https:\/\/ceasuri.md\/ru\/shop\/branduri\/fossil\/fossil-pearson-fs6138\/","title":{"rendered":"Ceas FOSSIL PEARSON FS6138"},"content":{"rendered":"<p>Carcasa neagr\u0103 din o\u021bel inoxidabil se combin\u0103 perfect cu cureaua din piele de culoare maro intens, cre\u00e2nd un aspect rafinat, dar \u00een acela\u0219i timp u\u0219or.<\/p>\n<p>Cadranul negru cu efect \u201eraze de soare\u201d sub sticla chihlimbarie adaug\u0103 produsului profunzime \u0219i textur\u0103, iar cadranele suplimentare practice pentru indicarea zilei s\u0103pt\u0103m\u00e2nii, a datei \u0219i a formatului de 24 de ore completeaz\u0103 aspectul.<\/p>\n<p>Carcasa rotund\u0103 combin\u0103 versatilitatea modern\u0103 \u0219i m\u0103iestria atent g\u00e2ndit\u0103, cre\u00e2nd un ceas fiabil, destinat purt\u0103rii zilnice.<\/p>","protected":false},"excerpt":{"rendered":"<p>Carcasa neagr\u0103 din o\u021bel inoxidabil se combin\u0103 perfect cu cureaua din piele de culoare maro intens, cre\u00e2nd un aspect rafinat, dar \u00een acela\u0219i timp u\u0219or. Cadranul negru cu efect \u201eraze de soare\u201d sub sticla chihlimbarie adaug\u0103 produsului profunzime \u0219i textur\u0103, iar cadranele suplimentare practice pentru indicarea zilei s\u0103pt\u0103m\u00e2nii, a datei \u0219i a formatului de 24 [&hellip;]<\/p>\n","protected":false},"featured_media":60633,"comment_status":"closed","ping_status":"open","template":"","meta":{"_acf_changed":false},"product_brand":[],"product_cat":[20,396],"product_tag":[],"class_list":{"0":"post-60632","1":"product","2":"type-product","3":"status-publish","4":"has-post-thumbnail","6":"product_cat-ceasuri-barbati","7":"product_cat-fossil","8":"pa_brand-fossil","9":"pa_braslet-piele","10":"pa_corpus-42-mm","11":"pa_forma-rotund","12":"pa_funcii-data","13":"pa_funcii-ziua-saptamanii","14":"pa_garatia-24-luni","15":"pa_korpus-negru","16":"pa_kvarc-quartz","17":"pa_material-otel-inoxidabil","18":"pa_mehanizm-quartz","19":"pa_remeshok-maro","20":"pa_steklo-cristal-mineral","21":"pa_strana-sua","22":"pa_voda-5-atm","24":"first","25":"instock","26":"purchasable","27":"product-type-simple"},"acf":[],"_links":{"self":[{"href":"https:\/\/ceasuri.md\/ru\/wp-json\/wp\/v2\/product\/60632","targetHints":{"allow":["GET"]}}],"collection":[{"href":"https:\/\/ceasuri.md\/ru\/wp-json\/wp\/v2\/product"}],"about":[{"href":"https:\/\/ceasuri.md\/ru\/wp-json\/wp\/v2\/types\/product"}],"replies":[{"embeddable":true,"href":"https:\/\/ceasuri.md\/ru\/wp-json\/wp\/v2\/comments?post=60632"}],"wp:featuredmedia":[{"embeddable":true,"href":"https:\/\/ceasuri.md\/ru\/wp-json\/wp\/v2\/media\/60633"}],"wp:attachment":[{"href":"https:\/\/ceasuri.md\/ru\/wp-json\/wp\/v2\/media?parent=60632"}],"wp:term":[{"taxonomy":"product_brand","embeddable":true,"href":"https:\/\/ceasuri.md\/ru\/wp-json\/wp\/v2\/product_brand?post=60632"},{"taxonomy":"product_cat","embeddable":true,"href":"https:\/\/ceasuri.md\/ru\/wp-json\/wp\/v2\/product_cat?post=60632"},{"taxonomy":"product_tag","embeddable":true,"href":"https:\/\/ceasuri.md\/ru\/wp-json\/wp\/v2\/product_tag?post=60632"}],"curies":[{"name":"wp","href":"https:\/\/api.w.org\/{rel}","templated":true}]}}