{"id":60626,"date":"2026-04-03T01:14:11","date_gmt":"2026-04-02T22:14:11","guid":{"rendered":"http:\/\/new.ceasuri.md\/shop\/uncategorized\/fossil-garrett-fs6146\/"},"modified":"2026-04-20T01:53:55","modified_gmt":"2026-04-19T22:53:55","slug":"fossil-garrett-fs6146","status":"publish","type":"product","link":"https:\/\/ceasuri.md\/ru\/shop\/branduri\/fossil\/fossil-garrett-fs6146\/","title":{"rendered":"Ceas FOSSIL GARRETT FS6146"},"content":{"rendered":"<p>Garrett este un ceas de dimensiuni mari, \u00een stil sportiv clasic.<\/p>\n<p>Br\u0103\u021bara din o\u021bel inoxidabil \u00een dou\u0103 culori combin\u0103 nuan\u021bele argintii \u0219i aurii, cre\u00e2nd un contrast rafinat \u0219i complet\u00e2nd carcasa ceasului.<\/p>\n<p>Cadranul albastru intens cu efect \u201eraze de soare\u201d creeaz\u0103 profunzime, iar cadranele multifunc\u021bionale suplimentare adaug\u0103 detalii practice.<\/p>\n<p>Acest ceas, fabricat cu aten\u021bie din materiale de calitate, pune accentul at\u00e2t pe design, c\u00e2t \u0219i pe confortul purt\u0103rii zilnice.<\/p>","protected":false},"excerpt":{"rendered":"<p>Garrett este un ceas de dimensiuni mari, \u00een stil sportiv clasic. Br\u0103\u021bara din o\u021bel inoxidabil \u00een dou\u0103 culori combin\u0103 nuan\u021bele argintii \u0219i aurii, cre\u00e2nd un contrast rafinat \u0219i complet\u00e2nd carcasa ceasului. Cadranul albastru intens cu efect \u201eraze de soare\u201d creeaz\u0103 profunzime, iar cadranele multifunc\u021bionale suplimentare adaug\u0103 detalii practice. Acest ceas, fabricat cu aten\u021bie din materiale [&hellip;]<\/p>\n","protected":false},"featured_media":60627,"comment_status":"closed","ping_status":"open","template":"","meta":{"_acf_changed":false},"product_brand":[],"product_cat":[20,396],"product_tag":[],"class_list":{"0":"post-60626","1":"product","2":"type-product","3":"status-publish","4":"has-post-thumbnail","6":"product_cat-ceasuri-barbati","7":"product_cat-fossil","8":"pa_brand-fossil","9":"pa_braslet-otel-inoxidabil","10":"pa_corpus-44-mm","11":"pa_forma-rotund","12":"pa_funcii-data","13":"pa_funcii-ziua-saptamanii","14":"pa_garatia-24-luni","15":"pa_korpus-bicolor","16":"pa_kvarc-quartz","17":"pa_material-otel-inoxidabil","18":"pa_mehanizm-quartz","19":"pa_remeshok-bicolor","20":"pa_steklo-cristal-mineral","21":"pa_strana-sua","22":"pa_voda-5-atm","24":"first","25":"instock","26":"purchasable","27":"product-type-simple"},"acf":[],"_links":{"self":[{"href":"https:\/\/ceasuri.md\/ru\/wp-json\/wp\/v2\/product\/60626","targetHints":{"allow":["GET"]}}],"collection":[{"href":"https:\/\/ceasuri.md\/ru\/wp-json\/wp\/v2\/product"}],"about":[{"href":"https:\/\/ceasuri.md\/ru\/wp-json\/wp\/v2\/types\/product"}],"replies":[{"embeddable":true,"href":"https:\/\/ceasuri.md\/ru\/wp-json\/wp\/v2\/comments?post=60626"}],"wp:featuredmedia":[{"embeddable":true,"href":"https:\/\/ceasuri.md\/ru\/wp-json\/wp\/v2\/media\/60627"}],"wp:attachment":[{"href":"https:\/\/ceasuri.md\/ru\/wp-json\/wp\/v2\/media?parent=60626"}],"wp:term":[{"taxonomy":"product_brand","embeddable":true,"href":"https:\/\/ceasuri.md\/ru\/wp-json\/wp\/v2\/product_brand?post=60626"},{"taxonomy":"product_cat","embeddable":true,"href":"https:\/\/ceasuri.md\/ru\/wp-json\/wp\/v2\/product_cat?post=60626"},{"taxonomy":"product_tag","embeddable":true,"href":"https:\/\/ceasuri.md\/ru\/wp-json\/wp\/v2\/product_tag?post=60626"}],"curies":[{"name":"wp","href":"https:\/\/api.w.org\/{rel}","templated":true}]}}