{"id":60613,"date":"2026-04-03T01:14:11","date_gmt":"2026-04-02T22:14:11","guid":{"rendered":"http:\/\/new.ceasuri.md\/shop\/uncategorized\/fossil-garrett-fs6148\/"},"modified":"2026-04-07T05:08:08","modified_gmt":"2026-04-07T02:08:08","slug":"fossil-garrett-fs6148","status":"publish","type":"product","link":"https:\/\/ceasuri.md\/ru\/shop\/branduri\/fossil\/fossil-garrett-fs6148\/","title":{"rendered":"Ceas FOSSIL GARRETT FS6148"},"content":{"rendered":"<p>Garrett este un ceas de dimensiuni mari, \u00een stil sportiv clasic.<\/p>\n<p>Br\u0103\u021bara din o\u021bel inoxidabil \u00een dou\u0103 culori combin\u0103 nuan\u021bele argintii \u0219i aurii, cre\u00e2nd un contrast rafinat \u0219i complet\u00e2nd carcasa ceasului.<\/p>\n<p>Cadranul argintiu creeaz\u0103 profunzime, iar cadranele multifunc\u021bionale suplimentare adaug\u0103 practicitate.<\/p>\n<p>Acest ceas, fabricat din materiale de \u00eenalt\u0103 calitate, se remarc\u0103 at\u00e2t prin design, c\u00e2t \u0219i prin confortul \u00een purtarea de zi cu zi.<\/p>","protected":false},"excerpt":{"rendered":"<p>Garrett este un ceas de dimensiuni mari, \u00een stil sportiv clasic. Br\u0103\u021bara din o\u021bel inoxidabil \u00een dou\u0103 culori combin\u0103 nuan\u021bele argintii \u0219i aurii, cre\u00e2nd un contrast rafinat \u0219i complet\u00e2nd carcasa ceasului. Cadranul argintiu creeaz\u0103 profunzime, iar cadranele multifunc\u021bionale suplimentare adaug\u0103 practicitate. Acest ceas, fabricat din materiale de \u00eenalt\u0103 calitate, se remarc\u0103 at\u00e2t prin design, c\u00e2t [&hellip;]<\/p>\n","protected":false},"featured_media":60614,"comment_status":"closed","ping_status":"open","template":"","meta":{"_acf_changed":false},"product_brand":[],"product_cat":[20,396],"product_tag":[],"class_list":{"0":"post-60613","1":"product","2":"type-product","3":"status-publish","4":"has-post-thumbnail","6":"product_cat-ceasuri-barbati","7":"product_cat-fossil","8":"pa_brand-fossil","9":"pa_braslet-otel-inoxidabil","10":"pa_corpus-44-mm","11":"pa_forma-rotund","12":"pa_funcii-data","13":"pa_funcii-ziua-saptamanii","14":"pa_garatia-24-luni","15":"pa_korpus-bicolor","16":"pa_material-otel-inoxidabil","17":"pa_mehanizm-quartz","18":"pa_remeshok-bicolor","19":"pa_steklo-cristal-mineral","20":"pa_strana-sua","21":"pa_voda-5-atm","23":"first","24":"instock","25":"purchasable","26":"product-type-simple"},"acf":[],"_links":{"self":[{"href":"https:\/\/ceasuri.md\/ru\/wp-json\/wp\/v2\/product\/60613","targetHints":{"allow":["GET"]}}],"collection":[{"href":"https:\/\/ceasuri.md\/ru\/wp-json\/wp\/v2\/product"}],"about":[{"href":"https:\/\/ceasuri.md\/ru\/wp-json\/wp\/v2\/types\/product"}],"replies":[{"embeddable":true,"href":"https:\/\/ceasuri.md\/ru\/wp-json\/wp\/v2\/comments?post=60613"}],"wp:featuredmedia":[{"embeddable":true,"href":"https:\/\/ceasuri.md\/ru\/wp-json\/wp\/v2\/media\/60614"}],"wp:attachment":[{"href":"https:\/\/ceasuri.md\/ru\/wp-json\/wp\/v2\/media?parent=60613"}],"wp:term":[{"taxonomy":"product_brand","embeddable":true,"href":"https:\/\/ceasuri.md\/ru\/wp-json\/wp\/v2\/product_brand?post=60613"},{"taxonomy":"product_cat","embeddable":true,"href":"https:\/\/ceasuri.md\/ru\/wp-json\/wp\/v2\/product_cat?post=60613"},{"taxonomy":"product_tag","embeddable":true,"href":"https:\/\/ceasuri.md\/ru\/wp-json\/wp\/v2\/product_tag?post=60613"}],"curies":[{"name":"wp","href":"https:\/\/api.w.org\/{rel}","templated":true}]}}