{"id":60602,"date":"2026-04-03T01:14:11","date_gmt":"2026-04-02T22:14:11","guid":{"rendered":"http:\/\/new.ceasuri.md\/shop\/uncategorized\/armani-exchange-hampton-ax2464\/"},"modified":"2026-04-07T05:08:06","modified_gmt":"2026-04-07T02:08:06","slug":"armani-exchange-hampton-ax2464","status":"publish","type":"product","link":"https:\/\/ceasuri.md\/ru\/shop\/branduri\/armani-exchange\/armani-exchange-hampton-ax2464\/","title":{"rendered":"Ceas ARMANI EXCHANGE HAMPTON AX2464"},"content":{"rendered":"<p>Cadranul texturat de culoare gri se asorteaz\u0103 cu u\u0219urin\u021b\u0103 cu br\u0103\u021bara elegant\u0103 din o\u021bel inoxidabil de culoare neagr\u0103 \u00een acest design modern.<\/p>\n<p>Carcasa rotund\u0103 \u00eendr\u0103znea\u021b\u0103 confer\u0103 ceasului expresivitate, iar designul minimalist cu trei ace \u0219i fereastr\u0103 pentru dat\u0103 p\u0103streaz\u0103 aspectul s\u0103u concis \u0219i func\u021bional.<\/p>\n<p>Realizat \u00een tonuri de negru, acest ceas are un aspect discret, dar face o impresie de neuitat.<\/p>","protected":false},"excerpt":{"rendered":"<p>Cadranul texturat de culoare gri se asorteaz\u0103 cu u\u0219urin\u021b\u0103 cu br\u0103\u021bara elegant\u0103 din o\u021bel inoxidabil de culoare neagr\u0103 \u00een acest design modern. Carcasa rotund\u0103 \u00eendr\u0103znea\u021b\u0103 confer\u0103 ceasului expresivitate, iar designul minimalist cu trei ace \u0219i fereastr\u0103 pentru dat\u0103 p\u0103streaz\u0103 aspectul s\u0103u concis \u0219i func\u021bional. Realizat \u00een tonuri de negru, acest ceas are un aspect discret, [&hellip;]<\/p>\n","protected":false},"featured_media":60603,"comment_status":"closed","ping_status":"open","template":"","meta":{"_acf_changed":false},"product_brand":[],"product_cat":[615,20],"product_tag":[],"class_list":{"0":"post-60602","1":"product","2":"type-product","3":"status-publish","4":"has-post-thumbnail","6":"product_cat-armani-exchange","7":"product_cat-ceasuri-barbati","8":"pa_brand-armani-exchange","9":"pa_braslet-otel-inoxidabil","10":"pa_corpus-46-mm","11":"pa_forma-rotund","12":"pa_funcii-data","13":"pa_garatia-24-luni","14":"pa_korpus-negru","15":"pa_material-otel-inoxidabil","16":"pa_mehanizm-quartz","17":"pa_remeshok-negru","18":"pa_steklo-cristal-mineral","19":"pa_strana-italia","20":"pa_voda-5-atm","22":"first","23":"instock","24":"purchasable","25":"product-type-simple"},"acf":[],"_links":{"self":[{"href":"https:\/\/ceasuri.md\/ru\/wp-json\/wp\/v2\/product\/60602","targetHints":{"allow":["GET"]}}],"collection":[{"href":"https:\/\/ceasuri.md\/ru\/wp-json\/wp\/v2\/product"}],"about":[{"href":"https:\/\/ceasuri.md\/ru\/wp-json\/wp\/v2\/types\/product"}],"replies":[{"embeddable":true,"href":"https:\/\/ceasuri.md\/ru\/wp-json\/wp\/v2\/comments?post=60602"}],"wp:featuredmedia":[{"embeddable":true,"href":"https:\/\/ceasuri.md\/ru\/wp-json\/wp\/v2\/media\/60603"}],"wp:attachment":[{"href":"https:\/\/ceasuri.md\/ru\/wp-json\/wp\/v2\/media?parent=60602"}],"wp:term":[{"taxonomy":"product_brand","embeddable":true,"href":"https:\/\/ceasuri.md\/ru\/wp-json\/wp\/v2\/product_brand?post=60602"},{"taxonomy":"product_cat","embeddable":true,"href":"https:\/\/ceasuri.md\/ru\/wp-json\/wp\/v2\/product_cat?post=60602"},{"taxonomy":"product_tag","embeddable":true,"href":"https:\/\/ceasuri.md\/ru\/wp-json\/wp\/v2\/product_tag?post=60602"}],"curies":[{"name":"wp","href":"https:\/\/api.w.org\/{rel}","templated":true}]}}