{"id":60597,"date":"2026-04-03T01:14:11","date_gmt":"2026-04-02T22:14:11","guid":{"rendered":"http:\/\/new.ceasuri.md\/shop\/uncategorized\/armani-exchange-hampton-ax2465\/"},"modified":"2026-04-07T05:08:06","modified_gmt":"2026-04-07T02:08:06","slug":"armani-exchange-hampton-ax2465","status":"publish","type":"product","link":"https:\/\/ceasuri.md\/ru\/shop\/branduri\/armani-exchange\/armani-exchange-hampton-ax2465\/","title":{"rendered":"Ceas ARMANI EXCHANGE HAMPTON AX2465"},"content":{"rendered":"<p>Br\u0103\u021bara simpl\u0103 de culoare neagr\u0103 \u0219i carcasa masiv\u0103 confer\u0103 acestui ceas un stil deosebit, iar cadranul negru scheletat adaug\u0103 profunzime designului monocrom.<\/p>\n<p>Cadranele func\u021bionale suplimentare se integreaz\u0103 armonios \u00een compozi\u021bia general\u0103, complet\u00e2nd aspectul estetic minimalist.<\/p>\n<p>Fabricat din o\u021bel inoxidabil, acest ceas combin\u0103 stilul sobru \u0219i versatilitatea.<\/p>","protected":false},"excerpt":{"rendered":"<p>Br\u0103\u021bara simpl\u0103 de culoare neagr\u0103 \u0219i carcasa masiv\u0103 confer\u0103 acestui ceas un stil deosebit, iar cadranul negru scheletat adaug\u0103 profunzime designului monocrom. Cadranele func\u021bionale suplimentare se integreaz\u0103 armonios \u00een compozi\u021bia general\u0103, complet\u00e2nd aspectul estetic minimalist. Fabricat din o\u021bel inoxidabil, acest ceas combin\u0103 stilul sobru \u0219i versatilitatea.<\/p>","protected":false},"featured_media":60598,"comment_status":"closed","ping_status":"open","template":"","meta":{"_acf_changed":false},"product_brand":[],"product_cat":[615,20],"product_tag":[],"class_list":{"0":"post-60597","1":"product","2":"type-product","3":"status-publish","4":"has-post-thumbnail","6":"product_cat-armani-exchange","7":"product_cat-ceasuri-barbati","8":"pa_brand-armani-exchange","9":"pa_braslet-otel-inoxidabil","10":"pa_corpus-46-mm","11":"pa_forma-rotund","12":"pa_funcii-data","13":"pa_funcii-semischelet","14":"pa_funcii-ziua-saptamanii","15":"pa_garatia-24-luni","16":"pa_korpus-negru","17":"pa_material-otel-inoxidabil","18":"pa_mehanizm-quartz","19":"pa_remeshok-negru","20":"pa_steklo-cristal-mineral","21":"pa_strana-italia","22":"pa_voda-5-atm","24":"first","25":"instock","26":"purchasable","27":"product-type-simple"},"acf":[],"_links":{"self":[{"href":"https:\/\/ceasuri.md\/ru\/wp-json\/wp\/v2\/product\/60597","targetHints":{"allow":["GET"]}}],"collection":[{"href":"https:\/\/ceasuri.md\/ru\/wp-json\/wp\/v2\/product"}],"about":[{"href":"https:\/\/ceasuri.md\/ru\/wp-json\/wp\/v2\/types\/product"}],"replies":[{"embeddable":true,"href":"https:\/\/ceasuri.md\/ru\/wp-json\/wp\/v2\/comments?post=60597"}],"wp:featuredmedia":[{"embeddable":true,"href":"https:\/\/ceasuri.md\/ru\/wp-json\/wp\/v2\/media\/60598"}],"wp:attachment":[{"href":"https:\/\/ceasuri.md\/ru\/wp-json\/wp\/v2\/media?parent=60597"}],"wp:term":[{"taxonomy":"product_brand","embeddable":true,"href":"https:\/\/ceasuri.md\/ru\/wp-json\/wp\/v2\/product_brand?post=60597"},{"taxonomy":"product_cat","embeddable":true,"href":"https:\/\/ceasuri.md\/ru\/wp-json\/wp\/v2\/product_cat?post=60597"},{"taxonomy":"product_tag","embeddable":true,"href":"https:\/\/ceasuri.md\/ru\/wp-json\/wp\/v2\/product_tag?post=60597"}],"curies":[{"name":"wp","href":"https:\/\/api.w.org\/{rel}","templated":true}]}}