{"id":60592,"date":"2026-04-03T01:14:11","date_gmt":"2026-04-02T22:14:11","guid":{"rendered":"http:\/\/new.ceasuri.md\/shop\/uncategorized\/armani-exchange-oliver-ax2820\/"},"modified":"2026-04-07T05:08:05","modified_gmt":"2026-04-07T02:08:05","slug":"armani-exchange-oliver-ax2820","status":"publish","type":"product","link":"https:\/\/ceasuri.md\/ru\/shop\/branduri\/armani-exchange\/armani-exchange-oliver-ax2820\/","title":{"rendered":"Ceas ARMANI EXCHANGE OLIVER AX2820"},"content":{"rendered":"<p>Ceasul cronograf se remarc\u0103 prin carcasa elegant\u0103 \u0219i cadranul gri mat.<\/p>\n<p>Br\u0103\u021bara din o\u021bel inoxidabil de culoare argintie are o suprafa\u021b\u0103 lustruit\u0103, care reflect\u0103 lumina.<\/p>\n<p>Cadranele secundare \u00een stil sportiv adaug\u0103 un plus de practicitate designului minimalist, cre\u00e2nd un ceas care combin\u0103 estetica modern\u0103 \u0219i func\u021bionalitatea precis\u0103.<\/p>","protected":false},"excerpt":{"rendered":"<p>Ceasul cronograf se remarc\u0103 prin carcasa elegant\u0103 \u0219i cadranul gri mat. Br\u0103\u021bara din o\u021bel inoxidabil de culoare argintie are o suprafa\u021b\u0103 lustruit\u0103, care reflect\u0103 lumina. Cadranele secundare \u00een stil sportiv adaug\u0103 un plus de practicitate designului minimalist, cre\u00e2nd un ceas care combin\u0103 estetica modern\u0103 \u0219i func\u021bionalitatea precis\u0103.<\/p>","protected":false},"featured_media":60593,"comment_status":"closed","ping_status":"open","template":"","meta":{"_acf_changed":false},"product_brand":[],"product_cat":[615,20],"product_tag":[],"class_list":{"0":"post-60592","1":"product","2":"type-product","3":"status-publish","4":"has-post-thumbnail","6":"product_cat-armani-exchange","7":"product_cat-ceasuri-barbati","8":"pa_brand-armani-exchange","9":"pa_braslet-otel-inoxidabil","10":"pa_corpus-40-mm","11":"pa_forma-butoi","12":"pa_funcii-cronograf","13":"pa_funcii-data","14":"pa_garatia-24-luni","15":"pa_korpus-argintiu","16":"pa_material-otel-inoxidabil","17":"pa_mehanizm-quartz","18":"pa_remeshok-argintiu","19":"pa_steklo-cristal-mineral","20":"pa_strana-italia","21":"pa_voda-5-atm","23":"first","24":"instock","25":"purchasable","26":"product-type-simple"},"acf":[],"_links":{"self":[{"href":"https:\/\/ceasuri.md\/ru\/wp-json\/wp\/v2\/product\/60592","targetHints":{"allow":["GET"]}}],"collection":[{"href":"https:\/\/ceasuri.md\/ru\/wp-json\/wp\/v2\/product"}],"about":[{"href":"https:\/\/ceasuri.md\/ru\/wp-json\/wp\/v2\/types\/product"}],"replies":[{"embeddable":true,"href":"https:\/\/ceasuri.md\/ru\/wp-json\/wp\/v2\/comments?post=60592"}],"wp:featuredmedia":[{"embeddable":true,"href":"https:\/\/ceasuri.md\/ru\/wp-json\/wp\/v2\/media\/60593"}],"wp:attachment":[{"href":"https:\/\/ceasuri.md\/ru\/wp-json\/wp\/v2\/media?parent=60592"}],"wp:term":[{"taxonomy":"product_brand","embeddable":true,"href":"https:\/\/ceasuri.md\/ru\/wp-json\/wp\/v2\/product_brand?post=60592"},{"taxonomy":"product_cat","embeddable":true,"href":"https:\/\/ceasuri.md\/ru\/wp-json\/wp\/v2\/product_cat?post=60592"},{"taxonomy":"product_tag","embeddable":true,"href":"https:\/\/ceasuri.md\/ru\/wp-json\/wp\/v2\/product_tag?post=60592"}],"curies":[{"name":"wp","href":"https:\/\/api.w.org\/{rel}","templated":true}]}}