{"id":60587,"date":"2026-04-03T01:13:05","date_gmt":"2026-04-02T22:13:05","guid":{"rendered":"http:\/\/new.ceasuri.md\/shop\/uncategorized\/armani-exchange-oliver-ax2821\/"},"modified":"2026-04-20T01:53:33","modified_gmt":"2026-04-19T22:53:33","slug":"armani-exchange-oliver-ax2821","status":"publish","type":"product","link":"https:\/\/ceasuri.md\/ru\/shop\/branduri\/armani-exchange\/armani-exchange-oliver-ax2821\/","title":{"rendered":"Ceas ARMANI EXCHANGE OLIVER AX2821"},"content":{"rendered":"<p>Combina\u021bia de o\u021bel inoxidabil argintiu \u0219i auriu define\u0219te stilul acestui ceas cronograf, cre\u00e2nd un contrast \u00eendr\u0103zne\u021b, dar rafinat.<\/p>\n<p>Cadranul mat este completat de cadrane func\u021bionale suplimentare pentru o mai mare practicitate, iar br\u0103\u021bara bicolor\u0103 confer\u0103 profunzime \u0219i volum.<\/p>\n<p>O abordare modern\u0103 a designului, inspirat\u0103 de moda stradal\u0103, care combin\u0103 cu u\u0219urin\u021b\u0103 structura \u0219i stilul.<\/p>","protected":false},"excerpt":{"rendered":"<p>Combina\u021bia de o\u021bel inoxidabil argintiu \u0219i auriu define\u0219te stilul acestui ceas cronograf, cre\u00e2nd un contrast \u00eendr\u0103zne\u021b, dar rafinat. Cadranul mat este completat de cadrane func\u021bionale suplimentare pentru o mai mare practicitate, iar br\u0103\u021bara bicolor\u0103 confer\u0103 profunzime \u0219i volum. O abordare modern\u0103 a designului, inspirat\u0103 de moda stradal\u0103, care combin\u0103 cu u\u0219urin\u021b\u0103 structura \u0219i stilul.<\/p>","protected":false},"featured_media":60588,"comment_status":"closed","ping_status":"open","template":"","meta":{"_acf_changed":false},"product_brand":[],"product_cat":[615,20],"product_tag":[],"class_list":{"0":"post-60587","1":"product","2":"type-product","3":"status-publish","4":"has-post-thumbnail","6":"product_cat-armani-exchange","7":"product_cat-ceasuri-barbati","8":"pa_brand-armani-exchange","9":"pa_braslet-otel-inoxidabil","10":"pa_corpus-40-mm","11":"pa_forma-butoi","12":"pa_funcii-cronograf","13":"pa_funcii-data","14":"pa_garatia-24-luni","15":"pa_korpus-bicolor","16":"pa_kvarc-quartz","17":"pa_material-otel-inoxidabil","18":"pa_mehanizm-quartz","19":"pa_remeshok-bicolor","20":"pa_steklo-cristal-mineral","21":"pa_strana-italia","22":"pa_voda-5-atm","24":"first","25":"instock","26":"purchasable","27":"product-type-simple"},"acf":[],"_links":{"self":[{"href":"https:\/\/ceasuri.md\/ru\/wp-json\/wp\/v2\/product\/60587","targetHints":{"allow":["GET"]}}],"collection":[{"href":"https:\/\/ceasuri.md\/ru\/wp-json\/wp\/v2\/product"}],"about":[{"href":"https:\/\/ceasuri.md\/ru\/wp-json\/wp\/v2\/types\/product"}],"replies":[{"embeddable":true,"href":"https:\/\/ceasuri.md\/ru\/wp-json\/wp\/v2\/comments?post=60587"}],"wp:featuredmedia":[{"embeddable":true,"href":"https:\/\/ceasuri.md\/ru\/wp-json\/wp\/v2\/media\/60588"}],"wp:attachment":[{"href":"https:\/\/ceasuri.md\/ru\/wp-json\/wp\/v2\/media?parent=60587"}],"wp:term":[{"taxonomy":"product_brand","embeddable":true,"href":"https:\/\/ceasuri.md\/ru\/wp-json\/wp\/v2\/product_brand?post=60587"},{"taxonomy":"product_cat","embeddable":true,"href":"https:\/\/ceasuri.md\/ru\/wp-json\/wp\/v2\/product_cat?post=60587"},{"taxonomy":"product_tag","embeddable":true,"href":"https:\/\/ceasuri.md\/ru\/wp-json\/wp\/v2\/product_tag?post=60587"}],"curies":[{"name":"wp","href":"https:\/\/api.w.org\/{rel}","templated":true}]}}