{"id":60582,"date":"2026-04-03T01:13:05","date_gmt":"2026-04-02T22:13:05","guid":{"rendered":"http:\/\/new.ceasuri.md\/shop\/uncategorized\/armani-exchange-oliver-ax2822\/"},"modified":"2026-04-17T15:29:08","modified_gmt":"2026-04-17T12:29:08","slug":"armani-exchange-oliver-ax2822","status":"publish","type":"product","link":"https:\/\/ceasuri.md\/ru\/shop\/branduri\/armani-exchange\/armani-exchange-oliver-ax2822\/","title":{"rendered":"Ceas ARMANI EXCHANGE OLIVER AX2822"},"content":{"rendered":"<p>Cadranul mat de culoare verde, combinat cu carcasa de culoare aurie, creeaz\u0103 o combina\u021bie uimitoare de culoare \u0219i structur\u0103.<\/p>\n<p>Br\u0103\u021bara asortat\u0103 din o\u021bel inoxidabil de culoare aurie adaug\u0103 o integritate impecabil\u0103, iar cadranele cronografice suplimentare confer\u0103 func\u021bionalitate designului.<\/p>\n<p>O siluet\u0103 modern\u0103 cu un caracter sigur.<\/p>","protected":false},"excerpt":{"rendered":"<p>Cadranul mat de culoare verde, combinat cu carcasa de culoare aurie, creeaz\u0103 o combina\u021bie uimitoare de culoare \u0219i structur\u0103. Br\u0103\u021bara asortat\u0103 din o\u021bel inoxidabil de culoare aurie adaug\u0103 o integritate impecabil\u0103, iar cadranele cronografice suplimentare confer\u0103 func\u021bionalitate designului. O siluet\u0103 modern\u0103 cu un caracter sigur.<\/p>","protected":false},"featured_media":60583,"comment_status":"closed","ping_status":"open","template":"","meta":{"_acf_changed":false},"product_brand":[],"product_cat":[615,20],"product_tag":[],"class_list":{"0":"post-60582","1":"product","2":"type-product","3":"status-publish","4":"has-post-thumbnail","6":"product_cat-armani-exchange","7":"product_cat-ceasuri-barbati","8":"pa_brand-armani-exchange","9":"pa_braslet-otel-inoxidabil","10":"pa_corpus-40-mm","11":"pa_forma-butoi","12":"pa_funcii-cronograf","13":"pa_funcii-data","14":"pa_garatia-24-luni","15":"pa_korpus-auriu","16":"pa_kvarc-quartz","17":"pa_material-otel-inoxidabil","18":"pa_mehanizm-quartz","19":"pa_remeshok-auriu","20":"pa_steklo-cristal-mineral","21":"pa_strana-italia","22":"pa_voda-5-atm","24":"first","25":"instock","26":"purchasable","27":"product-type-simple"},"acf":[],"_links":{"self":[{"href":"https:\/\/ceasuri.md\/ru\/wp-json\/wp\/v2\/product\/60582","targetHints":{"allow":["GET"]}}],"collection":[{"href":"https:\/\/ceasuri.md\/ru\/wp-json\/wp\/v2\/product"}],"about":[{"href":"https:\/\/ceasuri.md\/ru\/wp-json\/wp\/v2\/types\/product"}],"replies":[{"embeddable":true,"href":"https:\/\/ceasuri.md\/ru\/wp-json\/wp\/v2\/comments?post=60582"}],"wp:featuredmedia":[{"embeddable":true,"href":"https:\/\/ceasuri.md\/ru\/wp-json\/wp\/v2\/media\/60583"}],"wp:attachment":[{"href":"https:\/\/ceasuri.md\/ru\/wp-json\/wp\/v2\/media?parent=60582"}],"wp:term":[{"taxonomy":"product_brand","embeddable":true,"href":"https:\/\/ceasuri.md\/ru\/wp-json\/wp\/v2\/product_brand?post=60582"},{"taxonomy":"product_cat","embeddable":true,"href":"https:\/\/ceasuri.md\/ru\/wp-json\/wp\/v2\/product_cat?post=60582"},{"taxonomy":"product_tag","embeddable":true,"href":"https:\/\/ceasuri.md\/ru\/wp-json\/wp\/v2\/product_tag?post=60582"}],"curies":[{"name":"wp","href":"https:\/\/api.w.org\/{rel}","templated":true}]}}