{"id":60577,"date":"2026-04-03T01:13:05","date_gmt":"2026-04-02T22:13:05","guid":{"rendered":"http:\/\/new.ceasuri.md\/shop\/uncategorized\/armani-exchange-oliver-ax2823\/"},"modified":"2026-04-15T21:19:06","modified_gmt":"2026-04-15T18:19:06","slug":"armani-exchange-oliver-ax2823","status":"publish","type":"product","link":"https:\/\/ceasuri.md\/ru\/shop\/branduri\/armani-exchange\/armani-exchange-oliver-ax2823\/","title":{"rendered":"Ceas ARMANI EXCHANGE OLIVER AX2823"},"content":{"rendered":"<p>Cadranul negru mat, combinat cu carcasa \u0219i br\u0103\u021bara din o\u021bel inoxidabil de culoare \u201eargintiu tun\u201d, creeaz\u0103 un design modern \u0219i aerodinamic.<\/p>\n<p>Cadranele suplimentare \u0219i func\u021bia de cronograf asigur\u0103 precizie \u0219i practicitate, iar finisajul \u00een ton subliniaz\u0103 sobrietatea modelului.<\/p>\n<p>Silueta curat\u0103 permite concentrarea<\/p>\n<p> aten\u021biei asupra combina\u021biei \u00eendr\u0103zne\u021be de texturi.<\/p>","protected":false},"excerpt":{"rendered":"<p>Cadranul negru mat, combinat cu carcasa \u0219i br\u0103\u021bara din o\u021bel inoxidabil de culoare \u201eargintiu tun\u201d, creeaz\u0103 un design modern \u0219i aerodinamic. Cadranele suplimentare \u0219i func\u021bia de cronograf asigur\u0103 precizie \u0219i practicitate, iar finisajul \u00een ton subliniaz\u0103 sobrietatea modelului. Silueta curat\u0103 permite concentrarea aten\u021biei asupra combina\u021biei \u00eendr\u0103zne\u021be de texturi.<\/p>","protected":false},"featured_media":60578,"comment_status":"closed","ping_status":"open","template":"","meta":{"_acf_changed":false},"product_brand":[],"product_cat":[615,20],"product_tag":[],"class_list":{"0":"post-60577","1":"product","2":"type-product","3":"status-publish","4":"has-post-thumbnail","6":"product_cat-armani-exchange","7":"product_cat-ceasuri-barbati","8":"pa_brand-armani-exchange","9":"pa_braslet-otel-inoxidabil","10":"pa_corpus-40-mm","11":"pa_forma-butoi","12":"pa_funcii-cronograf","13":"pa_funcii-data","14":"pa_garatia-24-luni","15":"pa_korpus-gri","16":"pa_kvarc-quartz","17":"pa_material-otel-inoxidabil","18":"pa_mehanizm-quartz","19":"pa_remeshok-gri","20":"pa_steklo-cristal-mineral","21":"pa_strana-italia","22":"pa_voda-5-atm","24":"first","25":"instock","26":"purchasable","27":"product-type-simple"},"acf":[],"_links":{"self":[{"href":"https:\/\/ceasuri.md\/ru\/wp-json\/wp\/v2\/product\/60577","targetHints":{"allow":["GET"]}}],"collection":[{"href":"https:\/\/ceasuri.md\/ru\/wp-json\/wp\/v2\/product"}],"about":[{"href":"https:\/\/ceasuri.md\/ru\/wp-json\/wp\/v2\/types\/product"}],"replies":[{"embeddable":true,"href":"https:\/\/ceasuri.md\/ru\/wp-json\/wp\/v2\/comments?post=60577"}],"wp:featuredmedia":[{"embeddable":true,"href":"https:\/\/ceasuri.md\/ru\/wp-json\/wp\/v2\/media\/60578"}],"wp:attachment":[{"href":"https:\/\/ceasuri.md\/ru\/wp-json\/wp\/v2\/media?parent=60577"}],"wp:term":[{"taxonomy":"product_brand","embeddable":true,"href":"https:\/\/ceasuri.md\/ru\/wp-json\/wp\/v2\/product_brand?post=60577"},{"taxonomy":"product_cat","embeddable":true,"href":"https:\/\/ceasuri.md\/ru\/wp-json\/wp\/v2\/product_cat?post=60577"},{"taxonomy":"product_tag","embeddable":true,"href":"https:\/\/ceasuri.md\/ru\/wp-json\/wp\/v2\/product_tag?post=60577"}],"curies":[{"name":"wp","href":"https:\/\/api.w.org\/{rel}","templated":true}]}}