{"id":60572,"date":"2026-04-03T01:13:05","date_gmt":"2026-04-02T22:13:05","guid":{"rendered":"http:\/\/new.ceasuri.md\/shop\/uncategorized\/armani-exchange-sync-ax4189\/"},"modified":"2026-04-07T05:08:02","modified_gmt":"2026-04-07T02:08:02","slug":"armani-exchange-sync-ax4189","status":"publish","type":"product","link":"https:\/\/ceasuri.md\/ru\/shop\/branduri\/armani-exchange\/armani-exchange-sync-ax4189\/","title":{"rendered":"Ceas ARMANI EXCHANGE SYNC AX4189"},"content":{"rendered":"<p>Cadranul albastru mat \u0219i br\u0103\u021bara din o\u021bel inoxidabil asortat\u0103 creeaz\u0103 un aspect monocromatic pentru acest ceas cronograf \u00eendr\u0103zne\u021b.<\/p>\n<p>Carcasa este realizat\u0103 din o\u021bel inoxidabil cu acoperire albastr\u0103, iar cadranele suplimentare adaug\u0103 func\u021bionalitate.<\/p>\n<p>Elegant \u0219i stilat, acest ceas \u00eentruchipeaz\u0103 estetica modern\u0103 a modei stradale, pentru care Armani Exchange este renumit.<\/p>","protected":false},"excerpt":{"rendered":"<p>Cadranul albastru mat \u0219i br\u0103\u021bara din o\u021bel inoxidabil asortat\u0103 creeaz\u0103 un aspect monocromatic pentru acest ceas cronograf \u00eendr\u0103zne\u021b. Carcasa este realizat\u0103 din o\u021bel inoxidabil cu acoperire albastr\u0103, iar cadranele suplimentare adaug\u0103 func\u021bionalitate. Elegant \u0219i stilat, acest ceas \u00eentruchipeaz\u0103 estetica modern\u0103 a modei stradale, pentru care Armani Exchange este renumit.<\/p>","protected":false},"featured_media":60573,"comment_status":"closed","ping_status":"open","template":"","meta":{"_acf_changed":false},"product_brand":[],"product_cat":[615,20],"product_tag":[],"class_list":{"0":"post-60572","1":"product","2":"type-product","3":"status-publish","4":"has-post-thumbnail","6":"product_cat-armani-exchange","7":"product_cat-ceasuri-barbati","8":"pa_brand-armani-exchange","9":"pa_braslet-otel-inoxidabil","10":"pa_corpus-42-mm","11":"pa_forma-rotund","12":"pa_funcii-cronograf","13":"pa_funcii-data","14":"pa_garatia-24-luni","15":"pa_korpus-albastru-inchis","16":"pa_material-otel-inoxidabil","17":"pa_mehanizm-quartz","18":"pa_remeshok-albastru-inchis","19":"pa_steklo-cristal-mineral","20":"pa_strana-italia","21":"pa_voda-5-atm","23":"first","24":"instock","25":"purchasable","26":"product-type-simple"},"acf":[],"_links":{"self":[{"href":"https:\/\/ceasuri.md\/ru\/wp-json\/wp\/v2\/product\/60572","targetHints":{"allow":["GET"]}}],"collection":[{"href":"https:\/\/ceasuri.md\/ru\/wp-json\/wp\/v2\/product"}],"about":[{"href":"https:\/\/ceasuri.md\/ru\/wp-json\/wp\/v2\/types\/product"}],"replies":[{"embeddable":true,"href":"https:\/\/ceasuri.md\/ru\/wp-json\/wp\/v2\/comments?post=60572"}],"wp:featuredmedia":[{"embeddable":true,"href":"https:\/\/ceasuri.md\/ru\/wp-json\/wp\/v2\/media\/60573"}],"wp:attachment":[{"href":"https:\/\/ceasuri.md\/ru\/wp-json\/wp\/v2\/media?parent=60572"}],"wp:term":[{"taxonomy":"product_brand","embeddable":true,"href":"https:\/\/ceasuri.md\/ru\/wp-json\/wp\/v2\/product_brand?post=60572"},{"taxonomy":"product_cat","embeddable":true,"href":"https:\/\/ceasuri.md\/ru\/wp-json\/wp\/v2\/product_cat?post=60572"},{"taxonomy":"product_tag","embeddable":true,"href":"https:\/\/ceasuri.md\/ru\/wp-json\/wp\/v2\/product_tag?post=60572"}],"curies":[{"name":"wp","href":"https:\/\/api.w.org\/{rel}","templated":true}]}}