{"id":60562,"date":"2026-04-03T01:13:05","date_gmt":"2026-04-02T22:13:05","guid":{"rendered":"http:\/\/new.ceasuri.md\/shop\/uncategorized\/armani-exchange-andrea-ax4620\/"},"modified":"2026-04-20T01:53:35","modified_gmt":"2026-04-19T22:53:35","slug":"armani-exchange-andrea-ax4620","status":"publish","type":"product","link":"https:\/\/ceasuri.md\/ru\/shop\/branduri\/armani-exchange\/armani-exchange-andrea-ax4620\/","title":{"rendered":"\u0427\u0430\u0441\u044b ARMANI EXCHANGE ANDREA AX4620"},"content":{"rendered":"<p>Cadranul albastru intens cu efect de raze solare atrage aten\u021bia asupra acestui ceas cu br\u0103\u021bar\u0103 din o\u021bel inoxidabil auriu.<\/p>\n<p>Carcasa octogonal\u0103 adaug\u0103 un accent geometric modern, iar designul minimalist cu trei ace p\u0103streaz\u0103 un aspect concis \u0219i rafinat.<\/p>\n<p>Acest ceas, realizat \u00eentr-o culoare aurie str\u0103lucitoare, combin\u0103 stilul modern \u0219i versatilitatea de zi cu zi.<\/p>","protected":false},"excerpt":{"rendered":"<p>Cadranul albastru intens cu efect de raze solare atrage aten\u021bia asupra acestui ceas cu br\u0103\u021bar\u0103 din o\u021bel inoxidabil auriu. Carcasa octogonal\u0103 adaug\u0103 un accent geometric modern, iar designul minimalist cu trei ace p\u0103streaz\u0103 un aspect concis \u0219i rafinat. Acest ceas, realizat \u00eentr-o culoare aurie str\u0103lucitoare, combin\u0103 stilul modern \u0219i versatilitatea de zi cu zi.<\/p>","protected":false},"featured_media":60563,"comment_status":"closed","ping_status":"open","template":"","meta":{"_acf_changed":false},"product_brand":[],"product_cat":[615,25],"product_tag":[],"class_list":{"0":"post-60562","1":"product","2":"type-product","3":"status-publish","4":"has-post-thumbnail","6":"product_cat-armani-exchange","7":"product_cat-ceasuri-dama","8":"pa_brand-armani-exchange","9":"pa_braslet-otel-inoxidabil","10":"pa_corpus-34-mm","11":"pa_decor-cristale-swarowski","12":"pa_forma-octogonala","13":"pa_garatia-24-luni","14":"pa_korpus-auriu","15":"pa_kvarc-quartz","16":"pa_material-otel-inoxidabil","17":"pa_mehanizm-quartz","18":"pa_remeshok-auriu","19":"pa_steklo-cristal-mineral","20":"pa_strana-italia","21":"pa_voda-5-atm","23":"first","24":"instock","25":"purchasable","26":"product-type-simple"},"acf":[],"_links":{"self":[{"href":"https:\/\/ceasuri.md\/ru\/wp-json\/wp\/v2\/product\/60562","targetHints":{"allow":["GET"]}}],"collection":[{"href":"https:\/\/ceasuri.md\/ru\/wp-json\/wp\/v2\/product"}],"about":[{"href":"https:\/\/ceasuri.md\/ru\/wp-json\/wp\/v2\/types\/product"}],"replies":[{"embeddable":true,"href":"https:\/\/ceasuri.md\/ru\/wp-json\/wp\/v2\/comments?post=60562"}],"wp:featuredmedia":[{"embeddable":true,"href":"https:\/\/ceasuri.md\/ru\/wp-json\/wp\/v2\/media\/60563"}],"wp:attachment":[{"href":"https:\/\/ceasuri.md\/ru\/wp-json\/wp\/v2\/media?parent=60562"}],"wp:term":[{"taxonomy":"product_brand","embeddable":true,"href":"https:\/\/ceasuri.md\/ru\/wp-json\/wp\/v2\/product_brand?post=60562"},{"taxonomy":"product_cat","embeddable":true,"href":"https:\/\/ceasuri.md\/ru\/wp-json\/wp\/v2\/product_cat?post=60562"},{"taxonomy":"product_tag","embeddable":true,"href":"https:\/\/ceasuri.md\/ru\/wp-json\/wp\/v2\/product_tag?post=60562"}],"curies":[{"name":"wp","href":"https:\/\/api.w.org\/{rel}","templated":true}]}}