{"id":60557,"date":"2026-04-03T01:13:05","date_gmt":"2026-04-02T22:13:05","guid":{"rendered":"http:\/\/new.ceasuri.md\/shop\/uncategorized\/armani-exchange-jackie-ax5178\/"},"modified":"2026-04-20T01:53:36","modified_gmt":"2026-04-19T22:53:36","slug":"armani-exchange-jackie-ax5178","status":"publish","type":"product","link":"https:\/\/ceasuri.md\/ru\/shop\/branduri\/armani-exchange\/armani-exchange-jackie-ax5178\/","title":{"rendered":"Ceas ARMANI EXCHANGE JACKIE AX5178"},"content":{"rendered":"<p>Carcasa lustruit\u0103 de culoare aurie \u00eencadreaz\u0103 cadranul ro\u0219u \u00eenchis cu efect de raze solare, cre\u00e2nd un contrast cald cu cureaua din piele neagr\u0103.<\/p>\n<p>Designul minimalist cu dou\u0103 ace confer\u0103 ceasului un aspect concis \u0219i modern, iar textura bogat\u0103 a pielii \u0219i a o\u021belului inoxidabil \u00eei adaug\u0103 volum.<\/p>\n<p>Un accesoriu rafinat, care poate fi purtat \u00een fiecare zi.<\/p>","protected":false},"excerpt":{"rendered":"<p>Carcasa lustruit\u0103 de culoare aurie \u00eencadreaz\u0103 cadranul ro\u0219u \u00eenchis cu efect de raze solare, cre\u00e2nd un contrast cald cu cureaua din piele neagr\u0103. Designul minimalist cu dou\u0103 ace confer\u0103 ceasului un aspect concis \u0219i modern, iar textura bogat\u0103 a pielii \u0219i a o\u021belului inoxidabil \u00eei adaug\u0103 volum. Un accesoriu rafinat, care poate fi purtat \u00een [&hellip;]<\/p>\n","protected":false},"featured_media":60558,"comment_status":"closed","ping_status":"open","template":"","meta":{"_acf_changed":false},"product_brand":[],"product_cat":[615,25],"product_tag":[],"class_list":{"0":"post-60557","1":"product","2":"type-product","3":"status-publish","4":"has-post-thumbnail","6":"product_cat-armani-exchange","7":"product_cat-ceasuri-dama","8":"pa_brand-armani-exchange","9":"pa_braslet-piele","10":"pa_corpus-36-mm","11":"pa_decor-cristale-swarowski","12":"pa_forma-rotund","13":"pa_garatia-24-luni","14":"pa_korpus-auriu","15":"pa_kvarc-quartz","16":"pa_material-otel-inoxidabil","17":"pa_mehanizm-quartz","18":"pa_remeshok-negru","19":"pa_steklo-cristal-mineral","20":"pa_strana-italia","21":"pa_voda-5-atm","23":"first","24":"instock","25":"purchasable","26":"product-type-simple"},"acf":[],"_links":{"self":[{"href":"https:\/\/ceasuri.md\/ru\/wp-json\/wp\/v2\/product\/60557","targetHints":{"allow":["GET"]}}],"collection":[{"href":"https:\/\/ceasuri.md\/ru\/wp-json\/wp\/v2\/product"}],"about":[{"href":"https:\/\/ceasuri.md\/ru\/wp-json\/wp\/v2\/types\/product"}],"replies":[{"embeddable":true,"href":"https:\/\/ceasuri.md\/ru\/wp-json\/wp\/v2\/comments?post=60557"}],"wp:featuredmedia":[{"embeddable":true,"href":"https:\/\/ceasuri.md\/ru\/wp-json\/wp\/v2\/media\/60558"}],"wp:attachment":[{"href":"https:\/\/ceasuri.md\/ru\/wp-json\/wp\/v2\/media?parent=60557"}],"wp:term":[{"taxonomy":"product_brand","embeddable":true,"href":"https:\/\/ceasuri.md\/ru\/wp-json\/wp\/v2\/product_brand?post=60557"},{"taxonomy":"product_cat","embeddable":true,"href":"https:\/\/ceasuri.md\/ru\/wp-json\/wp\/v2\/product_cat?post=60557"},{"taxonomy":"product_tag","embeddable":true,"href":"https:\/\/ceasuri.md\/ru\/wp-json\/wp\/v2\/product_tag?post=60557"}],"curies":[{"name":"wp","href":"https:\/\/api.w.org\/{rel}","templated":true}]}}