{"id":60551,"date":"2026-04-03T01:13:05","date_gmt":"2026-04-02T22:13:05","guid":{"rendered":"http:\/\/new.ceasuri.md\/shop\/uncategorized\/armani-exchange-jackie-ax5179\/"},"modified":"2026-04-20T01:53:36","modified_gmt":"2026-04-19T22:53:36","slug":"armani-exchange-jackie-ax5179","status":"publish","type":"product","link":"https:\/\/ceasuri.md\/ru\/shop\/branduri\/armani-exchange\/armani-exchange-jackie-ax5179\/","title":{"rendered":"\u0427\u0430\u0441\u044b ARMANI EXCHANGE JACKIE AX5179"},"content":{"rendered":"<p>\u00cen acest design elegant, o\u021belul inoxidabil de culoare aurie se combin\u0103 cu pielea albastr\u0103 str\u0103lucitoare.<\/p>\n<p>Cadranul cu efect de raze solare reflect\u0103 lumina, cre\u00e2nd un model subtil, iar cureaua albastr\u0103 asortat\u0103 adaug\u0103 un accent str\u0103lucitor. Cadranul este protejat de sticl\u0103 mineral\u0103.<\/p>\n<p>Silueta minimalist\u0103 confer\u0103 ceasului un aspect concis \u0219i modern, echilibr\u00e2nd nuan\u021bele \u00eendr\u0103zne\u021be cu detalii discrete pentru o elegan\u021b\u0103 de zi cu zi.<\/p>","protected":false},"excerpt":{"rendered":"<p>\u00cen acest design elegant, o\u021belul inoxidabil de culoare aurie se combin\u0103 cu pielea albastr\u0103 str\u0103lucitoare. Cadranul cu efect de raze solare reflect\u0103 lumina, cre\u00e2nd un model subtil, iar cureaua albastr\u0103 asortat\u0103 adaug\u0103 un accent str\u0103lucitor. Cadranul este protejat de sticl\u0103 mineral\u0103. Silueta minimalist\u0103 confer\u0103 ceasului un aspect concis \u0219i modern, echilibr\u00e2nd nuan\u021bele \u00eendr\u0103zne\u021be cu detalii [&hellip;]<\/p>\n","protected":false},"featured_media":60552,"comment_status":"closed","ping_status":"open","template":"","meta":{"_acf_changed":false},"product_brand":[],"product_cat":[615,25],"product_tag":[],"class_list":{"0":"post-60551","1":"product","2":"type-product","3":"status-publish","4":"has-post-thumbnail","6":"product_cat-armani-exchange","7":"product_cat-ceasuri-dama","8":"pa_brand-armani-exchange","9":"pa_braslet-piele","10":"pa_corpus-36-mm","11":"pa_decor-cristale-swarowski","12":"pa_forma-rotund","13":"pa_garatia-24-luni","14":"pa_korpus-auriu","15":"pa_kvarc-quartz","16":"pa_material-otel-inoxidabil","17":"pa_mehanizm-quartz","18":"pa_remeshok-albastru-inchis","19":"pa_steklo-cristal-mineral","20":"pa_strana-italia","21":"pa_voda-5-atm","23":"first","24":"instock","25":"purchasable","26":"product-type-simple"},"acf":[],"_links":{"self":[{"href":"https:\/\/ceasuri.md\/ru\/wp-json\/wp\/v2\/product\/60551","targetHints":{"allow":["GET"]}}],"collection":[{"href":"https:\/\/ceasuri.md\/ru\/wp-json\/wp\/v2\/product"}],"about":[{"href":"https:\/\/ceasuri.md\/ru\/wp-json\/wp\/v2\/types\/product"}],"replies":[{"embeddable":true,"href":"https:\/\/ceasuri.md\/ru\/wp-json\/wp\/v2\/comments?post=60551"}],"wp:featuredmedia":[{"embeddable":true,"href":"https:\/\/ceasuri.md\/ru\/wp-json\/wp\/v2\/media\/60552"}],"wp:attachment":[{"href":"https:\/\/ceasuri.md\/ru\/wp-json\/wp\/v2\/media?parent=60551"}],"wp:term":[{"taxonomy":"product_brand","embeddable":true,"href":"https:\/\/ceasuri.md\/ru\/wp-json\/wp\/v2\/product_brand?post=60551"},{"taxonomy":"product_cat","embeddable":true,"href":"https:\/\/ceasuri.md\/ru\/wp-json\/wp\/v2\/product_cat?post=60551"},{"taxonomy":"product_tag","embeddable":true,"href":"https:\/\/ceasuri.md\/ru\/wp-json\/wp\/v2\/product_tag?post=60551"}],"curies":[{"name":"wp","href":"https:\/\/api.w.org\/{rel}","templated":true}]}}