{"id":60546,"date":"2026-04-03T01:13:05","date_gmt":"2026-04-02T22:13:05","guid":{"rendered":"http:\/\/new.ceasuri.md\/shop\/uncategorized\/armani-exchange-jackie-ax5180\/"},"modified":"2026-04-20T01:53:36","modified_gmt":"2026-04-19T22:53:36","slug":"armani-exchange-jackie-ax5180","status":"publish","type":"product","link":"https:\/\/ceasuri.md\/ru\/shop\/branduri\/armani-exchange\/armani-exchange-jackie-ax5180\/","title":{"rendered":"\u0427\u0430\u0441\u044b ARMANI EXCHANGE JACKIE AX5180"},"content":{"rendered":"<p>Br\u0103\u021bara lustruit\u0103 din o\u021bel inoxidabil de culoare aurie se potrive\u0219te perfect cu cadranul mat argintiu cu efect de raze solare, cre\u00e2nd un contrast uimitor de texturi \u0219i finisaje. Cadranul este protejat de sticl\u0103 mineral\u0103.<\/p>\n<p>Carcasa rotund\u0103 de culoare aurie adaug\u0103 c\u0103ldur\u0103 \u0219i volum, iar func\u021bionalitatea minimalist\u0103 cu dou\u0103 ace completeaz\u0103 imaginea.<\/p>\n<p>Acest design discret combin\u0103 simplitatea modern\u0103 \u0219i detaliile str\u0103lucitoare, cre\u00e2nd o imagine rafinat\u0103 \u0219i natural\u0103.<\/p>","protected":false},"excerpt":{"rendered":"<p>Br\u0103\u021bara lustruit\u0103 din o\u021bel inoxidabil de culoare aurie se potrive\u0219te perfect cu cadranul mat argintiu cu efect de raze solare, cre\u00e2nd un contrast uimitor de texturi \u0219i finisaje. Cadranul este protejat de sticl\u0103 mineral\u0103. Carcasa rotund\u0103 de culoare aurie adaug\u0103 c\u0103ldur\u0103 \u0219i volum, iar func\u021bionalitatea minimalist\u0103 cu dou\u0103 ace completeaz\u0103 imaginea. Acest design discret combin\u0103 [&hellip;]<\/p>\n","protected":false},"featured_media":60547,"comment_status":"closed","ping_status":"open","template":"","meta":{"_acf_changed":false},"product_brand":[],"product_cat":[615,25],"product_tag":[],"class_list":{"0":"post-60546","1":"product","2":"type-product","3":"status-publish","4":"has-post-thumbnail","6":"product_cat-armani-exchange","7":"product_cat-ceasuri-dama","8":"pa_brand-armani-exchange","9":"pa_braslet-otel-inoxidabil","10":"pa_corpus-36-mm","11":"pa_decor-cristale-swarowski","12":"pa_forma-rotund","13":"pa_garatia-24-luni","14":"pa_korpus-auriu","15":"pa_kvarc-quartz","16":"pa_material-otel-inoxidabil","17":"pa_mehanizm-quartz","18":"pa_remeshok-auriu","19":"pa_steklo-cristal-mineral","20":"pa_strana-italia","21":"pa_voda-5-atm","23":"first","24":"instock","25":"purchasable","26":"product-type-simple"},"acf":[],"_links":{"self":[{"href":"https:\/\/ceasuri.md\/ru\/wp-json\/wp\/v2\/product\/60546","targetHints":{"allow":["GET"]}}],"collection":[{"href":"https:\/\/ceasuri.md\/ru\/wp-json\/wp\/v2\/product"}],"about":[{"href":"https:\/\/ceasuri.md\/ru\/wp-json\/wp\/v2\/types\/product"}],"replies":[{"embeddable":true,"href":"https:\/\/ceasuri.md\/ru\/wp-json\/wp\/v2\/comments?post=60546"}],"wp:featuredmedia":[{"embeddable":true,"href":"https:\/\/ceasuri.md\/ru\/wp-json\/wp\/v2\/media\/60547"}],"wp:attachment":[{"href":"https:\/\/ceasuri.md\/ru\/wp-json\/wp\/v2\/media?parent=60546"}],"wp:term":[{"taxonomy":"product_brand","embeddable":true,"href":"https:\/\/ceasuri.md\/ru\/wp-json\/wp\/v2\/product_brand?post=60546"},{"taxonomy":"product_cat","embeddable":true,"href":"https:\/\/ceasuri.md\/ru\/wp-json\/wp\/v2\/product_cat?post=60546"},{"taxonomy":"product_tag","embeddable":true,"href":"https:\/\/ceasuri.md\/ru\/wp-json\/wp\/v2\/product_tag?post=60546"}],"curies":[{"name":"wp","href":"https:\/\/api.w.org\/{rel}","templated":true}]}}