{"id":60541,"date":"2026-04-03T01:13:05","date_gmt":"2026-04-02T22:13:05","guid":{"rendered":"http:\/\/new.ceasuri.md\/shop\/uncategorized\/armani-exchange-leila-ax5730\/"},"modified":"2026-04-20T01:53:37","modified_gmt":"2026-04-19T22:53:37","slug":"armani-exchange-leila-ax5730","status":"publish","type":"product","link":"https:\/\/ceasuri.md\/ru\/shop\/branduri\/armani-exchange\/armani-exchange-leila-ax5730\/","title":{"rendered":"Ceas ARMANI EXCHANGE LEILA AX5730"},"content":{"rendered":"<p>Br\u0103\u021bara elegant\u0103 de culoare albastru \u00eenchis completeaz\u0103 carcasa octogonal\u0103 \u0219i cadranul mat cu efect de raze solare, cre\u00e2nd un design minimalist, dar impresionant. Cadranul este protejat de sticl\u0103 mineral\u0103.<\/p>\n<p>Ceasul este fabricat \u00een \u00eentregime din o\u021bel inoxidabil, iar paleta sa monocrom\u0103 subliniaz\u0103 liniile curate \u0219i rafinamentul modern.<\/p>\n<p>Acest ceas discret, cu mecanism cu trei ace, este ideal pentru cei care prefer\u0103 simplitatea rafinat\u0103.<\/p>","protected":false},"excerpt":{"rendered":"<p>Br\u0103\u021bara elegant\u0103 de culoare albastru \u00eenchis completeaz\u0103 carcasa octogonal\u0103 \u0219i cadranul mat cu efect de raze solare, cre\u00e2nd un design minimalist, dar impresionant. Cadranul este protejat de sticl\u0103 mineral\u0103. Ceasul este fabricat \u00een \u00eentregime din o\u021bel inoxidabil, iar paleta sa monocrom\u0103 subliniaz\u0103 liniile curate \u0219i rafinamentul modern. Acest ceas discret, cu mecanism cu trei ace, [&hellip;]<\/p>\n","protected":false},"featured_media":60542,"comment_status":"closed","ping_status":"open","template":"","meta":{"_acf_changed":false},"product_brand":[],"product_cat":[615,25],"product_tag":[],"class_list":{"0":"post-60541","1":"product","2":"type-product","3":"status-publish","4":"has-post-thumbnail","6":"product_cat-armani-exchange","7":"product_cat-ceasuri-dama","8":"pa_brand-armani-exchange","9":"pa_braslet-otel-inoxidabil","10":"pa_corpus-27-mm","11":"pa_forma-octogonala","12":"pa_garatia-24-luni","13":"pa_korpus-albastru-inchis","14":"pa_kvarc-quartz","15":"pa_material-otel-inoxidabil","16":"pa_mehanizm-quartz","17":"pa_remeshok-albastru-inchis","18":"pa_steklo-cristal-mineral","19":"pa_strana-italia","20":"pa_voda-5-atm","22":"first","23":"instock","24":"purchasable","25":"product-type-simple"},"acf":[],"_links":{"self":[{"href":"https:\/\/ceasuri.md\/ru\/wp-json\/wp\/v2\/product\/60541","targetHints":{"allow":["GET"]}}],"collection":[{"href":"https:\/\/ceasuri.md\/ru\/wp-json\/wp\/v2\/product"}],"about":[{"href":"https:\/\/ceasuri.md\/ru\/wp-json\/wp\/v2\/types\/product"}],"replies":[{"embeddable":true,"href":"https:\/\/ceasuri.md\/ru\/wp-json\/wp\/v2\/comments?post=60541"}],"wp:featuredmedia":[{"embeddable":true,"href":"https:\/\/ceasuri.md\/ru\/wp-json\/wp\/v2\/media\/60542"}],"wp:attachment":[{"href":"https:\/\/ceasuri.md\/ru\/wp-json\/wp\/v2\/media?parent=60541"}],"wp:term":[{"taxonomy":"product_brand","embeddable":true,"href":"https:\/\/ceasuri.md\/ru\/wp-json\/wp\/v2\/product_brand?post=60541"},{"taxonomy":"product_cat","embeddable":true,"href":"https:\/\/ceasuri.md\/ru\/wp-json\/wp\/v2\/product_cat?post=60541"},{"taxonomy":"product_tag","embeddable":true,"href":"https:\/\/ceasuri.md\/ru\/wp-json\/wp\/v2\/product_tag?post=60541"}],"curies":[{"name":"wp","href":"https:\/\/api.w.org\/{rel}","templated":true}]}}