{"id":60526,"date":"2026-04-03T01:13:05","date_gmt":"2026-04-02T22:13:05","guid":{"rendered":"http:\/\/new.ceasuri.md\/shop\/uncategorized\/armani-exchange-leila-ax5735\/"},"modified":"2026-04-15T21:18:57","modified_gmt":"2026-04-15T18:18:57","slug":"armani-exchange-leila-ax5735","status":"publish","type":"product","link":"https:\/\/ceasuri.md\/ru\/shop\/branduri\/armani-exchange\/armani-exchange-leila-ax5735\/","title":{"rendered":"Ceas ARMANI EXCHANGE LEILA AX5735"},"content":{"rendered":"<p>Carcasa octogonal\u0103 din o\u021bel inoxidabil auriu \u00eencadreaz\u0103 cadranul albastru str\u0103lucitor cu un model \u00een form\u0103 de raze de soare, care se schimb\u0103 la fiecare mi\u0219care. Cadranul este protejat de sticl\u0103 mineral\u0103.<\/p>\n<p>Br\u0103\u021bara elegant\u0103 din o\u021bel inoxidabil auriu, inspirat\u0103 de bijuterii, completeaz\u0103 armonios designul minimalist cu trei ace. <\/p>\n<p>Datorit\u0103 siluetei \u0219i contrastului cromatic puternic, acest model combin\u0103 designul modern \u0219i luxul discret.<\/p>","protected":false},"excerpt":{"rendered":"<p>Carcasa octogonal\u0103 din o\u021bel inoxidabil auriu \u00eencadreaz\u0103 cadranul albastru str\u0103lucitor cu un model \u00een form\u0103 de raze de soare, care se schimb\u0103 la fiecare mi\u0219care. Cadranul este protejat de sticl\u0103 mineral\u0103. Br\u0103\u021bara elegant\u0103 din o\u021bel inoxidabil auriu, inspirat\u0103 de bijuterii, completeaz\u0103 armonios designul minimalist cu trei ace. Datorit\u0103 siluetei \u0219i contrastului cromatic puternic, acest model [&hellip;]<\/p>\n","protected":false},"featured_media":60527,"comment_status":"closed","ping_status":"open","template":"","meta":{"_acf_changed":false},"product_brand":[],"product_cat":[615,25],"product_tag":[],"class_list":{"0":"post-60526","1":"product","2":"type-product","3":"status-publish","4":"has-post-thumbnail","6":"product_cat-armani-exchange","7":"product_cat-ceasuri-dama","8":"pa_brand-armani-exchange","9":"pa_braslet-otel-inoxidabil","10":"pa_corpus-27-mm","11":"pa_forma-octogonala","12":"pa_garatia-24-luni","13":"pa_korpus-auriu","14":"pa_kvarc-quartz","15":"pa_material-otel-inoxidabil","16":"pa_mehanizm-quartz","17":"pa_remeshok-auriu","18":"pa_steklo-cristal-mineral","19":"pa_strana-italia","20":"pa_voda-5-atm","22":"first","23":"instock","24":"purchasable","25":"product-type-simple"},"acf":[],"_links":{"self":[{"href":"https:\/\/ceasuri.md\/ru\/wp-json\/wp\/v2\/product\/60526","targetHints":{"allow":["GET"]}}],"collection":[{"href":"https:\/\/ceasuri.md\/ru\/wp-json\/wp\/v2\/product"}],"about":[{"href":"https:\/\/ceasuri.md\/ru\/wp-json\/wp\/v2\/types\/product"}],"replies":[{"embeddable":true,"href":"https:\/\/ceasuri.md\/ru\/wp-json\/wp\/v2\/comments?post=60526"}],"wp:featuredmedia":[{"embeddable":true,"href":"https:\/\/ceasuri.md\/ru\/wp-json\/wp\/v2\/media\/60527"}],"wp:attachment":[{"href":"https:\/\/ceasuri.md\/ru\/wp-json\/wp\/v2\/media?parent=60526"}],"wp:term":[{"taxonomy":"product_brand","embeddable":true,"href":"https:\/\/ceasuri.md\/ru\/wp-json\/wp\/v2\/product_brand?post=60526"},{"taxonomy":"product_cat","embeddable":true,"href":"https:\/\/ceasuri.md\/ru\/wp-json\/wp\/v2\/product_cat?post=60526"},{"taxonomy":"product_tag","embeddable":true,"href":"https:\/\/ceasuri.md\/ru\/wp-json\/wp\/v2\/product_tag?post=60526"}],"curies":[{"name":"wp","href":"https:\/\/api.w.org\/{rel}","templated":true}]}}