{"id":60521,"date":"2026-04-03T01:13:05","date_gmt":"2026-04-02T22:13:05","guid":{"rendered":"http:\/\/new.ceasuri.md\/shop\/uncategorized\/armani-exchange-faye-ax5814\/"},"modified":"2026-04-20T01:53:38","modified_gmt":"2026-04-19T22:53:38","slug":"armani-exchange-faye-ax5814","status":"publish","type":"product","link":"https:\/\/ceasuri.md\/ru\/shop\/branduri\/armani-exchange\/armani-exchange-faye-ax5814\/","title":{"rendered":"\u0427\u0430\u0441\u044b ARMANI EXCHANGE FAYE AX5814"},"content":{"rendered":"<p>Ceasurile Armani Exchange \u00eentruchipeaz\u0103 un stil t\u00e2n\u0103r, relaxat, cu un plus de originalitate. Sunt elegante, versatile \u0219i confer\u0103 \u021binutei tale un farmec aparte \u2014 op\u021biunea ideal\u0103 pentru cei care doresc s\u0103 combine stilul modern cu farmecul italian.<\/p>\n<p>Aceste ceasuri pentru femei, cu carcas\u0103 \u0219i br\u0103\u021bar\u0103 din o\u021bel inoxidabil, sunt o clasic\u0103 elegant\u0103.<\/p>\n<p>Ton \u00een ton \u2014 carcasa, cureaua \u0219i cadranul sunt realizate \u00eentr-o singur\u0103 culoare roz-auriu, ceea ce le confer\u0103 un farmec special. Carcasa demonstreaz\u0103 c\u00e2t de frumoase pot fi unghiurile \u0219i muchiile.<\/p>\n<p>Sticla mineral\u0103 a ceasului este transparent\u0103 \u0219i rezistent\u0103 \u2013 ideal\u0103 pentru purtarea zilnic\u0103.<\/p>\n<p>Ceasul este rezistent la ap\u0103 p\u00e2n\u0103 la 50 de metri (5 bari) \u0219i rezist\u0103 cu u\u0219urin\u021b\u0103 la ploaie \u0219i stropi.<\/p>\n<p>Catarama tip fluture permite purtarea u\u0219oar\u0103 \u0219i fixarea sigur\u0103 a br\u0103\u021b\u0103rii.<\/p>","protected":false},"excerpt":{"rendered":"<p>Ceasurile Armani Exchange \u00eentruchipeaz\u0103 un stil t\u00e2n\u0103r, relaxat, cu un plus de originalitate. Sunt elegante, versatile \u0219i confer\u0103 \u021binutei tale un farmec aparte \u2014 op\u021biunea ideal\u0103 pentru cei care doresc s\u0103 combine stilul modern cu farmecul italian. Aceste ceasuri pentru femei, cu carcas\u0103 \u0219i br\u0103\u021bar\u0103 din o\u021bel inoxidabil, sunt o clasic\u0103 elegant\u0103. Ton \u00een ton [&hellip;]<\/p>\n","protected":false},"featured_media":60522,"comment_status":"closed","ping_status":"open","template":"","meta":{"_acf_changed":false},"product_brand":[],"product_cat":[615,25],"product_tag":[],"class_list":{"0":"post-60521","1":"product","2":"type-product","3":"status-publish","4":"has-post-thumbnail","6":"product_cat-armani-exchange","7":"product_cat-ceasuri-dama","8":"pa_brand-armani-exchange","9":"pa_braslet-otel-inoxidabil","10":"pa_corpus-27-mm","11":"pa_forma-octogonala","12":"pa_garatia-24-luni","13":"pa_korpus-roz-gold","14":"pa_kvarc-quartz","15":"pa_material-otel-inoxidabil","16":"pa_mehanizm-quartz","17":"pa_remeshok-roz-gold","18":"pa_steklo-cristal-mineral","19":"pa_strana-italia","20":"pa_voda-5-atm","22":"first","23":"instock","24":"purchasable","25":"product-type-simple"},"acf":[],"_links":{"self":[{"href":"https:\/\/ceasuri.md\/ru\/wp-json\/wp\/v2\/product\/60521","targetHints":{"allow":["GET"]}}],"collection":[{"href":"https:\/\/ceasuri.md\/ru\/wp-json\/wp\/v2\/product"}],"about":[{"href":"https:\/\/ceasuri.md\/ru\/wp-json\/wp\/v2\/types\/product"}],"replies":[{"embeddable":true,"href":"https:\/\/ceasuri.md\/ru\/wp-json\/wp\/v2\/comments?post=60521"}],"wp:featuredmedia":[{"embeddable":true,"href":"https:\/\/ceasuri.md\/ru\/wp-json\/wp\/v2\/media\/60522"}],"wp:attachment":[{"href":"https:\/\/ceasuri.md\/ru\/wp-json\/wp\/v2\/media?parent=60521"}],"wp:term":[{"taxonomy":"product_brand","embeddable":true,"href":"https:\/\/ceasuri.md\/ru\/wp-json\/wp\/v2\/product_brand?post=60521"},{"taxonomy":"product_cat","embeddable":true,"href":"https:\/\/ceasuri.md\/ru\/wp-json\/wp\/v2\/product_cat?post=60521"},{"taxonomy":"product_tag","embeddable":true,"href":"https:\/\/ceasuri.md\/ru\/wp-json\/wp\/v2\/product_tag?post=60521"}],"curies":[{"name":"wp","href":"https:\/\/api.w.org\/{rel}","templated":true}]}}