{"id":60516,"date":"2026-04-03T01:13:05","date_gmt":"2026-04-02T22:13:05","guid":{"rendered":"http:\/\/new.ceasuri.md\/shop\/uncategorized\/armani-exchange-ava-ax5830\/"},"modified":"2026-04-20T01:53:39","modified_gmt":"2026-04-19T22:53:39","slug":"armani-exchange-ava-ax5830","status":"publish","type":"product","link":"https:\/\/ceasuri.md\/ru\/shop\/branduri\/armani-exchange\/armani-exchange-ava-ax5830\/","title":{"rendered":"Ceas ARMANI EXCHANGE AVA AX5830"},"content":{"rendered":"<p>Designul rafinat, care \u00eembin\u0103 elegan\u021ba clasic\u0103 \u0219i minimalismul modern, face din acest ceas un accesoriu pentru femeia modern\u0103, care urm\u0103re\u0219te moda.<\/p>\n<p>Br\u0103\u021bara lustruit\u0103 de culoare argintie, inspirat\u0103 de bijuterii, se combin\u0103 armonios cu cadranul, cre\u00e2nd un aspect monocromatic elegant, care pare incredibil de rafinat.<\/p>\n<p>Carcasa rotund\u0103 din o\u021bel inoxidabil adaug\u0103 structur\u0103, iar designul minimalist cu dou\u0103 ace face cadranul curat \u0219i modern. Finisajul lustruit confer\u0103 un luciu discret \u0219i o not\u0103 de rafinament cotidian.<\/p>\n<p>Sticla mineral\u0103 rezistent\u0103 protejeaz\u0103 cadranul de zg\u00e2rieturi, iar rezisten\u021ba la ap\u0103 de 5 ATM face ceasul rezistent la stropi.<\/p>\n<p>La birou, la cin\u0103 sau la un eveniment festiv, acest ceas la \u00eencheietura m\u00e2inii v\u0103 va sublinia stilul atemporal \u0219i designul modern.<\/p>","protected":false},"excerpt":{"rendered":"<p>Designul rafinat, care \u00eembin\u0103 elegan\u021ba clasic\u0103 \u0219i minimalismul modern, face din acest ceas un accesoriu pentru femeia modern\u0103, care urm\u0103re\u0219te moda. Br\u0103\u021bara lustruit\u0103 de culoare argintie, inspirat\u0103 de bijuterii, se combin\u0103 armonios cu cadranul, cre\u00e2nd un aspect monocromatic elegant, care pare incredibil de rafinat. Carcasa rotund\u0103 din o\u021bel inoxidabil adaug\u0103 structur\u0103, iar designul minimalist cu [&hellip;]<\/p>\n","protected":false},"featured_media":60517,"comment_status":"closed","ping_status":"open","template":"","meta":{"_acf_changed":false},"product_brand":[],"product_cat":[615,25],"product_tag":[],"class_list":{"0":"post-60516","1":"product","2":"type-product","3":"status-publish","4":"has-post-thumbnail","6":"product_cat-armani-exchange","7":"product_cat-ceasuri-dama","8":"pa_brand-armani-exchange","9":"pa_braslet-otel-inoxidabil","10":"pa_corpus-32-mm","11":"pa_forma-rotund","12":"pa_garatia-24-luni","13":"pa_korpus-argintiu","14":"pa_kvarc-quartz","15":"pa_material-otel-inoxidabil","16":"pa_mehanizm-quartz","17":"pa_remeshok-argintiu","18":"pa_steklo-cristal-mineral","19":"pa_strana-italia","20":"pa_voda-5-atm","22":"first","23":"instock","24":"purchasable","25":"product-type-simple"},"acf":[],"_links":{"self":[{"href":"https:\/\/ceasuri.md\/ru\/wp-json\/wp\/v2\/product\/60516","targetHints":{"allow":["GET"]}}],"collection":[{"href":"https:\/\/ceasuri.md\/ru\/wp-json\/wp\/v2\/product"}],"about":[{"href":"https:\/\/ceasuri.md\/ru\/wp-json\/wp\/v2\/types\/product"}],"replies":[{"embeddable":true,"href":"https:\/\/ceasuri.md\/ru\/wp-json\/wp\/v2\/comments?post=60516"}],"wp:featuredmedia":[{"embeddable":true,"href":"https:\/\/ceasuri.md\/ru\/wp-json\/wp\/v2\/media\/60517"}],"wp:attachment":[{"href":"https:\/\/ceasuri.md\/ru\/wp-json\/wp\/v2\/media?parent=60516"}],"wp:term":[{"taxonomy":"product_brand","embeddable":true,"href":"https:\/\/ceasuri.md\/ru\/wp-json\/wp\/v2\/product_brand?post=60516"},{"taxonomy":"product_cat","embeddable":true,"href":"https:\/\/ceasuri.md\/ru\/wp-json\/wp\/v2\/product_cat?post=60516"},{"taxonomy":"product_tag","embeddable":true,"href":"https:\/\/ceasuri.md\/ru\/wp-json\/wp\/v2\/product_tag?post=60516"}],"curies":[{"name":"wp","href":"https:\/\/api.w.org\/{rel}","templated":true}]}}