{"id":60505,"date":"2026-04-03T01:13:05","date_gmt":"2026-04-02T22:13:05","guid":{"rendered":"http:\/\/new.ceasuri.md\/shop\/uncategorized\/armani-exchange-ava-ax5833\/"},"modified":"2026-04-20T01:53:40","modified_gmt":"2026-04-19T22:53:40","slug":"armani-exchange-ava-ax5833","status":"publish","type":"product","link":"https:\/\/ceasuri.md\/ru\/shop\/branduri\/armani-exchange\/armani-exchange-ava-ax5833\/","title":{"rendered":"\u0427\u0430\u0441\u044b ARMANI EXCHANGE AVA AX5833"},"content":{"rendered":"<p>Designul rafinat, care \u00eembin\u0103 elegan\u021ba clasic\u0103 \u0219i minimalismul modern, face din acest ceas un accesoriu pentru femeia modern\u0103, care urm\u0103re\u0219te moda.<\/p>\n<p>Cadranul auriu str\u0103lucitor, \u00eencadrat \u00eentr-o carcas\u0103 elegant\u0103 din o\u021bel inoxidabil, reflect\u0103 lumina, ad\u0103ug\u00e2nd farmec oric\u0103rei \u021binute.<\/p>\n<p>Mecanismul minimalist cu cuar\u021b \u0219i dou\u0103 ace asigur\u0103 o afi\u0219are clar\u0103 \u0219i u\u0219or de \u00een\u021beles a orei, iar curea moale din piele neagr\u0103 cu cataram\u0103-ac garanteaz\u0103 confortul la purtare.<\/p>\n<p>Combina\u021bia de nuan\u021be calde aurii \u0219i culoarea neagr\u0103 intens\u0103 a curelei fac din acest ceas un accesoriu universal, ideal at\u00e2t pentru ocazii speciale, c\u00e2t \u0219i pentru purtarea de zi cu zi.<\/p>\n<p>Sticla mineral\u0103 rezistent\u0103 protejeaz\u0103 \u00een mod fiabil cadranul de zg\u00e2rieturi, iar impermeabilitatea de 5 ATM face ceasul rezistent la stropi.<\/p>\n<p>La birou, la cin\u0103 sau la un eveniment festiv, acest ceas de la \u00eencheietura m\u00e2inii v\u0103 va sublinia stilul atemporal \u0219i designul modern.<\/p>","protected":false},"excerpt":{"rendered":"<p>Designul rafinat, care \u00eembin\u0103 elegan\u021ba clasic\u0103 \u0219i minimalismul modern, face din acest ceas un accesoriu pentru femeia modern\u0103, care urm\u0103re\u0219te moda. Cadranul auriu str\u0103lucitor, \u00eencadrat \u00eentr-o carcas\u0103 elegant\u0103 din o\u021bel inoxidabil, reflect\u0103 lumina, ad\u0103ug\u00e2nd farmec oric\u0103rei \u021binute. Mecanismul minimalist cu cuar\u021b \u0219i dou\u0103 ace asigur\u0103 o afi\u0219are clar\u0103 \u0219i u\u0219or de \u00een\u021beles a orei, iar [&hellip;]<\/p>\n","protected":false},"featured_media":60506,"comment_status":"closed","ping_status":"open","template":"","meta":{"_acf_changed":false},"product_brand":[],"product_cat":[615,25],"product_tag":[],"class_list":{"0":"post-60505","1":"product","2":"type-product","3":"status-publish","4":"has-post-thumbnail","6":"product_cat-armani-exchange","7":"product_cat-ceasuri-dama","8":"pa_brand-armani-exchange","9":"pa_braslet-piele","10":"pa_corpus-32-mm","11":"pa_forma-rotund","12":"pa_garatia-24-luni","13":"pa_korpus-auriu","14":"pa_kvarc-quartz","15":"pa_material-otel-inoxidabil","16":"pa_mehanizm-quartz","17":"pa_remeshok-auriu","18":"pa_remeshok-negru","19":"pa_steklo-cristal-mineral","20":"pa_strana-italia","21":"pa_voda-5-atm","23":"first","24":"instock","25":"purchasable","26":"product-type-simple"},"acf":[],"_links":{"self":[{"href":"https:\/\/ceasuri.md\/ru\/wp-json\/wp\/v2\/product\/60505","targetHints":{"allow":["GET"]}}],"collection":[{"href":"https:\/\/ceasuri.md\/ru\/wp-json\/wp\/v2\/product"}],"about":[{"href":"https:\/\/ceasuri.md\/ru\/wp-json\/wp\/v2\/types\/product"}],"replies":[{"embeddable":true,"href":"https:\/\/ceasuri.md\/ru\/wp-json\/wp\/v2\/comments?post=60505"}],"wp:featuredmedia":[{"embeddable":true,"href":"https:\/\/ceasuri.md\/ru\/wp-json\/wp\/v2\/media\/60506"}],"wp:attachment":[{"href":"https:\/\/ceasuri.md\/ru\/wp-json\/wp\/v2\/media?parent=60505"}],"wp:term":[{"taxonomy":"product_brand","embeddable":true,"href":"https:\/\/ceasuri.md\/ru\/wp-json\/wp\/v2\/product_brand?post=60505"},{"taxonomy":"product_cat","embeddable":true,"href":"https:\/\/ceasuri.md\/ru\/wp-json\/wp\/v2\/product_cat?post=60505"},{"taxonomy":"product_tag","embeddable":true,"href":"https:\/\/ceasuri.md\/ru\/wp-json\/wp\/v2\/product_tag?post=60505"}],"curies":[{"name":"wp","href":"https:\/\/api.w.org\/{rel}","templated":true}]}}