{"id":60496,"date":"2026-04-03T01:13:05","date_gmt":"2026-04-02T22:13:05","guid":{"rendered":"http:\/\/new.ceasuri.md\/shop\/uncategorized\/armani-exchange-sync-ax7171set\/"},"modified":"2026-04-20T01:53:40","modified_gmt":"2026-04-19T22:53:40","slug":"armani-exchange-sync-ax7171set","status":"publish","type":"product","link":"https:\/\/ceasuri.md\/ru\/shop\/branduri\/armani-exchange\/armani-exchange-sync-ax7171set\/","title":{"rendered":"\u0427\u0430\u0441\u044b ARMANI EXCHANGE SYNC AX7171SET"},"content":{"rendered":"<p>Acest set de culoare aurie este cadoul perfect, combin\u00e2nd dou\u0103 modele de ceasuri din o\u021bel inoxidabil, care se remarc\u0103 prin versatilitatea modern\u0103 \u0219i designul elegant.<\/p>\n<p>Pentru el: cadran auriu mat cu finisaj CD sub\u021bire, care \u00eei confer\u0103 volum, completat de o carcas\u0103 rotund\u0103 lustruit\u0103 \u0219i un br\u0103\u021bar\u0103. Cadranele cronografice suplimentare laconice sporesc func\u021bionalitatea acestuia, cre\u00e2nd un echilibru perfect \u00eentre practicitate \u0219i stilul urban.<\/p>\n<p>Pentru ea: carcasa elegant\u0103 octogonal\u0103 se combin\u0103 perfect cu br\u0103\u021bara aurie str\u0103lucitoare, cre\u00e2nd un look modern \u0219i discret. Cadranul auriu cu str\u0103lucire solar\u0103 reflect\u0103 frumos lumina, subliniind designul minimalist cu trei ace.<\/p>\n<p>Cadranele sunt protejate de sticl\u0103 mineral\u0103.<\/p>","protected":false},"excerpt":{"rendered":"<p>Acest set de culoare aurie este cadoul perfect, combin\u00e2nd dou\u0103 modele de ceasuri din o\u021bel inoxidabil, care se remarc\u0103 prin versatilitatea modern\u0103 \u0219i designul elegant. Pentru el: cadran auriu mat cu finisaj CD sub\u021bire, care \u00eei confer\u0103 volum, completat de o carcas\u0103 rotund\u0103 lustruit\u0103 \u0219i un br\u0103\u021bar\u0103. Cadranele cronografice suplimentare laconice sporesc func\u021bionalitatea acestuia, cre\u00e2nd [&hellip;]<\/p>\n","protected":false},"featured_media":60497,"comment_status":"closed","ping_status":"open","template":"","meta":{"_acf_changed":false},"product_brand":[],"product_cat":[615,20,25],"product_tag":[],"class_list":{"0":"post-60496","1":"product","2":"type-product","3":"status-publish","4":"has-post-thumbnail","6":"product_cat-armani-exchange","7":"product_cat-ceasuri-barbati","8":"product_cat-ceasuri-dama","9":"pa_brand-armani-exchange","10":"pa_braslet-otel-inoxidabil","11":"pa_corpus-27-mm","12":"pa_corpus-42-mm","13":"pa_forma-octogonala","14":"pa_forma-rotund","15":"pa_funcii-cronograf","16":"pa_funcii-data","17":"pa_funcii-set-cadou","18":"pa_garatia-24-luni","19":"pa_korpus-auriu","20":"pa_kvarc-quartz","21":"pa_material-otel-inoxidabil","22":"pa_mehanizm-quartz","23":"pa_remeshok-auriu","24":"pa_steklo-cristal-mineral","25":"pa_strana-italia","26":"pa_voda-5-atm","28":"first","29":"instock","30":"purchasable","31":"product-type-simple"},"acf":[],"_links":{"self":[{"href":"https:\/\/ceasuri.md\/ru\/wp-json\/wp\/v2\/product\/60496","targetHints":{"allow":["GET"]}}],"collection":[{"href":"https:\/\/ceasuri.md\/ru\/wp-json\/wp\/v2\/product"}],"about":[{"href":"https:\/\/ceasuri.md\/ru\/wp-json\/wp\/v2\/types\/product"}],"replies":[{"embeddable":true,"href":"https:\/\/ceasuri.md\/ru\/wp-json\/wp\/v2\/comments?post=60496"}],"wp:featuredmedia":[{"embeddable":true,"href":"https:\/\/ceasuri.md\/ru\/wp-json\/wp\/v2\/media\/60497"}],"wp:attachment":[{"href":"https:\/\/ceasuri.md\/ru\/wp-json\/wp\/v2\/media?parent=60496"}],"wp:term":[{"taxonomy":"product_brand","embeddable":true,"href":"https:\/\/ceasuri.md\/ru\/wp-json\/wp\/v2\/product_brand?post=60496"},{"taxonomy":"product_cat","embeddable":true,"href":"https:\/\/ceasuri.md\/ru\/wp-json\/wp\/v2\/product_cat?post=60496"},{"taxonomy":"product_tag","embeddable":true,"href":"https:\/\/ceasuri.md\/ru\/wp-json\/wp\/v2\/product_tag?post=60496"}],"curies":[{"name":"wp","href":"https:\/\/api.w.org\/{rel}","templated":true}]}}