{"id":60488,"date":"2026-04-03T01:13:05","date_gmt":"2026-04-02T22:13:05","guid":{"rendered":"http:\/\/new.ceasuri.md\/shop\/uncategorized\/armani-exchange-leila-ax7172set\/"},"modified":"2026-04-20T01:53:41","modified_gmt":"2026-04-19T22:53:41","slug":"armani-exchange-leila-ax7172set","status":"publish","type":"product","link":"https:\/\/ceasuri.md\/ru\/shop\/branduri\/armani-exchange\/armani-exchange-leila-ax7172set\/","title":{"rendered":"\u0427\u0430\u0441\u044b ARMANI EXCHANGE LEILA AX7172SET"},"content":{"rendered":"<p>Din 1991, Armani Exchange stabile\u0219te un nou cod vestimentar, cre\u00e2nd colec\u021bii inspirate de stilul de via\u021b\u0103 urban \u0219i cultura muzical\u0103. Acestea sunt ideale pentru fashionistele \u00eendr\u0103zne\u021be, care caut\u0103 ceasuri unice \u0219i moderne, potrivite pentru orice situa\u021bie.<\/p>\n<p>Carcasa octogonal\u0103 aurie \u00eencadreaz\u0103 cadranul de culoare \u0219ampanie, cre\u00e2nd un contrast elegant cu cureaua de culoare bej.<\/p>\n<p>Bratara aurie lustruita, asortata cu cristale Swarowski, din acest set cadou creeaza un echilibru intre textura si stralucire, conferindu-i sobrietate si rafinament.<\/p>\n<p>Mecanismul cu cuar\u021b asigur\u0103 precizie, combin\u00e2nd armonios practicitatea cu designul modern.<\/p>","protected":false},"excerpt":{"rendered":"<p>Din 1991, Armani Exchange stabile\u0219te un nou cod vestimentar, cre\u00e2nd colec\u021bii inspirate de stilul de via\u021b\u0103 urban \u0219i cultura muzical\u0103. Acestea sunt ideale pentru fashionistele \u00eendr\u0103zne\u021be, care caut\u0103 ceasuri unice \u0219i moderne, potrivite pentru orice situa\u021bie. Carcasa octogonal\u0103 aurie \u00eencadreaz\u0103 cadranul de culoare \u0219ampanie, cre\u00e2nd un contrast elegant cu cureaua de culoare bej. Bratara aurie [&hellip;]<\/p>\n","protected":false},"featured_media":60489,"comment_status":"closed","ping_status":"open","template":"","meta":{"_acf_changed":false},"product_brand":[],"product_cat":[615,25],"product_tag":[],"class_list":{"0":"post-60488","1":"product","2":"type-product","3":"status-publish","4":"has-post-thumbnail","6":"product_cat-armani-exchange","7":"product_cat-ceasuri-dama","8":"pa_brand-armani-exchange","9":"pa_braslet-piele","10":"pa_corpus-27-mm","11":"pa_decor-cristale-swarowski","12":"pa_forma-octogonala","13":"pa_funcii-set-cadou","14":"pa_garatia-24-luni","15":"pa_korpus-auriu","16":"pa_kvarc-quartz","17":"pa_material-otel-inoxidabil","18":"pa_mehanizm-quartz","19":"pa_remeshok-bej","20":"pa_steklo-cristal-mineral","21":"pa_strana-italia","22":"pa_voda-5-atm","24":"first","25":"instock","26":"purchasable","27":"product-type-simple"},"acf":[],"_links":{"self":[{"href":"https:\/\/ceasuri.md\/ru\/wp-json\/wp\/v2\/product\/60488","targetHints":{"allow":["GET"]}}],"collection":[{"href":"https:\/\/ceasuri.md\/ru\/wp-json\/wp\/v2\/product"}],"about":[{"href":"https:\/\/ceasuri.md\/ru\/wp-json\/wp\/v2\/types\/product"}],"replies":[{"embeddable":true,"href":"https:\/\/ceasuri.md\/ru\/wp-json\/wp\/v2\/comments?post=60488"}],"wp:featuredmedia":[{"embeddable":true,"href":"https:\/\/ceasuri.md\/ru\/wp-json\/wp\/v2\/media\/60489"}],"wp:attachment":[{"href":"https:\/\/ceasuri.md\/ru\/wp-json\/wp\/v2\/media?parent=60488"}],"wp:term":[{"taxonomy":"product_brand","embeddable":true,"href":"https:\/\/ceasuri.md\/ru\/wp-json\/wp\/v2\/product_brand?post=60488"},{"taxonomy":"product_cat","embeddable":true,"href":"https:\/\/ceasuri.md\/ru\/wp-json\/wp\/v2\/product_cat?post=60488"},{"taxonomy":"product_tag","embeddable":true,"href":"https:\/\/ceasuri.md\/ru\/wp-json\/wp\/v2\/product_tag?post=60488"}],"curies":[{"name":"wp","href":"https:\/\/api.w.org\/{rel}","templated":true}]}}