{"id":60468,"date":"2026-04-03T01:11:50","date_gmt":"2026-04-02T22:11:50","guid":{"rendered":"http:\/\/new.ceasuri.md\/shop\/uncategorized\/emporio-armani-carlo-ar11690\/"},"modified":"2026-04-27T11:25:06","modified_gmt":"2026-04-27T08:25:06","slug":"emporio-armani-carlo-ar11690","status":"publish","type":"product","link":"https:\/\/ceasuri.md\/ru\/shop\/branduri\/emporio-armani\/emporio-armani-carlo-ar11690\/","title":{"rendered":"\u0427\u0430\u0441\u044b EMPORIO ARMANI CARLO AR11690"},"content":{"rendered":"<p>Emporio Armani este o linie a brandului Giorgio Armani, orientat\u0103 c\u0103tre tinerii activi. A ap\u0103rut \u00een 1981. La fel ca \u0219i hainele Emporio Armani, ceasurile acestui brand sunt create pentru via\u021b\u0103, de aceea sunt potrivite \u0219i confortabile oriunde \u2014 la birou, \u00een c\u0103l\u0103torii sau la o sear\u0103 monden\u0103. Se disting printr-un echilibru impecabil \u00eentre elegan\u021b\u0103 \u0219i interpretarea democratic\u0103 a tendin\u021belor modei, tipic\u0103 pentru legendarul couturier.<\/p>\n<p>Ceas cronograf cu carcas\u0103 \u00een form\u0103 de pern\u0103, cu mecanism cu cuar\u021b \u0219i cadran negru.<\/p>\n<p>Carcasa din o\u021bel inoxidabil de culoare auriu deschis, cu fereastr\u0103 pentru dat\u0103 \u00een pozi\u021bia \u201eora 6\u201d \u0219i curea din piele neagr\u0103, face ca acest ceas s\u0103 fie \u00eentruchiparea perfect\u0103 a stilului vintage modern.<\/p>","protected":false},"excerpt":{"rendered":"<p>Emporio Armani este o linie a brandului Giorgio Armani, orientat\u0103 c\u0103tre tinerii activi. A ap\u0103rut \u00een 1981. La fel ca \u0219i hainele Emporio Armani, ceasurile acestui brand sunt create pentru via\u021b\u0103, de aceea sunt potrivite \u0219i confortabile oriunde \u2014 la birou, \u00een c\u0103l\u0103torii sau la o sear\u0103 monden\u0103. Se disting printr-un echilibru impecabil \u00eentre elegan\u021b\u0103 [&hellip;]<\/p>\n","protected":false},"featured_media":60469,"comment_status":"closed","ping_status":"open","template":"","meta":{"_acf_changed":false},"product_brand":[],"product_cat":[20,617],"product_tag":[],"class_list":{"0":"post-60468","1":"product","2":"type-product","3":"status-publish","4":"has-post-thumbnail","6":"product_cat-ceasuri-barbati","7":"product_cat-emporio-armani","8":"pa_brand-emporio-armani","9":"pa_braslet-piele","10":"pa_corpus-40-mm","11":"pa_forma-patrat","12":"pa_funcii-cronograf","13":"pa_funcii-data","14":"pa_garatia-24-luni","15":"pa_korpus-auriu","16":"pa_kvarc-quartz","17":"pa_material-otel-inoxidabil","18":"pa_mehanizm-quartz","19":"pa_remeshok-negru","20":"pa_steklo-cristal-mineral","21":"pa_strana-italia","22":"pa_voda-5-atm","24":"first","25":"instock","26":"purchasable","27":"product-type-simple"},"acf":[],"_links":{"self":[{"href":"https:\/\/ceasuri.md\/ru\/wp-json\/wp\/v2\/product\/60468","targetHints":{"allow":["GET"]}}],"collection":[{"href":"https:\/\/ceasuri.md\/ru\/wp-json\/wp\/v2\/product"}],"about":[{"href":"https:\/\/ceasuri.md\/ru\/wp-json\/wp\/v2\/types\/product"}],"replies":[{"embeddable":true,"href":"https:\/\/ceasuri.md\/ru\/wp-json\/wp\/v2\/comments?post=60468"}],"wp:featuredmedia":[{"embeddable":true,"href":"https:\/\/ceasuri.md\/ru\/wp-json\/wp\/v2\/media\/60469"}],"wp:attachment":[{"href":"https:\/\/ceasuri.md\/ru\/wp-json\/wp\/v2\/media?parent=60468"}],"wp:term":[{"taxonomy":"product_brand","embeddable":true,"href":"https:\/\/ceasuri.md\/ru\/wp-json\/wp\/v2\/product_brand?post=60468"},{"taxonomy":"product_cat","embeddable":true,"href":"https:\/\/ceasuri.md\/ru\/wp-json\/wp\/v2\/product_cat?post=60468"},{"taxonomy":"product_tag","embeddable":true,"href":"https:\/\/ceasuri.md\/ru\/wp-json\/wp\/v2\/product_tag?post=60468"}],"curies":[{"name":"wp","href":"https:\/\/api.w.org\/{rel}","templated":true}]}}