{"id":60428,"date":"2026-04-03T01:11:50","date_gmt":"2026-04-02T22:11:50","guid":{"rendered":"http:\/\/new.ceasuri.md\/shop\/uncategorized\/emporio-armani-gianni-t-bar-ar11702\/"},"modified":"2026-04-24T17:54:11","modified_gmt":"2026-04-24T14:54:11","slug":"emporio-armani-gianni-t-bar-ar11702","status":"publish","type":"product","link":"https:\/\/ceasuri.md\/ru\/shop\/branduri\/emporio-armani\/emporio-armani-gianni-t-bar-ar11702\/","title":{"rendered":"\u0427\u0430\u0441\u044b EMPORIO ARMANI GIANNI T-BAR AR11702"},"content":{"rendered":"<p>Emporio Armani este o linie a brandului Giorgio Armani, orientat\u0103 c\u0103tre tinerii activi. A ap\u0103rut \u00een 1981. La fel ca \u0219i hainele Emporio Armani, ceasurile acestui brand sunt create pentru via\u021b\u0103, de aceea sunt potrivite \u0219i confortabile oriunde \u2014 la birou, \u00een c\u0103l\u0103torii sau la o sear\u0103 monden\u0103. Se disting printr-un echilibru impecabil \u00eentre elegan\u021b\u0103 \u0219i interpretarea democratic\u0103 a tendin\u021belor modei, tipic\u0103 pentru legendarul couturier.<\/p>\n<p>Ceasurile combin\u0103 un design elegant \u0219i precizie \u00een execu\u021bie, precum \u0219i o carcas\u0103 luxoas\u0103 \u0219i un br\u0103\u021bar\u0103 din o\u021bel inoxidabil cu acoperire par\u021bial\u0103 de culoare aurie.<\/p>\n<p>Cadranul este decorat cu cristale Swarovski, care adaug\u0103 elegan\u021b\u0103 oric\u0103rui look.<\/p>\n<p>Datorit\u0103 mecanismului quartz fiabil, acest ceas asigur\u0103 o m\u0103surare precis\u0103 a timpului pentru femeia modern\u0103 \u0219i rafinat\u0103, care este mereu \u00een mi\u0219care.<\/p>","protected":false},"excerpt":{"rendered":"<p>Emporio Armani este o linie a brandului Giorgio Armani, orientat\u0103 c\u0103tre tinerii activi. A ap\u0103rut \u00een 1981. La fel ca \u0219i hainele Emporio Armani, ceasurile acestui brand sunt create pentru via\u021b\u0103, de aceea sunt potrivite \u0219i confortabile oriunde \u2014 la birou, \u00een c\u0103l\u0103torii sau la o sear\u0103 monden\u0103. Se disting printr-un echilibru impecabil \u00eentre elegan\u021b\u0103 [&hellip;]<\/p>\n","protected":false},"featured_media":60429,"comment_status":"closed","ping_status":"closed","template":"","meta":{"_acf_changed":false},"product_brand":[],"product_cat":[18,25,617],"product_tag":[],"class_list":{"0":"post-60428","1":"product","2":"type-product","3":"status-publish","4":"has-post-thumbnail","6":"product_cat-branduri","7":"product_cat-ceasuri-dama","8":"product_cat-emporio-armani","9":"pa_brand-emporio-armani","10":"pa_braslet-otel-inoxidabil","11":"pa_corpus-32-mm","12":"pa_decor-cristale-swarowski","13":"pa_forma-rotund","14":"pa_garatia-24-luni","15":"pa_korpus-bicolor","16":"pa_kvarc-quartz","17":"pa_material-otel-inoxidabil","18":"pa_mehanizm-quartz","19":"pa_remeshok-bicolor","20":"pa_steklo-cristal-mineral","21":"pa_strana-italia","22":"pa_voda-3-atm","24":"first","25":"instock","26":"purchasable","27":"product-type-simple"},"acf":[],"_links":{"self":[{"href":"https:\/\/ceasuri.md\/ru\/wp-json\/wp\/v2\/product\/60428","targetHints":{"allow":["GET"]}}],"collection":[{"href":"https:\/\/ceasuri.md\/ru\/wp-json\/wp\/v2\/product"}],"about":[{"href":"https:\/\/ceasuri.md\/ru\/wp-json\/wp\/v2\/types\/product"}],"replies":[{"embeddable":true,"href":"https:\/\/ceasuri.md\/ru\/wp-json\/wp\/v2\/comments?post=60428"}],"wp:featuredmedia":[{"embeddable":true,"href":"https:\/\/ceasuri.md\/ru\/wp-json\/wp\/v2\/media\/60429"}],"wp:attachment":[{"href":"https:\/\/ceasuri.md\/ru\/wp-json\/wp\/v2\/media?parent=60428"}],"wp:term":[{"taxonomy":"product_brand","embeddable":true,"href":"https:\/\/ceasuri.md\/ru\/wp-json\/wp\/v2\/product_brand?post=60428"},{"taxonomy":"product_cat","embeddable":true,"href":"https:\/\/ceasuri.md\/ru\/wp-json\/wp\/v2\/product_cat?post=60428"},{"taxonomy":"product_tag","embeddable":true,"href":"https:\/\/ceasuri.md\/ru\/wp-json\/wp\/v2\/product_tag?post=60428"}],"curies":[{"name":"wp","href":"https:\/\/api.w.org\/{rel}","templated":true}]}}