{"id":60421,"date":"2026-04-03T01:11:50","date_gmt":"2026-04-02T22:11:50","guid":{"rendered":"http:\/\/new.ceasuri.md\/shop\/uncategorized\/emporio-armani-genni-ar11704\/"},"modified":"2026-04-20T01:53:29","modified_gmt":"2026-04-19T22:53:29","slug":"emporio-armani-genni-ar11704","status":"publish","type":"product","link":"https:\/\/ceasuri.md\/ru\/shop\/branduri\/emporio-armani\/emporio-armani-genni-ar11704\/","title":{"rendered":"\u0427\u0430\u0441\u044b EMPORIO ARMANI GENNI AR11704"},"content":{"rendered":"<p>Emporio Armani este o linie a brandului Giorgio Armani, orientat\u0103 c\u0103tre tinerii activi. A ap\u0103rut \u00een 1981. La fel ca \u0219i hainele Emporio Armani, ceasurile acestui brand sunt create pentru via\u021b\u0103, de aceea sunt potrivite \u0219i confortabile oriunde \u2014 la birou, \u00een c\u0103l\u0103torii sau la o sear\u0103 monden\u0103. Se disting printr-un echilibru impecabil \u00eentre elegan\u021b\u0103 \u0219i interpretarea democratic\u0103 a tendin\u021belor modei, tipic\u0103 pentru legendarul couturier.<\/p>\n<p>Ceasurile se disting prin cadranul gri cald \u0219i cifrele romane \u00een carcas\u0103 bicolor\u0103 din o\u021bel inoxidabil cu cristale Swarowski.<\/p>\n<p>Br\u0103\u021bara din o\u021bel inoxidabil \u00een dou\u0103 culori confer\u0103 acestor ceasuri un aspect rafinat, datorit\u0103 c\u0103ruia vor rezista cu siguran\u021b\u0103 testului timpului \u0219i vor ocupa un loc demn \u00een colec\u021bia dvs.<\/p>","protected":false},"excerpt":{"rendered":"<p>Emporio Armani este o linie a brandului Giorgio Armani, orientat\u0103 c\u0103tre tinerii activi. A ap\u0103rut \u00een 1981. La fel ca \u0219i hainele Emporio Armani, ceasurile acestui brand sunt create pentru via\u021b\u0103, de aceea sunt potrivite \u0219i confortabile oriunde \u2014 la birou, \u00een c\u0103l\u0103torii sau la o sear\u0103 monden\u0103. Se disting printr-un echilibru impecabil \u00eentre elegan\u021b\u0103 [&hellip;]<\/p>\n","protected":false},"featured_media":60422,"comment_status":"closed","ping_status":"open","template":"","meta":{"_acf_changed":false},"product_brand":[],"product_cat":[25,617],"product_tag":[],"class_list":{"0":"post-60421","1":"product","2":"type-product","3":"status-publish","4":"has-post-thumbnail","6":"product_cat-ceasuri-dama","7":"product_cat-emporio-armani","8":"pa_brand-emporio-armani","9":"pa_braslet-otel-inoxidabil","10":"pa_corpus-20x27-mm","11":"pa_decor-cristale-swarowski","12":"pa_forma-dreptunghiular","13":"pa_garatia-24-luni","14":"pa_korpus-argintiu","15":"pa_kvarc-quartz","16":"pa_material-otel-inoxidabil","17":"pa_mehanizm-quartz","18":"pa_remeshok-bicolor","19":"pa_steklo-cristal-mineral","20":"pa_strana-italia","21":"pa_voda-5-atm","23":"first","24":"instock","25":"purchasable","26":"product-type-simple"},"acf":[],"_links":{"self":[{"href":"https:\/\/ceasuri.md\/ru\/wp-json\/wp\/v2\/product\/60421","targetHints":{"allow":["GET"]}}],"collection":[{"href":"https:\/\/ceasuri.md\/ru\/wp-json\/wp\/v2\/product"}],"about":[{"href":"https:\/\/ceasuri.md\/ru\/wp-json\/wp\/v2\/types\/product"}],"replies":[{"embeddable":true,"href":"https:\/\/ceasuri.md\/ru\/wp-json\/wp\/v2\/comments?post=60421"}],"wp:featuredmedia":[{"embeddable":true,"href":"https:\/\/ceasuri.md\/ru\/wp-json\/wp\/v2\/media\/60422"}],"wp:attachment":[{"href":"https:\/\/ceasuri.md\/ru\/wp-json\/wp\/v2\/media?parent=60421"}],"wp:term":[{"taxonomy":"product_brand","embeddable":true,"href":"https:\/\/ceasuri.md\/ru\/wp-json\/wp\/v2\/product_brand?post=60421"},{"taxonomy":"product_cat","embeddable":true,"href":"https:\/\/ceasuri.md\/ru\/wp-json\/wp\/v2\/product_cat?post=60421"},{"taxonomy":"product_tag","embeddable":true,"href":"https:\/\/ceasuri.md\/ru\/wp-json\/wp\/v2\/product_tag?post=60421"}],"curies":[{"name":"wp","href":"https:\/\/api.w.org\/{rel}","templated":true}]}}