{"id":60416,"date":"2026-04-03T01:11:50","date_gmt":"2026-04-02T22:11:50","guid":{"rendered":"http:\/\/new.ceasuri.md\/shop\/uncategorized\/emporio-armani-sinfonia-ar11706\/"},"modified":"2026-04-20T01:53:29","modified_gmt":"2026-04-19T22:53:29","slug":"emporio-armani-sinfonia-ar11706","status":"publish","type":"product","link":"https:\/\/ceasuri.md\/ru\/shop\/branduri\/emporio-armani\/emporio-armani-sinfonia-ar11706\/","title":{"rendered":"\u0427\u0430\u0441\u044b EMPORIO ARMANI SINFONIA AR11706"},"content":{"rendered":"<p>Emporio Armani este o linie a brandului Giorgio Armani, orientat\u0103 c\u0103tre tinerii activi. A ap\u0103rut \u00een 1981. La fel ca \u0219i hainele Emporio Armani, ceasurile acestui brand sunt create pentru via\u021b\u0103, de aceea sunt potrivite \u0219i confortabile oriunde \u2014 la birou, \u00een c\u0103l\u0103torii sau la o sear\u0103 monden\u0103. Se disting printr-un echilibru impecabil \u00eentre elegan\u021b\u0103 \u0219i interpretarea democratic\u0103 a tendin\u021belor modei, tipic\u0103 pentru legendarul couturier.<\/p>\n<p>Ceas cu cadran alb sidefatat cu cifre romane \u0219i br\u0103\u021bar\u0103 elegant\u0103 din o\u021bel inoxidabil cu mai multe zale.<\/p>\n<p>Datorit\u0103 siluetei ovale expresive, acest ceas va fi accesoriul perfect pentru \u021binuta ta.<\/p>","protected":false},"excerpt":{"rendered":"<p>Emporio Armani este o linie a brandului Giorgio Armani, orientat\u0103 c\u0103tre tinerii activi. A ap\u0103rut \u00een 1981. La fel ca \u0219i hainele Emporio Armani, ceasurile acestui brand sunt create pentru via\u021b\u0103, de aceea sunt potrivite \u0219i confortabile oriunde \u2014 la birou, \u00een c\u0103l\u0103torii sau la o sear\u0103 monden\u0103. Se disting printr-un echilibru impecabil \u00eentre elegan\u021b\u0103 [&hellip;]<\/p>\n","protected":false},"featured_media":60417,"comment_status":"closed","ping_status":"open","template":"","meta":{"_acf_changed":false},"product_brand":[],"product_cat":[25,617],"product_tag":[],"class_list":{"0":"post-60416","1":"product","2":"type-product","3":"status-publish","4":"has-post-thumbnail","6":"product_cat-ceasuri-dama","7":"product_cat-emporio-armani","8":"pa_brand-emporio-armani","9":"pa_braslet-otel-inoxidabil","10":"pa_corpus-26x34mm","11":"pa_forma-oval","12":"pa_garatia-24-luni","13":"pa_korpus-argintiu","14":"pa_kvarc-quartz","15":"pa_material-otel-inoxidabil","16":"pa_mehanizm-quartz","17":"pa_remeshok-argintiu","18":"pa_steklo-cristal-mineral","19":"pa_strana-italia","20":"pa_voda-3-atm","22":"first","23":"instock","24":"purchasable","25":"product-type-simple"},"acf":[],"_links":{"self":[{"href":"https:\/\/ceasuri.md\/ru\/wp-json\/wp\/v2\/product\/60416","targetHints":{"allow":["GET"]}}],"collection":[{"href":"https:\/\/ceasuri.md\/ru\/wp-json\/wp\/v2\/product"}],"about":[{"href":"https:\/\/ceasuri.md\/ru\/wp-json\/wp\/v2\/types\/product"}],"replies":[{"embeddable":true,"href":"https:\/\/ceasuri.md\/ru\/wp-json\/wp\/v2\/comments?post=60416"}],"wp:featuredmedia":[{"embeddable":true,"href":"https:\/\/ceasuri.md\/ru\/wp-json\/wp\/v2\/media\/60417"}],"wp:attachment":[{"href":"https:\/\/ceasuri.md\/ru\/wp-json\/wp\/v2\/media?parent=60416"}],"wp:term":[{"taxonomy":"product_brand","embeddable":true,"href":"https:\/\/ceasuri.md\/ru\/wp-json\/wp\/v2\/product_brand?post=60416"},{"taxonomy":"product_cat","embeddable":true,"href":"https:\/\/ceasuri.md\/ru\/wp-json\/wp\/v2\/product_cat?post=60416"},{"taxonomy":"product_tag","embeddable":true,"href":"https:\/\/ceasuri.md\/ru\/wp-json\/wp\/v2\/product_tag?post=60416"}],"curies":[{"name":"wp","href":"https:\/\/api.w.org\/{rel}","templated":true}]}}