{"id":60394,"date":"2026-04-03T01:11:50","date_gmt":"2026-04-02T22:11:50","guid":{"rendered":"http:\/\/new.ceasuri.md\/shop\/uncategorized\/seiko-kinetic-ska783p1\/"},"modified":"2026-04-20T01:53:06","modified_gmt":"2026-04-19T22:53:06","slug":"seiko-kinetic-ska783p1","status":"publish","type":"product","link":"https:\/\/ceasuri.md\/ru\/shop\/branduri\/seiko\/seiko-kinetic-ska783p1\/","title":{"rendered":"Ceas SEIKO KINETIC SKA783P1"},"content":{"rendered":"<p>O combina\u021bie armonioas\u0103 \u00eentre tehnologie inovatoare, fiabilitate \u0219i design elegant.<\/p>\n<p>Aceste ceasuri pentru b\u0103rba\u021bi sunt realizate \u00eentr-o carcas\u0103 rezistent\u0103 din o\u021bel inoxidabil cu un luciu satinat nobil, care subliniaz\u0103 caracterul lor sportiv. Cadranul albastru intens cu marcaje \u0219i indicatoare argintii creeaz\u0103 un contrast spectaculos, asigur\u00e2nd o lizibilitate excelent\u0103 \u00een orice condi\u021bii.<\/p>\n<p>Caracteristica principal\u0103 a modelului este tehnologia Seiko Kinetic, care combin\u0103 precizia mecanismului cu cuar\u021b \u0219i energia mecanismului automat. Mi\u0219carea m\u00e2inii ac\u021bioneaz\u0103 generatorul, care \u00eencarc\u0103 bateria \u00eencorporat\u0103, asigur\u00e2nd func\u021bionarea ceasului f\u0103r\u0103 a fi necesar\u0103 \u00eenlocuirea bateriei.<\/p>\n<p>Carcasa cu diametrul de 43 mm \u0219i rezisten\u021ba la ap\u0103 p\u00e2n\u0103 la 100 de metri fac ceasul o alegere excelent\u0103 at\u00e2t pentru purtarea zilnic\u0103, c\u00e2t \u0219i pentru activit\u0103\u021bi de agrement. Sticla mineral\u0103 c\u0103lit protejeaz\u0103 cadranul de zg\u00e2rieturi, iar br\u0103\u021bara fiabil\u0103 din o\u021bel cu \u00eenchiz\u0103toare cu fixare garanteaz\u0103 confortul \u0219i siguran\u021ba la m\u00e2n\u0103.<\/p>\n<p>Pe cadran se afl\u0103 o fereastr\u0103 mic\u0103 pentru dat\u0103, \u00een pozi\u021bia \u201eora 3\u201d, care adaug\u0103 func\u021bionalitate \u0219i confort \u00een utilizare.<\/p>\n<p>Ceasul va fi companionul dvs. de \u00eencredere pentru mul\u021bi ani. Este alegerea celor care apreciaz\u0103 calitatea japonez\u0103, stilul modern \u0219i solu\u021biile tehnologice create pentru o via\u021b\u0103 dinamic\u0103.<\/p>","protected":false},"excerpt":{"rendered":"<p>O combina\u021bie armonioas\u0103 \u00eentre tehnologie inovatoare, fiabilitate \u0219i design elegant. Aceste ceasuri pentru b\u0103rba\u021bi sunt realizate \u00eentr-o carcas\u0103 rezistent\u0103 din o\u021bel inoxidabil cu un luciu satinat nobil, care subliniaz\u0103 caracterul lor sportiv. Cadranul albastru intens cu marcaje \u0219i indicatoare argintii creeaz\u0103 un contrast spectaculos, asigur\u00e2nd o lizibilitate excelent\u0103 \u00een orice condi\u021bii. Caracteristica principal\u0103 a modelului [&hellip;]<\/p>\n","protected":false},"featured_media":60395,"comment_status":"closed","ping_status":"open","template":"","meta":{"_acf_changed":false},"product_brand":[],"product_cat":[20,588],"product_tag":[],"class_list":{"0":"post-60394","1":"product","2":"type-product","3":"status-publish","4":"has-post-thumbnail","6":"product_cat-ceasuri-barbati","7":"product_cat-seiko","8":"pa_brand-seiko","9":"pa_braslet-otel-inoxidabil","10":"pa_corpus-43-mm","11":"pa_forma-rotund","12":"pa_funcii-data","13":"pa_funcii-rezerva-de-energie","14":"pa_garatia-24-luni","15":"pa_korpus-argintiu","16":"pa_kvarc-quartz","17":"pa_material-otel-inoxidabil","18":"pa_mehanizm-kinetic","19":"pa_remeshok-argintiu","20":"pa_steklo-hardlex-crystal","21":"pa_strana-japonia","22":"pa_voda-10-atm","24":"first","25":"instock","26":"purchasable","27":"product-type-simple"},"acf":[],"_links":{"self":[{"href":"https:\/\/ceasuri.md\/ru\/wp-json\/wp\/v2\/product\/60394","targetHints":{"allow":["GET"]}}],"collection":[{"href":"https:\/\/ceasuri.md\/ru\/wp-json\/wp\/v2\/product"}],"about":[{"href":"https:\/\/ceasuri.md\/ru\/wp-json\/wp\/v2\/types\/product"}],"replies":[{"embeddable":true,"href":"https:\/\/ceasuri.md\/ru\/wp-json\/wp\/v2\/comments?post=60394"}],"wp:featuredmedia":[{"embeddable":true,"href":"https:\/\/ceasuri.md\/ru\/wp-json\/wp\/v2\/media\/60395"}],"wp:attachment":[{"href":"https:\/\/ceasuri.md\/ru\/wp-json\/wp\/v2\/media?parent=60394"}],"wp:term":[{"taxonomy":"product_brand","embeddable":true,"href":"https:\/\/ceasuri.md\/ru\/wp-json\/wp\/v2\/product_brand?post=60394"},{"taxonomy":"product_cat","embeddable":true,"href":"https:\/\/ceasuri.md\/ru\/wp-json\/wp\/v2\/product_cat?post=60394"},{"taxonomy":"product_tag","embeddable":true,"href":"https:\/\/ceasuri.md\/ru\/wp-json\/wp\/v2\/product_tag?post=60394"}],"curies":[{"name":"wp","href":"https:\/\/api.w.org\/{rel}","templated":true}]}}