{"id":60389,"date":"2026-04-03T01:11:50","date_gmt":"2026-04-02T22:11:50","guid":{"rendered":"http:\/\/new.ceasuri.md\/shop\/uncategorized\/seiko-prospex-speedtimer-spb515j1\/"},"modified":"2026-04-16T21:35:05","modified_gmt":"2026-04-16T18:35:05","slug":"seiko-prospex-speedtimer-spb515j1","status":"publish","type":"product","link":"https:\/\/ceasuri.md\/ru\/shop\/branduri\/seiko\/seiko-prospex-speedtimer-spb515j1\/","title":{"rendered":"Ceas SEIKO SPB515J1 Prospex Automatik 20 BAR 6R55"},"content":{"rendered":"<p>Ceasurile Speedtimer, prezentate pentru prima dat\u0103 \u00een 1969, au devenit o etap\u0103 important\u0103 \u00een istoria ceasornic\u0103riei Seiko.<\/p>\n<p>Acest model este primul model Speedtimer echipat cu calibrul 6R de fabrica\u021bie, fiabil \u0219i durabil. Calibrul automat 6R55, cu o rezerv\u0103 de mar\u0219 de p\u00e2n\u0103 la 72 de ore (3 zile), demonstreaz\u0103 o func\u021bionare stabil\u0103 \u0219i o precizie ridicat\u0103.<\/p>\n<p>Carcasa din o\u021bel inoxidabil se remarc\u0103 prin liniile clare \u0219i finisajul satinat, care subliniaz\u0103 rezisten\u021ba \u0219i elegan\u021ba.<\/p>\n<p>Cadranul negru intens, cu marcaje \u0219i indicatoare contrastante, asigur\u0103 o lizibilitate excelent\u0103, iar accentul portocaliu de pe scala minutelor adaug\u0103 dinamism \u0219i un aer sportiv.<\/p>\n<p>Rezisten\u021ba la ap\u0103 de 200 de metri (20 bari) face ca ceasul s\u0103 fie un companion de \u00eencredere nu numai \u00een ora\u0219, ci \u0219i \u00een condi\u021bii extreme.<\/p>\n<p>Sticla de safir cu strat antireflex protejeaz\u0103 cadranul de deterior\u0103ri, iar br\u0103\u021bara din o\u021bel cu \u00eenchiz\u0103toare rezistent\u0103 asigur\u0103 confort \u0219i siguran\u021b\u0103 la purtare.<\/p>\n<p>Acesta este un ceas pentru cei care aleg calitatea, \u00eencrederea \u0219i stilul energic. El nu va fi doar un instrument pentru m\u0103surarea timpului, ci \u0219i o reflectare a caracterului proprietarului s\u0103u \u2014 hot\u0103r\u00e2t, precis \u0219i mereu cu un pas \u00eenainte.<\/p>","protected":false},"excerpt":{"rendered":"<p>Ceasurile Speedtimer, prezentate pentru prima dat\u0103 \u00een 1969, au devenit o etap\u0103 important\u0103 \u00een istoria ceasornic\u0103riei Seiko. Acest model este primul model Speedtimer echipat cu calibrul 6R de fabrica\u021bie, fiabil \u0219i durabil. Calibrul automat 6R55, cu o rezerv\u0103 de mar\u0219 de p\u00e2n\u0103 la 72 de ore (3 zile), demonstreaz\u0103 o func\u021bionare stabil\u0103 \u0219i o precizie [&hellip;]<\/p>\n","protected":false},"featured_media":60390,"comment_status":"closed","ping_status":"open","template":"","meta":{"_acf_changed":false},"product_brand":[],"product_cat":[20,588],"product_tag":[],"class_list":{"0":"post-60389","1":"product","2":"type-product","3":"status-publish","4":"has-post-thumbnail","6":"product_cat-ceasuri-barbati","7":"product_cat-seiko","8":"pa_brand-seiko","9":"pa_braslet-otel-inoxidabil","10":"pa_corpus-40-mm","11":"pa_forma-rotund","12":"pa_funcii-data","13":"pa_garatia-24-luni","14":"pa_korpus-argintiu","15":"pa_material-otel-inoxidabil","16":"pa_mehanizm-mecanic","17":"pa_mehanizm-mecanism-automatic","18":"pa_remeshok-argintiu","19":"pa_steklo-cristal-safir","20":"pa_strana-japonia","21":"pa_voda-20-atm","23":"first","24":"instock","25":"purchasable","26":"product-type-simple"},"acf":[],"_links":{"self":[{"href":"https:\/\/ceasuri.md\/ru\/wp-json\/wp\/v2\/product\/60389","targetHints":{"allow":["GET"]}}],"collection":[{"href":"https:\/\/ceasuri.md\/ru\/wp-json\/wp\/v2\/product"}],"about":[{"href":"https:\/\/ceasuri.md\/ru\/wp-json\/wp\/v2\/types\/product"}],"replies":[{"embeddable":true,"href":"https:\/\/ceasuri.md\/ru\/wp-json\/wp\/v2\/comments?post=60389"}],"wp:featuredmedia":[{"embeddable":true,"href":"https:\/\/ceasuri.md\/ru\/wp-json\/wp\/v2\/media\/60390"}],"wp:attachment":[{"href":"https:\/\/ceasuri.md\/ru\/wp-json\/wp\/v2\/media?parent=60389"}],"wp:term":[{"taxonomy":"product_brand","embeddable":true,"href":"https:\/\/ceasuri.md\/ru\/wp-json\/wp\/v2\/product_brand?post=60389"},{"taxonomy":"product_cat","embeddable":true,"href":"https:\/\/ceasuri.md\/ru\/wp-json\/wp\/v2\/product_cat?post=60389"},{"taxonomy":"product_tag","embeddable":true,"href":"https:\/\/ceasuri.md\/ru\/wp-json\/wp\/v2\/product_tag?post=60389"}],"curies":[{"name":"wp","href":"https:\/\/api.w.org\/{rel}","templated":true}]}}