{"id":60380,"date":"2026-04-03T01:11:50","date_gmt":"2026-04-02T22:11:50","guid":{"rendered":"http:\/\/new.ceasuri.md\/shop\/uncategorized\/seiko-presage-cocktail-time-sre018j1\/"},"modified":"2026-04-20T01:53:07","modified_gmt":"2026-04-19T22:53:07","slug":"seiko-presage-cocktail-time-sre018j1","status":"publish","type":"product","link":"https:\/\/ceasuri.md\/ru\/shop\/branduri\/seiko\/seiko-presage-cocktail-time-sre018j1\/","title":{"rendered":"\u0427\u0430\u0441\u044b SEIKO PRESAGE Cocktail Time SRE018J1"},"content":{"rendered":"<p>Ceasurile Presage Cocktail Time sunt inspirate de cultura cocktailurilor japoneze \u0219i de b\u0103uturile servite la barul Star Bar din cartierul elegant al Tokyo-ului. Creat pe tema \u201ePetrecere cocktail \u00een timpul zilei\u201d, acest ceas este unul dintre cele trei modele inspirate de cocktailurile calde \u0219i lactate, pentru toamna \u0219i iarna anului 2025.<\/p>\n<p>Designul ceasurilor este inspirat de b\u0103utura tradi\u021bional\u0103 \u201eEggnog\u201d, preparat\u0103 de barmanul \u0219ef al barului Star Bar, domnul Hisashi Kishi.<\/p>\n<p>Carcasa \u0219i br\u0103\u021bara sunt realizate din o\u021bel inoxidabil cu un luxos strat auriu, care confer\u0103 ceasului un aspect elegant \u0219i sofisticat. Cele patru marcaje cu diamante (la orele 3, 6, 9 \u0219i 12) adaug\u0103 o not\u0103 de lux \u0219i fac modelul ideal pentru ocazii speciale \u0219i pentru purtarea de zi cu zi. Cadranul auriu cu o nuan\u021b\u0103 vertical\u0103, care aminte\u0219te de straturile unui cocktail, \u0219i br\u0103\u021bara complex\u0103 din cinci p\u0103r\u021bi cu \u00eenchiz\u0103toare rabatabil\u0103.<\/p>\n<p>Sticla mineral\u0103 Hardlex protejeaz\u0103 cadranul de zg\u00e2rieturi, iar rezisten\u021ba la ap\u0103 p\u00e2n\u0103 la 50 de metri v\u0103 permite s\u0103 nu v\u0103 face\u021bi griji \u00een cazul stropilor accidentali sau al ploii.<\/p>\n<p>Ceasul Presage Cocktail Time este creat pentru femeile care apreciaz\u0103 elegan\u021ba \u0219i aten\u021bia la detalii. Este un accesoriu care poate sublinia gustul rafinat al proprietarei sale \u0219i poate deveni accentul oric\u0103rui look, de la cel business la cel de sear\u0103.<\/p>","protected":false},"excerpt":{"rendered":"<p>Ceasurile Presage Cocktail Time sunt inspirate de cultura cocktailurilor japoneze \u0219i de b\u0103uturile servite la barul Star Bar din cartierul elegant al Tokyo-ului. Creat pe tema \u201ePetrecere cocktail \u00een timpul zilei\u201d, acest ceas este unul dintre cele trei modele inspirate de cocktailurile calde \u0219i lactate, pentru toamna \u0219i iarna anului 2025. Designul ceasurilor este inspirat [&hellip;]<\/p>\n","protected":false},"featured_media":60381,"comment_status":"closed","ping_status":"open","template":"","meta":{"_acf_changed":false},"product_brand":[],"product_cat":[25,588],"product_tag":[],"class_list":{"0":"post-60380","1":"product","2":"type-product","3":"status-publish","4":"has-post-thumbnail","6":"product_cat-ceasuri-dama","7":"product_cat-seiko","8":"pa_brand-seiko","9":"pa_braslet-otel-inoxidabil","10":"pa_corpus-30-mm","11":"pa_decor-diamante","12":"pa_forma-rotund","13":"pa_funcii-data","14":"pa_garatia-24-luni","15":"pa_korpus-auriu","16":"pa_material-otel-inoxidabil","17":"pa_mehanizm-mecanic","18":"pa_mehanizm-mecanism-automatic","19":"pa_remeshok-auriu","20":"pa_steklo-hardlex-crystal","21":"pa_strana-japonia","22":"pa_voda-5-atm","24":"first","25":"instock","26":"purchasable","27":"product-type-simple"},"acf":[],"_links":{"self":[{"href":"https:\/\/ceasuri.md\/ru\/wp-json\/wp\/v2\/product\/60380","targetHints":{"allow":["GET"]}}],"collection":[{"href":"https:\/\/ceasuri.md\/ru\/wp-json\/wp\/v2\/product"}],"about":[{"href":"https:\/\/ceasuri.md\/ru\/wp-json\/wp\/v2\/types\/product"}],"replies":[{"embeddable":true,"href":"https:\/\/ceasuri.md\/ru\/wp-json\/wp\/v2\/comments?post=60380"}],"wp:featuredmedia":[{"embeddable":true,"href":"https:\/\/ceasuri.md\/ru\/wp-json\/wp\/v2\/media\/60381"}],"wp:attachment":[{"href":"https:\/\/ceasuri.md\/ru\/wp-json\/wp\/v2\/media?parent=60380"}],"wp:term":[{"taxonomy":"product_brand","embeddable":true,"href":"https:\/\/ceasuri.md\/ru\/wp-json\/wp\/v2\/product_brand?post=60380"},{"taxonomy":"product_cat","embeddable":true,"href":"https:\/\/ceasuri.md\/ru\/wp-json\/wp\/v2\/product_cat?post=60380"},{"taxonomy":"product_tag","embeddable":true,"href":"https:\/\/ceasuri.md\/ru\/wp-json\/wp\/v2\/product_tag?post=60380"}],"curies":[{"name":"wp","href":"https:\/\/api.w.org\/{rel}","templated":true}]}}