{"id":60374,"date":"2026-04-03T01:11:50","date_gmt":"2026-04-02T22:11:50","guid":{"rendered":"http:\/\/new.ceasuri.md\/shop\/uncategorized\/seiko-classic-srk047p1\/"},"modified":"2026-04-17T15:27:57","modified_gmt":"2026-04-17T12:27:57","slug":"seiko-classic-srk047p1","status":"publish","type":"product","link":"https:\/\/ceasuri.md\/ru\/shop\/branduri\/seiko\/seiko-classic-srk047p1\/","title":{"rendered":"Ceas SEIKO CLASSIC SRK047P1"},"content":{"rendered":"<p>Modelul \u00eentruchipeaz\u0103 stilul sobru \u0219i gustul impecabil, combin\u00e2nd tradi\u021biile artei ceasorniciei \u0219i calitatea \u00eenalt\u0103 a m\u0103rcii japoneze. Acest ceas este creat pentru cei care apreciaz\u0103 rafinamentul \u0219i precizia \u00een fiecare detaliu.<\/p>\n<p>Carcasa \u0219i br\u0103\u021bara sunt realizate din o\u021bel inoxidabil, care nu numai c\u0103 confer\u0103 ceasului un aspect nobil, dar garanteaz\u0103 \u0219i durabilitatea.<\/p>\n<p>Cadranul deschis, cu cifre romane \u0219i indicatoare elegante, confer\u0103 modelului un caracter clasic, iar cadranul secundar suplimentar, situat la ora 6, adaug\u0103 rafinament \u0219i func\u021bionalitate.<\/p>\n<p>Mecanismul este cu cuar\u021b, ceea ce asigur\u0103 o precizie ridicat\u0103 \u0219i o \u00eentre\u021binere minim\u0103. Sticla mineral\u0103 Hardlex protejeaz\u0103 \u00eempotriva zg\u00e2rieturilor minore, p\u0103str\u00e2nd aspectul impecabil al ceasului pentru mul\u021bi ani.<\/p>\n<p>Alegerea ideal\u0103 pentru stilul business, evenimente festive sau pur \u0219i simplu ca accesoriu rafinat, care subliniaz\u0103 individualitatea \u0219i \u00eencrederea proprietarului.<\/p>","protected":false},"excerpt":{"rendered":"<p>Modelul \u00eentruchipeaz\u0103 stilul sobru \u0219i gustul impecabil, combin\u00e2nd tradi\u021biile artei ceasorniciei \u0219i calitatea \u00eenalt\u0103 a m\u0103rcii japoneze. Acest ceas este creat pentru cei care apreciaz\u0103 rafinamentul \u0219i precizia \u00een fiecare detaliu. Carcasa \u0219i br\u0103\u021bara sunt realizate din o\u021bel inoxidabil, care nu numai c\u0103 confer\u0103 ceasului un aspect nobil, dar garanteaz\u0103 \u0219i durabilitatea. Cadranul deschis, cu [&hellip;]<\/p>\n","protected":false},"featured_media":60375,"comment_status":"closed","ping_status":"open","template":"","meta":{"_acf_changed":false},"product_brand":[],"product_cat":[20,588],"product_tag":[],"class_list":{"0":"post-60374","1":"product","2":"type-product","3":"status-publish","4":"has-post-thumbnail","6":"product_cat-ceasuri-barbati","7":"product_cat-seiko","8":"pa_brand-seiko","9":"pa_braslet-otel-inoxidabil","10":"pa_corpus-39-mm","11":"pa_forma-rotund","12":"pa_funcii-offset-second-hand","13":"pa_garatia-24-luni","14":"pa_korpus-argintiu","15":"pa_kvarc-quartz","16":"pa_material-otel-inoxidabil","17":"pa_mehanizm-quartz","18":"pa_remeshok-argintiu","19":"pa_steklo-cristal-safir","20":"pa_strana-japonia","21":"pa_voda-5-atm","23":"first","24":"instock","25":"purchasable","26":"product-type-simple"},"acf":[],"_links":{"self":[{"href":"https:\/\/ceasuri.md\/ru\/wp-json\/wp\/v2\/product\/60374","targetHints":{"allow":["GET"]}}],"collection":[{"href":"https:\/\/ceasuri.md\/ru\/wp-json\/wp\/v2\/product"}],"about":[{"href":"https:\/\/ceasuri.md\/ru\/wp-json\/wp\/v2\/types\/product"}],"replies":[{"embeddable":true,"href":"https:\/\/ceasuri.md\/ru\/wp-json\/wp\/v2\/comments?post=60374"}],"wp:featuredmedia":[{"embeddable":true,"href":"https:\/\/ceasuri.md\/ru\/wp-json\/wp\/v2\/media\/60375"}],"wp:attachment":[{"href":"https:\/\/ceasuri.md\/ru\/wp-json\/wp\/v2\/media?parent=60374"}],"wp:term":[{"taxonomy":"product_brand","embeddable":true,"href":"https:\/\/ceasuri.md\/ru\/wp-json\/wp\/v2\/product_brand?post=60374"},{"taxonomy":"product_cat","embeddable":true,"href":"https:\/\/ceasuri.md\/ru\/wp-json\/wp\/v2\/product_cat?post=60374"},{"taxonomy":"product_tag","embeddable":true,"href":"https:\/\/ceasuri.md\/ru\/wp-json\/wp\/v2\/product_tag?post=60374"}],"curies":[{"name":"wp","href":"https:\/\/api.w.org\/{rel}","templated":true}]}}