{"id":60361,"date":"2026-04-03T01:11:50","date_gmt":"2026-04-02T22:11:50","guid":{"rendered":"http:\/\/new.ceasuri.md\/shop\/uncategorized\/seiko-5-sports-srpd61k1\/"},"modified":"2026-04-20T01:53:08","modified_gmt":"2026-04-19T22:53:08","slug":"seiko-5-sports-srpd61k1","status":"publish","type":"product","link":"https:\/\/ceasuri.md\/ru\/shop\/branduri\/seiko\/seiko-5-sports-srpd61k1\/","title":{"rendered":"Ceas SEIKO 5 SPORTS SRPD61K1"},"content":{"rendered":"<p>O combina\u021bie spectaculoas\u0103 \u00eentre calitatea japonez\u0103 legendar\u0103, designul sportiv \u0219i func\u021bionalitatea.<\/p>\n<p>Caracteristica principal\u0103 este cadranul \u0219i luneta de un verde smarald intens, care creeaz\u0103 un aspect elegant \u0219i u\u0219or de recunoscut. Cadranul are marcaje mari cu acoperire luminescent\u0103, care asigur\u0103 o lizibilitate excelent\u0103 \u00een \u00eentuneric. Indicatorii de dat\u0103 \u0219i zi a s\u0103pt\u0103m\u00e2nii adaug\u0103 practicitate \u0219i confort. Rezisten\u021b\u0103 la ap\u0103 p\u00e2n\u0103 la 100 de metri.<\/p>\n<p>Ceasul are o carcas\u0103 din o\u021bel inoxidabil cu diametrul de 42 mm, ceea ce confer\u0103 modelului expresivitate, p\u0103str\u00e2nd \u00een acela\u0219i timp o potrivire confortabil\u0103 pe \u00eencheietura m\u00e2inii. Capul de \u00eenf\u0103\u0219urare este deplasat la ora 4 &#8211; aceasta este o solu\u021bie specific\u0103 Seiko pentru a spori confortul purt\u0103rii.<\/p>\n<p>Mecanismul automat Seiko 4R36 sus\u021bine func\u021biile de \u00eenf\u0103\u0219urare manual\u0103 \u0219i stop-secund\u0103, asigur\u00e2nd o func\u021bionare stabil\u0103 \u0219i precis\u0103. Capacul transparent din spate permite observarea func\u021bion\u0103rii mecanismului.<\/p>\n<p>Acesta nu este doar un ceas, ci o expresie a stilului \u0219i fiabilit\u0103\u021bii \u00een fiecare detaliu.<\/p>","protected":false},"excerpt":{"rendered":"<p>O combina\u021bie spectaculoas\u0103 \u00eentre calitatea japonez\u0103 legendar\u0103, designul sportiv \u0219i func\u021bionalitatea. Caracteristica principal\u0103 este cadranul \u0219i luneta de un verde smarald intens, care creeaz\u0103 un aspect elegant \u0219i u\u0219or de recunoscut. Cadranul are marcaje mari cu acoperire luminescent\u0103, care asigur\u0103 o lizibilitate excelent\u0103 \u00een \u00eentuneric. Indicatorii de dat\u0103 \u0219i zi a s\u0103pt\u0103m\u00e2nii adaug\u0103 practicitate \u0219i [&hellip;]<\/p>\n","protected":false},"featured_media":60362,"comment_status":"closed","ping_status":"open","template":"","meta":{"_acf_changed":false},"product_brand":[],"product_cat":[20,588],"product_tag":[],"class_list":{"0":"post-60361","1":"product","2":"type-product","3":"status-publish","4":"has-post-thumbnail","6":"product_cat-ceasuri-barbati","7":"product_cat-seiko","8":"pa_brand-seiko","9":"pa_braslet-otel-inoxidabil","10":"pa_corpus-42-mm","11":"pa_forma-rotund","12":"pa_funcii-data","13":"pa_funcii-ziua-saptamanii","14":"pa_garatia-24-luni","15":"pa_korpus-argintiu","16":"pa_material-otel-inoxidabil","17":"pa_mehanizm-mecanic","18":"pa_mehanizm-mecanism-automatic","19":"pa_remeshok-argintiu","20":"pa_steklo-hardlex-crystal","21":"pa_strana-japonia","22":"pa_voda-10-atm","24":"first","25":"instock","26":"purchasable","27":"product-type-simple"},"acf":[],"_links":{"self":[{"href":"https:\/\/ceasuri.md\/ru\/wp-json\/wp\/v2\/product\/60361","targetHints":{"allow":["GET"]}}],"collection":[{"href":"https:\/\/ceasuri.md\/ru\/wp-json\/wp\/v2\/product"}],"about":[{"href":"https:\/\/ceasuri.md\/ru\/wp-json\/wp\/v2\/types\/product"}],"replies":[{"embeddable":true,"href":"https:\/\/ceasuri.md\/ru\/wp-json\/wp\/v2\/comments?post=60361"}],"wp:featuredmedia":[{"embeddable":true,"href":"https:\/\/ceasuri.md\/ru\/wp-json\/wp\/v2\/media\/60362"}],"wp:attachment":[{"href":"https:\/\/ceasuri.md\/ru\/wp-json\/wp\/v2\/media?parent=60361"}],"wp:term":[{"taxonomy":"product_brand","embeddable":true,"href":"https:\/\/ceasuri.md\/ru\/wp-json\/wp\/v2\/product_brand?post=60361"},{"taxonomy":"product_cat","embeddable":true,"href":"https:\/\/ceasuri.md\/ru\/wp-json\/wp\/v2\/product_cat?post=60361"},{"taxonomy":"product_tag","embeddable":true,"href":"https:\/\/ceasuri.md\/ru\/wp-json\/wp\/v2\/product_tag?post=60361"}],"curies":[{"name":"wp","href":"https:\/\/api.w.org\/{rel}","templated":true}]}}