{"id":60357,"date":"2026-04-03T01:10:41","date_gmt":"2026-04-02T22:10:41","guid":{"rendered":"http:\/\/new.ceasuri.md\/shop\/uncategorized\/seiko-5-sports-field-series-srpg27k1\/"},"modified":"2026-04-20T01:53:09","modified_gmt":"2026-04-19T22:53:09","slug":"seiko-5-sports-field-series-srpg27k1","status":"publish","type":"product","link":"https:\/\/ceasuri.md\/ru\/shop\/branduri\/seiko\/seiko-5-sports-field-series-srpg27k1\/","title":{"rendered":"\u0427\u0430\u0441\u044b SEIKO 5 SPORTS Field Series SRPG27K1"},"content":{"rendered":"<p>Modelul din legendara colec\u021bie Seiko 5 Sports este alegerea perfect\u0103 pentru cei care caut\u0103 un ceas fiabil \u0219i versatil pentru fiecare zi.<\/p>\n<p>Ceasul are un stil sobru, dar expresiv: cadranul negru contrasteaz\u0103 perfect cu cifrele arabe mari \u0219i albe, asigur\u00e2nd o lizibilitate perfect\u0103. Acoperirea luminoas\u0103 a acelor \u0219i a marcajelor permite citirea orei chiar \u0219i \u00een \u00eentuneric, iar scala suplimentar\u0103 \u00een format de 24 de ore \u0219i fereastra pentru dat\u0103 \u0219i zi a s\u0103pt\u0103m\u00e2nii \u00een pozi\u021bia \u201e3 ore\u201d fac modelul \u0219i mai practic.<\/p>\n<p>Carcasa \u0219i br\u0103\u021bara din o\u021bel inoxidabil garanteaz\u0103 durabilitate \u0219i confort la purtare.<\/p>\n<p>Ceasul este echipat cu un mecanism automat Seiko 4R36 cu posibilitate de \u00eenf\u0103\u0219urare manual\u0103 \u0219i func\u021bie stop-secund\u0103. Capacul transparent din spate permite observarea func\u021bion\u0103rii calibrului.<\/p>\n<p>O combina\u021bie de calitate japonez\u0103, mecanism verificat \u0219i design discret. Un companion de \u00eencredere pentru ritmul activ al vie\u021bii dumneavoastr\u0103.<\/p>","protected":false},"excerpt":{"rendered":"<p>Modelul din legendara colec\u021bie Seiko 5 Sports este alegerea perfect\u0103 pentru cei care caut\u0103 un ceas fiabil \u0219i versatil pentru fiecare zi. Ceasul are un stil sobru, dar expresiv: cadranul negru contrasteaz\u0103 perfect cu cifrele arabe mari \u0219i albe, asigur\u00e2nd o lizibilitate perfect\u0103. Acoperirea luminoas\u0103 a acelor \u0219i a marcajelor permite citirea orei chiar \u0219i [&hellip;]<\/p>\n","protected":false},"featured_media":60358,"comment_status":"closed","ping_status":"open","template":"","meta":{"_acf_changed":false},"product_brand":[],"product_cat":[20,588],"product_tag":[],"class_list":{"0":"post-60357","1":"product","2":"type-product","3":"status-publish","4":"has-post-thumbnail","6":"product_cat-ceasuri-barbati","7":"product_cat-seiko","8":"pa_brand-seiko","9":"pa_braslet-otel-inoxidabil","10":"pa_corpus-39-mm","11":"pa_forma-rotund","12":"pa_funcii-data","13":"pa_funcii-ziua-saptamanii","14":"pa_garatia-24-luni","15":"pa_korpus-argintiu","16":"pa_material-otel-inoxidabil","17":"pa_mehanizm-mecanic","18":"pa_mehanizm-mecanism-automatic","19":"pa_remeshok-argintiu","20":"pa_steklo-hardlex-crystal","21":"pa_strana-japonia","22":"pa_voda-10-atm","24":"first","25":"instock","26":"purchasable","27":"product-type-simple"},"acf":[],"_links":{"self":[{"href":"https:\/\/ceasuri.md\/ru\/wp-json\/wp\/v2\/product\/60357","targetHints":{"allow":["GET"]}}],"collection":[{"href":"https:\/\/ceasuri.md\/ru\/wp-json\/wp\/v2\/product"}],"about":[{"href":"https:\/\/ceasuri.md\/ru\/wp-json\/wp\/v2\/types\/product"}],"replies":[{"embeddable":true,"href":"https:\/\/ceasuri.md\/ru\/wp-json\/wp\/v2\/comments?post=60357"}],"wp:featuredmedia":[{"embeddable":true,"href":"https:\/\/ceasuri.md\/ru\/wp-json\/wp\/v2\/media\/60358"}],"wp:attachment":[{"href":"https:\/\/ceasuri.md\/ru\/wp-json\/wp\/v2\/media?parent=60357"}],"wp:term":[{"taxonomy":"product_brand","embeddable":true,"href":"https:\/\/ceasuri.md\/ru\/wp-json\/wp\/v2\/product_brand?post=60357"},{"taxonomy":"product_cat","embeddable":true,"href":"https:\/\/ceasuri.md\/ru\/wp-json\/wp\/v2\/product_cat?post=60357"},{"taxonomy":"product_tag","embeddable":true,"href":"https:\/\/ceasuri.md\/ru\/wp-json\/wp\/v2\/product_tag?post=60357"}],"curies":[{"name":"wp","href":"https:\/\/api.w.org\/{rel}","templated":true}]}}