{"id":60345,"date":"2025-10-06T14:09:33","date_gmt":"2025-10-06T11:09:33","guid":{"rendered":"http:\/\/new.ceasuri.md\/shop\/uncategorized\/seiko-5-sports-srpk31k1\/"},"modified":"2026-05-01T19:38:50","modified_gmt":"2026-05-01T16:38:50","slug":"seiko-5-sports-srpk31k1","status":"publish","type":"product","link":"https:\/\/ceasuri.md\/ru\/shop\/branduri\/seiko\/seiko-5-sports-srpk31k1\/","title":{"rendered":"\u0427\u0430\u0441\u044b SEIKO 5 SPORTS SRPK31K1"},"content":{"rendered":"<p>O interpretare modern\u0103 a legendarei linii Seiko 5, care combin\u0103 caracterul sportiv, mecanica fiabil\u0103 \u0219i calitatea japonez\u0103 impecabil\u0103.<\/p>\n<p>Carcasa din o\u021bel inoxidabil \u0219i br\u0103\u021bara din acela\u0219i material creeaz\u0103 o senza\u021bie de rezisten\u021b\u0103 \u0219i siguran\u021b\u0103, iar liniile concise subliniaz\u0103 stilul universal al ceasului.<\/p>\n<p>Cadranul bej deschis, cu o nuan\u021b\u0103 mat\u0103 delicat\u0103, contrasteaz\u0103 armonios cu luneta neagr\u0103 \u0219i marcajele mari ale orelor. Acele \u0219i indexurile sunt acoperite cu compozi\u021bia luminescent\u0103 LumiBrite, care asigur\u0103 o lizibilitate excelent\u0103 chiar \u0219i \u00een \u00eentuneric. Fereastra pentru dat\u0103 \u0219i ziua s\u0103pt\u0103m\u00e2nii, situat\u0103 la ora \u201e3\u201d, adaug\u0103 func\u021bionalitate \u0219i confort \u00een utilizarea de zi cu zi.<\/p>\n<p>Precizia \u0219i fluiditatea func\u021bion\u0103rii sunt asigurate de mecanismul automat Seiko calibru 4R36, cu posibilitatea de a fi \u00eenf\u0103\u0219urat manual \u0219i de a opri acul secundar. Acest mecanism testat \u00een timp garanteaz\u0103 o func\u021bionare stabil\u0103.<\/p>\n<p>Sticla mineral\u0103 Hardlex protejeaz\u0103 \u00een mod fiabil cadranul, iar rezisten\u021ba la ap\u0103 de 100 de metri face ceasul rezistent la umiditate \u0219i potrivit pentru un stil de via\u021b\u0103 activ.<\/p>\n<p>Un ceas fiabil \u0219i elegant pentru cei care apreciaz\u0103 calitatea, func\u021bionalitatea \u0219i designul atemporal.<\/p>","protected":false},"excerpt":{"rendered":"<p>O interpretare modern\u0103 a legendarei linii Seiko 5, care combin\u0103 caracterul sportiv, mecanica fiabil\u0103 \u0219i calitatea japonez\u0103 impecabil\u0103. Carcasa din o\u021bel inoxidabil \u0219i br\u0103\u021bara din acela\u0219i material creeaz\u0103 o senza\u021bie de rezisten\u021b\u0103 \u0219i siguran\u021b\u0103, iar liniile concise subliniaz\u0103 stilul universal al ceasului. Cadranul bej deschis, cu o nuan\u021b\u0103 mat\u0103 delicat\u0103, contrasteaz\u0103 armonios cu luneta neagr\u0103 [&hellip;]<\/p>\n","protected":false},"featured_media":60346,"comment_status":"closed","ping_status":"open","template":"","meta":{"_acf_changed":false},"product_brand":[],"product_cat":[20,588],"product_tag":[],"class_list":{"0":"post-60345","1":"product","2":"type-product","3":"status-publish","4":"has-post-thumbnail","6":"product_cat-ceasuri-barbati","7":"product_cat-seiko","8":"pa_brand-seiko","9":"pa_braslet-otel-inoxidabil","10":"pa_corpus-38-mm","11":"pa_forma-rotund","12":"pa_funcii-data","13":"pa_funcii-ziua-saptamanii","14":"pa_garatia-24-luni","15":"pa_korpus-argintiu","16":"pa_material-aluminiu","17":"pa_material-otel-inoxidabil","18":"pa_mehanizm-mecanic","19":"pa_mehanizm-mecanism-automatic","20":"pa_remeshok-argintiu","21":"pa_steklo-hardlex-crystal","22":"pa_strana-japonia","23":"pa_voda-10-atm","25":"first","26":"instock","27":"purchasable","28":"product-type-simple"},"acf":[],"_links":{"self":[{"href":"https:\/\/ceasuri.md\/ru\/wp-json\/wp\/v2\/product\/60345","targetHints":{"allow":["GET"]}}],"collection":[{"href":"https:\/\/ceasuri.md\/ru\/wp-json\/wp\/v2\/product"}],"about":[{"href":"https:\/\/ceasuri.md\/ru\/wp-json\/wp\/v2\/types\/product"}],"replies":[{"embeddable":true,"href":"https:\/\/ceasuri.md\/ru\/wp-json\/wp\/v2\/comments?post=60345"}],"wp:featuredmedia":[{"embeddable":true,"href":"https:\/\/ceasuri.md\/ru\/wp-json\/wp\/v2\/media\/60346"}],"wp:attachment":[{"href":"https:\/\/ceasuri.md\/ru\/wp-json\/wp\/v2\/media?parent=60345"}],"wp:term":[{"taxonomy":"product_brand","embeddable":true,"href":"https:\/\/ceasuri.md\/ru\/wp-json\/wp\/v2\/product_brand?post=60345"},{"taxonomy":"product_cat","embeddable":true,"href":"https:\/\/ceasuri.md\/ru\/wp-json\/wp\/v2\/product_cat?post=60345"},{"taxonomy":"product_tag","embeddable":true,"href":"https:\/\/ceasuri.md\/ru\/wp-json\/wp\/v2\/product_tag?post=60345"}],"curies":[{"name":"wp","href":"https:\/\/api.w.org\/{rel}","templated":true}]}}