{"id":60341,"date":"2025-10-06T14:09:32","date_gmt":"2025-10-06T11:09:32","guid":{"rendered":"http:\/\/new.ceasuri.md\/shop\/uncategorized\/seiko-5-sports-srpk87k1\/"},"modified":"2026-05-01T19:38:49","modified_gmt":"2026-05-01T16:38:49","slug":"seiko-5-sports-srpk87k1","status":"publish","type":"product","link":"https:\/\/ceasuri.md\/ru\/shop\/branduri\/seiko\/seiko-5-sports-srpk87k1\/","title":{"rendered":"\u0427\u0430\u0441\u044b SEIKO 5 SPORTS SRPK87K1"},"content":{"rendered":"<p>O reinterpretare modern\u0103 a ceasurilor mecanice clasice, care combin\u0103 un design concis \u0219i func\u021bionalitate verificat\u0103 de zeci de ani.<\/p>\n<p>Carcasa \u0219i br\u0103\u021bara sunt realizate din o\u021bel inoxidabil rezistent, care asigur\u0103 durabilitate \u0219i rezisten\u021b\u0103 la uzur\u0103.<\/p>\n<p>Accentul principal este cadranul albastru intens, cu un efect elegant satinat. Marcajele contrastante \u0219i acul cu acoperire luminescent\u0103 confer\u0103 ceasului expresivitate \u0219i asigur\u0103 o lizibilitate excelent\u0103 chiar \u0219i \u00een timpul nop\u021bii. La ora \u201e3\u201d se afl\u0103 o fereastr\u0103 dubl\u0103 convenabil\u0103, care indic\u0103 ziua s\u0103pt\u0103m\u00e2nii \u0219i data.<\/p>\n<p>La baza modelului se afl\u0103 calibrul automat Seiko 4R36, care func\u021bioneaz\u0103 pe baza mi\u0219c\u0103rii naturale a m\u00e2inii. Mecanismul este renumit pentru fiabilitate \u0219i precizie, precum \u0219i pentru posibilitatea de \u00eenf\u0103\u0219urare manual\u0103 \u0219i func\u021bia de oprire a acului secundar.<\/p>\n<p>Sticla mineral\u0103 Hardlex protejeaz\u0103 cadranul de zg\u00e2rieturi, iar rezisten\u021ba la ap\u0103 p\u00e2n\u0103 la 100 de metri v\u0103 permite s\u0103 nu v\u0103 face\u021bi griji \u00een cazul contactului accidental cu apa.<\/p>\n<p>Este alegerea ideal\u0103 pentru cei care apreciaz\u0103 calitatea japonez\u0103, fiabilitatea \u0219i designul universal, potrivit pentru orice stil.<\/p>","protected":false},"excerpt":{"rendered":"<p>O reinterpretare modern\u0103 a ceasurilor mecanice clasice, care combin\u0103 un design concis \u0219i func\u021bionalitate verificat\u0103 de zeci de ani. Carcasa \u0219i br\u0103\u021bara sunt realizate din o\u021bel inoxidabil rezistent, care asigur\u0103 durabilitate \u0219i rezisten\u021b\u0103 la uzur\u0103. Accentul principal este cadranul albastru intens, cu un efect elegant satinat. Marcajele contrastante \u0219i acul cu acoperire luminescent\u0103 confer\u0103 ceasului [&hellip;]<\/p>\n","protected":false},"featured_media":60342,"comment_status":"closed","ping_status":"open","template":"","meta":{"_acf_changed":false},"product_brand":[],"product_cat":[20,588],"product_tag":[],"class_list":{"0":"post-60341","1":"product","2":"type-product","3":"status-publish","4":"has-post-thumbnail","6":"product_cat-ceasuri-barbati","7":"product_cat-seiko","8":"pa_brand-seiko","9":"pa_braslet-otel-inoxidabil","10":"pa_corpus-37-mm","11":"pa_forma-rotund","12":"pa_funcii-data","13":"pa_funcii-ziua-saptamanii","14":"pa_garatia-24-luni","15":"pa_korpus-argintiu","16":"pa_material-otel-inoxidabil","17":"pa_mehanizm-mecanic","18":"pa_mehanizm-mecanism-automatic","19":"pa_remeshok-argintiu","20":"pa_steklo-hardlex-crystal","21":"pa_strana-japonia","22":"pa_voda-10-atm","24":"first","25":"instock","26":"purchasable","27":"product-type-simple"},"acf":[],"_links":{"self":[{"href":"https:\/\/ceasuri.md\/ru\/wp-json\/wp\/v2\/product\/60341","targetHints":{"allow":["GET"]}}],"collection":[{"href":"https:\/\/ceasuri.md\/ru\/wp-json\/wp\/v2\/product"}],"about":[{"href":"https:\/\/ceasuri.md\/ru\/wp-json\/wp\/v2\/types\/product"}],"replies":[{"embeddable":true,"href":"https:\/\/ceasuri.md\/ru\/wp-json\/wp\/v2\/comments?post=60341"}],"wp:featuredmedia":[{"embeddable":true,"href":"https:\/\/ceasuri.md\/ru\/wp-json\/wp\/v2\/media\/60342"}],"wp:attachment":[{"href":"https:\/\/ceasuri.md\/ru\/wp-json\/wp\/v2\/media?parent=60341"}],"wp:term":[{"taxonomy":"product_brand","embeddable":true,"href":"https:\/\/ceasuri.md\/ru\/wp-json\/wp\/v2\/product_brand?post=60341"},{"taxonomy":"product_cat","embeddable":true,"href":"https:\/\/ceasuri.md\/ru\/wp-json\/wp\/v2\/product_cat?post=60341"},{"taxonomy":"product_tag","embeddable":true,"href":"https:\/\/ceasuri.md\/ru\/wp-json\/wp\/v2\/product_tag?post=60341"}],"curies":[{"name":"wp","href":"https:\/\/api.w.org\/{rel}","templated":true}]}}