{"id":60336,"date":"2025-10-06T14:09:32","date_gmt":"2025-10-06T11:09:32","guid":{"rendered":"http:\/\/new.ceasuri.md\/shop\/uncategorized\/seiko-5-sports-srpk91k1\/"},"modified":"2026-05-01T19:38:47","modified_gmt":"2026-05-01T16:38:47","slug":"seiko-5-sports-srpk91k1","status":"publish","type":"product","link":"https:\/\/ceasuri.md\/ru\/shop\/branduri\/seiko\/seiko-5-sports-srpk91k1\/","title":{"rendered":"\u0427\u0430\u0441\u044b SEIKO 5 SPORTS SRPK91K1"},"content":{"rendered":"<p>Ceasul reprezint\u0103 echilibrul perfect \u00eentre stilul vintage \u0219i fiabilitatea mecanicii japoneze moderne.<\/p>\n<p>Carcasa din o\u021bel inoxidabil se combin\u0103 cu br\u0103\u021bara din acela\u0219i material, cre\u00e2nd o siluet\u0103 unitar\u0103 \u0219i elegant\u0103, caracteristic\u0103 pentru legendara linie Seiko 5.<\/p>\n<p>Cadranul gri cu efect satinat subliniaz\u0103 farmecul retro al modelului. Indicatoarele \u0219i acul cu acoperire luminescent\u0103 asigur\u0103 o bun\u0103 lizibilitate chiar \u0219i \u00een condi\u021bii de iluminare slab\u0103. La ora \u201e3\u201d se afl\u0103 o fereastr\u0103 dubl\u0103 cu indicarea zilei s\u0103pt\u0103m\u00e2nii \u0219i a datei \u2014 o solu\u021bie practic\u0103 pentru purtarea zilnic\u0103.<\/p>\n<p>Calibrul automat Seiko cu func\u021bie de remontare din mi\u0219carea m\u00e2inii garanteaz\u0103 o precizie stabil\u0103 \u0219i mul\u021bi ani de func\u021bionare impecabil\u0103.<\/p>\n<p>Sticla mineral\u0103 Hardlex protejeaz\u0103 cadranul de zg\u00e2rieturi accidentale, iar rezisten\u021ba la ap\u0103 p\u00e2n\u0103 la 100 de metri face modelul universal pentru orice situa\u021bie &#8211; de la birou la relaxare \u00een natur\u0103.<\/p>\n<p>Ceasuri fiabile, elegante \u0219i func\u021bionale, create pentru cei care apreciaz\u0103 calitatea \u0219i tradi\u021biile legendarului brand japonez.<\/p>","protected":false},"excerpt":{"rendered":"<p>Ceasul reprezint\u0103 echilibrul perfect \u00eentre stilul vintage \u0219i fiabilitatea mecanicii japoneze moderne. Carcasa din o\u021bel inoxidabil se combin\u0103 cu br\u0103\u021bara din acela\u0219i material, cre\u00e2nd o siluet\u0103 unitar\u0103 \u0219i elegant\u0103, caracteristic\u0103 pentru legendara linie Seiko 5. Cadranul gri cu efect satinat subliniaz\u0103 farmecul retro al modelului. Indicatoarele \u0219i acul cu acoperire luminescent\u0103 asigur\u0103 o bun\u0103 lizibilitate [&hellip;]<\/p>\n","protected":false},"featured_media":60337,"comment_status":"closed","ping_status":"open","template":"","meta":{"_acf_changed":false},"product_brand":[],"product_cat":[20,588],"product_tag":[],"class_list":{"0":"post-60336","1":"product","2":"type-product","3":"status-publish","4":"has-post-thumbnail","6":"product_cat-ceasuri-barbati","7":"product_cat-seiko","8":"pa_brand-seiko","9":"pa_braslet-otel-inoxidabil","10":"pa_corpus-37-mm","11":"pa_forma-rotund","12":"pa_funcii-data","13":"pa_funcii-ziua-saptamanii","14":"pa_garatia-24-luni","15":"pa_korpus-argintiu","16":"pa_material-otel-inoxidabil","17":"pa_mehanizm-mecanic","18":"pa_mehanizm-mecanism-automatic","19":"pa_remeshok-argintiu","20":"pa_steklo-hardlex-crystal","21":"pa_strana-japonia","22":"pa_voda-10-atm","24":"first","25":"instock","26":"purchasable","27":"product-type-simple"},"acf":[],"_links":{"self":[{"href":"https:\/\/ceasuri.md\/ru\/wp-json\/wp\/v2\/product\/60336","targetHints":{"allow":["GET"]}}],"collection":[{"href":"https:\/\/ceasuri.md\/ru\/wp-json\/wp\/v2\/product"}],"about":[{"href":"https:\/\/ceasuri.md\/ru\/wp-json\/wp\/v2\/types\/product"}],"replies":[{"embeddable":true,"href":"https:\/\/ceasuri.md\/ru\/wp-json\/wp\/v2\/comments?post=60336"}],"wp:featuredmedia":[{"embeddable":true,"href":"https:\/\/ceasuri.md\/ru\/wp-json\/wp\/v2\/media\/60337"}],"wp:attachment":[{"href":"https:\/\/ceasuri.md\/ru\/wp-json\/wp\/v2\/media?parent=60336"}],"wp:term":[{"taxonomy":"product_brand","embeddable":true,"href":"https:\/\/ceasuri.md\/ru\/wp-json\/wp\/v2\/product_brand?post=60336"},{"taxonomy":"product_cat","embeddable":true,"href":"https:\/\/ceasuri.md\/ru\/wp-json\/wp\/v2\/product_cat?post=60336"},{"taxonomy":"product_tag","embeddable":true,"href":"https:\/\/ceasuri.md\/ru\/wp-json\/wp\/v2\/product_tag?post=60336"}],"curies":[{"name":"wp","href":"https:\/\/api.w.org\/{rel}","templated":true}]}}