{"id":60331,"date":"2026-04-03T01:10:41","date_gmt":"2026-04-02T22:10:41","guid":{"rendered":"http:\/\/new.ceasuri.md\/shop\/uncategorized\/seiko-presage-style60s-srpl09j1\/"},"modified":"2026-04-07T05:07:29","modified_gmt":"2026-04-07T02:07:29","slug":"seiko-presage-style60s-srpl09j1","status":"publish","type":"product","link":"https:\/\/ceasuri.md\/ru\/shop\/branduri\/seiko\/seiko-presage-style60s-srpl09j1\/","title":{"rendered":"Ceas SEIKO PRESAGE Style60&#8217;s SRPL09J1"},"content":{"rendered":"<p>\u00centruchiparea perfect\u0103 a stilului unic al anilor &#8217;60. Culoarea cadranului aminte\u0219te de nuan\u021bele jachetelor de lucru vintage, ad\u0103ug\u00e2nd \u00eencheieturii m\u00e2inii o not\u0103 de \u0219ic retro.<\/p>\n<p>Acest model din colec\u021bia Presage \u00eentruchipeaz\u0103 tradi\u021biile artei ceasorniciei japoneze \u0219i calitatea impecabil\u0103 a execu\u021biei. Carcasa \u0219i br\u0103\u021bara din o\u021bel inoxidabil confer\u0103 ceasului un aspect elegant \u0219i discret, perfect at\u00e2t pentru un costum de afaceri, c\u00e2t \u0219i pentru \u021binuta de zi cu zi.<\/p>\n<p>Cadranul maro cu efect de raze solare subliniaz\u0103 caracterul rafinat al modelului. Indicatoarele metalice \u0219i acul cu acoperire luminescent\u0103 asigur\u0103 o lizibilitate excelent\u0103 \u00een orice condi\u021bii de iluminare. Cadranul are, de asemenea, un indicator compact al datei la ora \u201e4\u201d, care adaug\u0103 un plus de practicitate designului.<\/p>\n<p>Sticla mineral\u0103 c\u0103lit protejeaz\u0103 ceasul de zg\u00e2rieturi, iar rezisten\u021ba la ap\u0103 de 50 de metri \u00eel face rezistent la stropi accidentale \u0219i ploaie.<\/p>\n<p>Seiko Presage este o combina\u021bie de precizie, fiabilitate \u0219i elegan\u021b\u0103 atemporal\u0103, creat\u0103 pentru cei care apreciaz\u0103 calitatea \u0219i stilul japonez.<\/p>","protected":false},"excerpt":{"rendered":"<p>\u00centruchiparea perfect\u0103 a stilului unic al anilor &#8217;60. Culoarea cadranului aminte\u0219te de nuan\u021bele jachetelor de lucru vintage, ad\u0103ug\u00e2nd \u00eencheieturii m\u00e2inii o not\u0103 de \u0219ic retro. Acest model din colec\u021bia Presage \u00eentruchipeaz\u0103 tradi\u021biile artei ceasorniciei japoneze \u0219i calitatea impecabil\u0103 a execu\u021biei. Carcasa \u0219i br\u0103\u021bara din o\u021bel inoxidabil confer\u0103 ceasului un aspect elegant \u0219i discret, perfect at\u00e2t [&hellip;]<\/p>\n","protected":false},"featured_media":60332,"comment_status":"closed","ping_status":"open","template":"","meta":{"_acf_changed":false},"product_brand":[],"product_cat":[20,588],"product_tag":[],"class_list":{"0":"post-60331","1":"product","2":"type-product","3":"status-publish","4":"has-post-thumbnail","6":"product_cat-ceasuri-barbati","7":"product_cat-seiko","8":"pa_brand-seiko","9":"pa_braslet-otel-inoxidabil","10":"pa_corpus-40-mm","11":"pa_forma-rotund","12":"pa_funcii-data","13":"pa_garatia-24-luni","14":"pa_korpus-argintiu","15":"pa_material-otel-inoxidabil","16":"pa_mehanizm-mecanic","17":"pa_mehanizm-mecanism-automatic","18":"pa_remeshok-argintiu","19":"pa_steklo-hardlex-crystal","20":"pa_strana-japonia","21":"pa_voda-5-atm","23":"first","24":"outofstock","25":"purchasable","26":"product-type-simple"},"acf":[],"_links":{"self":[{"href":"https:\/\/ceasuri.md\/ru\/wp-json\/wp\/v2\/product\/60331","targetHints":{"allow":["GET"]}}],"collection":[{"href":"https:\/\/ceasuri.md\/ru\/wp-json\/wp\/v2\/product"}],"about":[{"href":"https:\/\/ceasuri.md\/ru\/wp-json\/wp\/v2\/types\/product"}],"replies":[{"embeddable":true,"href":"https:\/\/ceasuri.md\/ru\/wp-json\/wp\/v2\/comments?post=60331"}],"wp:featuredmedia":[{"embeddable":true,"href":"https:\/\/ceasuri.md\/ru\/wp-json\/wp\/v2\/media\/60332"}],"wp:attachment":[{"href":"https:\/\/ceasuri.md\/ru\/wp-json\/wp\/v2\/media?parent=60331"}],"wp:term":[{"taxonomy":"product_brand","embeddable":true,"href":"https:\/\/ceasuri.md\/ru\/wp-json\/wp\/v2\/product_brand?post=60331"},{"taxonomy":"product_cat","embeddable":true,"href":"https:\/\/ceasuri.md\/ru\/wp-json\/wp\/v2\/product_cat?post=60331"},{"taxonomy":"product_tag","embeddable":true,"href":"https:\/\/ceasuri.md\/ru\/wp-json\/wp\/v2\/product_tag?post=60331"}],"curies":[{"name":"wp","href":"https:\/\/api.w.org\/{rel}","templated":true}]}}