{"id":60325,"date":"2026-04-03T01:10:41","date_gmt":"2026-04-02T22:10:41","guid":{"rendered":"http:\/\/new.ceasuri.md\/shop\/uncategorized\/seiko-prospex-sea-srpl51k1\/"},"modified":"2026-04-20T01:53:11","modified_gmt":"2026-04-19T22:53:11","slug":"seiko-prospex-sea-srpl51k1","status":"publish","type":"product","link":"https:\/\/ceasuri.md\/ru\/shop\/branduri\/seiko\/seiko-prospex-sea-srpl51k1\/","title":{"rendered":"\u0427\u0430\u0441\u044b SEIKO PROSPEX Sea SRPL51K1"},"content":{"rendered":"<p>Modelul din populara gam\u0103 de ceasuri pentru scafandri Prospex este o combina\u021bie armonioas\u0103 \u00eentre designul sportiv, func\u021bionalitate \u0219i precizia japonez\u0103. Aceste ceasuri sunt create pentru cei care apreciaz\u0103 rezisten\u021ba, practicitatea \u0219i stilul modern.<\/p>\n<p>Cadranul de un albastru intens contrasteaz\u0103 perfect cu indicatoarele \u0219i indexurile masive, acoperite cu compozi\u021bia luminescent\u0103 LumiBrite pentru o vizibilitate excelent\u0103 \u00een \u00eentuneric \u0219i sub ap\u0103.<\/p>\n<p>Bezelul rotativ larg permite urm\u0103rirea precis\u0103 a timpului de scufundare, iar coroana \u00een\u0219urubat\u0103 garanteaz\u0103 etan\u0219eitatea.<\/p>\n<p>Carcasa cu diametrul de 42 mm este fabricat\u0103 din o\u021bel inoxidabil, iar rezisten\u021ba la ap\u0103 p\u00e2n\u0103 la 200 de metri corespunde standardului profesional ISO 6425.<\/p>\n<p>Mecanismul 4R35 cu auto-\u00eenc\u0103rcare asigur\u0103 o func\u021bionare stabil\u0103, cu o rezerv\u0103 de mar\u0219 de p\u00e2n\u0103 la 41 de ore.<\/p>\n<p>Br\u0103\u021bar\u0103 din o\u021bel inoxidabil cu \u00eenchiz\u0103toare sigur\u0103 \u0219i dispozitiv de siguran\u021b\u0103.<\/p>","protected":false},"excerpt":{"rendered":"<p>Modelul din populara gam\u0103 de ceasuri pentru scafandri Prospex este o combina\u021bie armonioas\u0103 \u00eentre designul sportiv, func\u021bionalitate \u0219i precizia japonez\u0103. Aceste ceasuri sunt create pentru cei care apreciaz\u0103 rezisten\u021ba, practicitatea \u0219i stilul modern. Cadranul de un albastru intens contrasteaz\u0103 perfect cu indicatoarele \u0219i indexurile masive, acoperite cu compozi\u021bia luminescent\u0103 LumiBrite pentru o vizibilitate excelent\u0103 \u00een [&hellip;]<\/p>\n","protected":false},"featured_media":60326,"comment_status":"closed","ping_status":"open","template":"","meta":{"_acf_changed":false},"product_brand":[],"product_cat":[20,588],"product_tag":[],"class_list":{"0":"post-60325","1":"product","2":"type-product","3":"status-publish","4":"has-post-thumbnail","6":"product_cat-ceasuri-barbati","7":"product_cat-seiko","8":"pa_brand-seiko","9":"pa_braslet-otel-inoxidabil","10":"pa_corpus-42-mm","11":"pa_forma-rotund","12":"pa_funcii-data","13":"pa_garatia-24-luni","14":"pa_korpus-argintiu","15":"pa_material-otel-inoxidabil","16":"pa_mehanizm-mecanic","17":"pa_mehanizm-mecanism-automatic","18":"pa_remeshok-argintiu","19":"pa_steklo-hardlex-crystal","20":"pa_strana-japonia","21":"pa_voda-20-atm","23":"first","24":"instock","25":"purchasable","26":"product-type-simple"},"acf":[],"_links":{"self":[{"href":"https:\/\/ceasuri.md\/ru\/wp-json\/wp\/v2\/product\/60325","targetHints":{"allow":["GET"]}}],"collection":[{"href":"https:\/\/ceasuri.md\/ru\/wp-json\/wp\/v2\/product"}],"about":[{"href":"https:\/\/ceasuri.md\/ru\/wp-json\/wp\/v2\/types\/product"}],"replies":[{"embeddable":true,"href":"https:\/\/ceasuri.md\/ru\/wp-json\/wp\/v2\/comments?post=60325"}],"wp:featuredmedia":[{"embeddable":true,"href":"https:\/\/ceasuri.md\/ru\/wp-json\/wp\/v2\/media\/60326"}],"wp:attachment":[{"href":"https:\/\/ceasuri.md\/ru\/wp-json\/wp\/v2\/media?parent=60325"}],"wp:term":[{"taxonomy":"product_brand","embeddable":true,"href":"https:\/\/ceasuri.md\/ru\/wp-json\/wp\/v2\/product_brand?post=60325"},{"taxonomy":"product_cat","embeddable":true,"href":"https:\/\/ceasuri.md\/ru\/wp-json\/wp\/v2\/product_cat?post=60325"},{"taxonomy":"product_tag","embeddable":true,"href":"https:\/\/ceasuri.md\/ru\/wp-json\/wp\/v2\/product_tag?post=60325"}],"curies":[{"name":"wp","href":"https:\/\/api.w.org\/{rel}","templated":true}]}}