{"id":60318,"date":"2025-10-06T14:09:31","date_gmt":"2025-10-06T11:09:31","guid":{"rendered":"http:\/\/new.ceasuri.md\/shop\/uncategorized\/seiko-prospex-sea-padi-se-srpl53k1\/"},"modified":"2026-05-01T19:38:44","modified_gmt":"2026-05-01T16:38:44","slug":"seiko-prospex-sea-padi-se-srpl53k1","status":"publish","type":"product","link":"https:\/\/ceasuri.md\/ru\/shop\/branduri\/seiko\/seiko-prospex-sea-padi-se-srpl53k1\/","title":{"rendered":"\u0427\u0430\u0441\u044b SEIKO PROSPEX Sea Padi SE SRPL53K1"},"content":{"rendered":"<p>Ceasuri profesionale pentru scufund\u0103ri, cu personalitate.<\/p>\n<p>Descoper\u0103 ad\u00e2ncurile oceanului \u00eempreun\u0103 cu Seiko, create \u00een colaborare cu organiza\u021bia interna\u021bional\u0103 de scufund\u0103ri PADI (Professional Association of Diving Instructors). Aceste ceasuri combin\u0103 precizia japonez\u0103, fiabilitatea \u0219i stilul sportiv, potrivite at\u00e2t pentru aventuri subacvatice, c\u00e2t \u0219i pentru uzul zilnic.<\/p>\n<p>Carcasa impresionant\u0103 din o\u021bel inoxidabil, cu lunet\u0103 verde intens \u0219i cadran gradat, protejat de sticl\u0103 Hardlex, creeaz\u0103 un aspect spectaculos. Acele \u0219i marcajele masive, cu acoperire luminescent\u0103 LumiBrite, asigur\u0103 o lizibilitate excelent\u0103 chiar \u0219i \u00een cele mai \u00eentunecate condi\u021bii.<\/p>\n<p>Capul de \u00eenf\u0103\u0219urare \u0219i capacul din spate garantat rezisten\u021ba la ap\u0103 p\u00e2n\u0103 la 200 de metri \u2014 ceasul este conform standardului ISO pentru modelele de scufundare.<\/p>\n<p>Ceasul este echipat cu un mecanism automat 4R35, cunoscut pentru precizia \u0219i fiabilitatea sa, cu posibilitatea de \u00eenf\u0103\u0219urare manual\u0103 \u0219i func\u021bie stop-secund\u0103.<\/p>\n<p>SEIKO PROSPEX Sea Padi \u2013 un partener de \u00eencredere la ad\u00e2ncime \u0219i un accent stilat \u00een via\u021ba de zi cu zi.<\/p>","protected":false},"excerpt":{"rendered":"<p>Ceasuri profesionale pentru scufund\u0103ri, cu personalitate. Descoper\u0103 ad\u00e2ncurile oceanului \u00eempreun\u0103 cu Seiko, create \u00een colaborare cu organiza\u021bia interna\u021bional\u0103 de scufund\u0103ri PADI (Professional Association of Diving Instructors). Aceste ceasuri combin\u0103 precizia japonez\u0103, fiabilitatea \u0219i stilul sportiv, potrivite at\u00e2t pentru aventuri subacvatice, c\u00e2t \u0219i pentru uzul zilnic. Carcasa impresionant\u0103 din o\u021bel inoxidabil, cu lunet\u0103 verde intens \u0219i [&hellip;]<\/p>\n","protected":false},"featured_media":60319,"comment_status":"closed","ping_status":"open","template":"","meta":{"_acf_changed":false},"product_brand":[],"product_cat":[20,588],"product_tag":[],"class_list":{"0":"post-60318","1":"product","2":"type-product","3":"status-publish","4":"has-post-thumbnail","6":"product_cat-ceasuri-barbati","7":"product_cat-seiko","8":"pa_brand-seiko","9":"pa_braslet-otel-inoxidabil","10":"pa_corpus-42-mm","11":"pa_forma-rotund","12":"pa_funcii-data","13":"pa_funcii-special-edition","14":"pa_garatia-24-luni","15":"pa_korpus-argintiu","16":"pa_material-otel-inoxidabil","17":"pa_mehanizm-mecanic","18":"pa_mehanizm-mecanism-automatic","19":"pa_remeshok-argintiu","20":"pa_steklo-hardlex-crystal","21":"pa_strana-japonia","22":"pa_voda-20-atm","24":"first","25":"instock","26":"purchasable","27":"product-type-simple"},"acf":[],"_links":{"self":[{"href":"https:\/\/ceasuri.md\/ru\/wp-json\/wp\/v2\/product\/60318","targetHints":{"allow":["GET"]}}],"collection":[{"href":"https:\/\/ceasuri.md\/ru\/wp-json\/wp\/v2\/product"}],"about":[{"href":"https:\/\/ceasuri.md\/ru\/wp-json\/wp\/v2\/types\/product"}],"replies":[{"embeddable":true,"href":"https:\/\/ceasuri.md\/ru\/wp-json\/wp\/v2\/comments?post=60318"}],"wp:featuredmedia":[{"embeddable":true,"href":"https:\/\/ceasuri.md\/ru\/wp-json\/wp\/v2\/media\/60319"}],"wp:attachment":[{"href":"https:\/\/ceasuri.md\/ru\/wp-json\/wp\/v2\/media?parent=60318"}],"wp:term":[{"taxonomy":"product_brand","embeddable":true,"href":"https:\/\/ceasuri.md\/ru\/wp-json\/wp\/v2\/product_brand?post=60318"},{"taxonomy":"product_cat","embeddable":true,"href":"https:\/\/ceasuri.md\/ru\/wp-json\/wp\/v2\/product_cat?post=60318"},{"taxonomy":"product_tag","embeddable":true,"href":"https:\/\/ceasuri.md\/ru\/wp-json\/wp\/v2\/product_tag?post=60318"}],"curies":[{"name":"wp","href":"https:\/\/api.w.org\/{rel}","templated":true}]}}